{"id":3003,"date":"2023-11-16T11:01:33","date_gmt":"2023-11-16T10:01:33","guid":{"rendered":"https:\/\/frauenberatungsstelle-leverkusen.de\/languages\/?page_id=3003"},"modified":"2024-11-06T13:12:15","modified_gmt":"2024-11-06T12:12:15","slug":"beratung-von-frauen-in-der-frauenberatungsstelle-leverkusen","status":"publish","type":"page","link":"https:\/\/frauenberatungsstelle-leverkusen.de\/languages\/beratung-von-frauen-in-der-frauenberatungsstelle-leverkusen\/","title":{"rendered":"Beratung von Frauen in der Frauenberatungsstelle Leverkusen e.V. \/ Interventionsstelle bei h\u00e4uslicher Gewalt"},"content":{"rendered":"<p><div class=\"fusion-fullwidth fullwidth-box fusion-builder-row-1 fusion-flex-container has-pattern-background has-mask-background avs-h1-header nonhundred-percent-fullwidth non-hundred-percent-height-scrolling\" style=\"--awb-border-radius-top-left:0px;--awb-border-radius-top-right:0px;--awb-border-radius-bottom-right:0px;--awb-border-radius-bottom-left:0px;--awb-flex-wrap:wrap;\" ><div class=\"fusion-builder-row fusion-row fusion-flex-align-items-center fusion-flex-content-wrap\" style=\"max-width:1216.8px;margin-left: calc(-4% \/ 2 );margin-right: calc(-4% \/ 2 );\"><div class=\"fusion-layout-column fusion_builder_column fusion-builder-column-0 fusion_builder_column_1_5 1_5 fusion-flex-column fusion-animated\" style=\"--awb-bg-size:cover;--awb-width-large:20%;--awb-margin-top-large:0px;--awb-spacing-right-large:9.6%;--awb-margin-bottom-large:0px;--awb-spacing-left-large:9.6%;--awb-width-medium:100%;--awb-order-medium:0;--awb-spacing-right-medium:1.92%;--awb-spacing-left-medium:1.92%;--awb-width-small:100%;--awb-order-small:0;--awb-spacing-right-small:1.92%;--awb-spacing-left-small:1.92%;\" data-animationType=\"fadeInLeft\" data-animationDuration=\"1.0\" data-animationOffset=\"top-into-view\" data-scroll-devices=\"small-visibility,medium-visibility,large-visibility\"><div class=\"fusion-column-wrapper fusion-column-has-shadow fusion-flex-justify-content-flex-start fusion-content-layout-column\"><div class=\"fusion-image-element md-text-align-center sm-text-align-center\" style=\"text-align:left;--awb-max-width:200px;--awb-caption-title-font-family:var(--h2_typography-font-family);--awb-caption-title-font-weight:var(--h2_typography-font-weight);--awb-caption-title-font-style:var(--h2_typography-font-style);--awb-caption-title-size:var(--h2_typography-font-size);--awb-caption-title-transform:var(--h2_typography-text-transform);--awb-caption-title-line-height:var(--h2_typography-line-height);--awb-caption-title-letter-spacing:var(--h2_typography-letter-spacing);\"><span class=\" fusion-imageframe imageframe-none imageframe-1 hover-type-none\"><img decoding=\"async\" width=\"500\" height=\"500\" alt=\"Beratung in der Frauenberatungsstelle Leverkusen\" title=\"Beratung in der Frauenberatungsstelle Leverkusen\" src=\"https:\/\/frauenberatungsstelle-leverkusen.de\/languages\/wp-content\/uploads\/icon-angebot-beratung-in-der-frauenberatungsstelle.png\" class=\"img-responsive wp-image-3389\" srcset=\"https:\/\/frauenberatungsstelle-leverkusen.de\/languages\/wp-content\/uploads\/icon-angebot-beratung-in-der-frauenberatungsstelle-200x200.png 200w, https:\/\/frauenberatungsstelle-leverkusen.de\/languages\/wp-content\/uploads\/icon-angebot-beratung-in-der-frauenberatungsstelle-400x400.png 400w, https:\/\/frauenberatungsstelle-leverkusen.de\/languages\/wp-content\/uploads\/icon-angebot-beratung-in-der-frauenberatungsstelle.png 500w\" sizes=\"(max-width: 1024px) 100vw, (max-width: 640px) 100vw, 200px\" \/><\/span><\/div><\/div><\/div><div class=\"fusion-layout-column fusion_builder_column fusion-builder-column-1 fusion_builder_column_4_5 4_5 fusion-flex-column fusion-animated\" style=\"--awb-bg-size:cover;--awb-width-large:80%;--awb-margin-top-large:0px;--awb-spacing-right-large:2.4%;--awb-margin-bottom-large:0px;--awb-spacing-left-large:2.4%;--awb-width-medium:100%;--awb-order-medium:0;--awb-spacing-right-medium:1.92%;--awb-spacing-left-medium:1.92%;--awb-width-small:100%;--awb-order-small:0;--awb-spacing-right-small:1.92%;--awb-spacing-left-small:1.92%;\" data-animationType=\"fadeInLeft\" data-animationDuration=\"1.0\" data-animationOffset=\"top-into-view\" data-scroll-devices=\"small-visibility,medium-visibility,large-visibility\"><div class=\"fusion-column-wrapper fusion-column-has-shadow fusion-flex-justify-content-flex-start fusion-content-layout-column\"><div class=\"fusion-text fusion-text-1 md-text-align-center sm-text-align-center\"><h1>Beratung<br \/>\nin der Frauenberatungsstelle Leverkusen e.V.<\/h1>\n<\/div><\/div><\/div><\/div><\/div><div class=\"fusion-fullwidth fullwidth-box fusion-builder-row-2 fusion-flex-container has-pattern-background has-mask-background nonhundred-percent-fullwidth non-hundred-percent-height-scrolling\" style=\"--awb-border-radius-top-left:0px;--awb-border-radius-top-right:0px;--awb-border-radius-bottom-right:0px;--awb-border-radius-bottom-left:0px;--awb-margin-top:50px;--awb-flex-wrap:wrap;\" ><div class=\"fusion-builder-row fusion-row fusion-flex-align-items-flex-start fusion-flex-content-wrap\" style=\"max-width:1216.8px;margin-left: calc(-4% \/ 2 );margin-right: calc(-4% \/ 2 );\"><div class=\"fusion-layout-column fusion_builder_column fusion-builder-column-2 fusion_builder_column_1_1 1_1 fusion-flex-column fusion-animated\" style=\"--awb-bg-size:cover;--awb-width-large:100%;--awb-margin-top-large:0px;--awb-spacing-right-large:1.92%;--awb-margin-bottom-large:0px;--awb-spacing-left-large:1.92%;--awb-width-medium:100%;--awb-order-medium:0;--awb-spacing-right-medium:1.92%;--awb-spacing-left-medium:1.92%;--awb-width-small:100%;--awb-order-small:0;--awb-spacing-right-small:1.92%;--awb-spacing-left-small:1.92%;\" data-animationType=\"fadeInDown\" data-animationDuration=\"1.0\" data-animationOffset=\"top-into-view\" data-scroll-devices=\"small-visibility,medium-visibility,large-visibility\"><div class=\"fusion-column-wrapper fusion-column-has-shadow fusion-flex-justify-content-flex-start fusion-content-layout-column\"><div class=\"fusion-text fusion-text-2\"><h2>Sie k\u00f6nnen sich an uns wenden, wenn:<\/h2>\n<ul>\n<li>Sie in irgendeiner Form <strong>h\u00e4usliche Gewalt<\/strong> erfahren haben und sich vor erneuter h\u00e4uslicher Gewalt sch\u00fctzen m\u00f6chten<\/li>\n<li>Sie sich in einer <strong>Krisensituation <\/strong>befinden und\/oder vor einer schwierigen Entscheidung stehen<\/li>\n<li>Sie in einer <strong>Trennungs- und\/oder Scheidungssituation<\/strong> Unterst\u00fctzung ben\u00f6tigen<\/li>\n<li>Sie <strong>berufliche Probleme<\/strong> haben<\/li>\n<li>Sie neue Pl\u00e4ne und Perspektiven entwickeln m\u00f6chten<\/li>\n<li>Sie sich <strong>Kontakt zu Frauen in \u00e4hnlichen Lebenssituationen<\/strong> w\u00fcnschen<\/li>\n<li>Sie sich \u00fcber <strong>frauenspezifische Themen<\/strong> informieren m\u00f6chten<\/li>\n<\/ul>\n<\/div><\/div><\/div><div class=\"fusion-layout-column fusion_builder_column fusion-builder-column-3 fusion_builder_column_1_1 1_1 fusion-flex-column fusion-animated\" style=\"--awb-bg-size:cover;--awb-width-large:100%;--awb-margin-top-large:4em;--awb-spacing-right-large:1.92%;--awb-margin-bottom-large:0px;--awb-spacing-left-large:1.92%;--awb-width-medium:100%;--awb-order-medium:0;--awb-spacing-right-medium:1.92%;--awb-spacing-left-medium:1.92%;--awb-width-small:100%;--awb-order-small:0;--awb-spacing-right-small:1.92%;--awb-spacing-left-small:1.92%;\" data-animationType=\"fadeInDown\" data-animationDuration=\"1.0\" data-animationOffset=\"top-into-view\" data-scroll-devices=\"small-visibility,medium-visibility,large-visibility\"><div class=\"fusion-column-wrapper fusion-column-has-shadow fusion-flex-justify-content-flex-start fusion-content-layout-column\"><div class=\"fusion-text fusion-text-3\"><h2>Unsere Angebote sind:<\/h2>\n<ul>\n<li>Beratung bei h\u00e4uslicher Gewalt<\/li>\n<li>telefonische und pers\u00f6nliche Beratungen<\/li>\n<li>einmalige Beratungen und Beratungsreihen<\/li>\n<li>angeleitete Gespr\u00e4chsgruppe f\u00fcr Frauen in Krisensituationen<\/li>\n<li>Informationsabende zu rechtlichen Aspekten von Trennung und Scheidung mit Fachreferentinnen<\/li>\n<li>weitere Informationsveranstaltungen und Schulungen zu unterschiedlichen Themen mit Fachreferentinnen<\/li>\n<\/ul>\n<\/div><\/div><\/div><div class=\"fusion-layout-column fusion_builder_column fusion-builder-column-4 fusion_builder_column_1_1 1_1 fusion-flex-column fusion-animated\" style=\"--awb-bg-size:cover;--awb-width-large:100%;--awb-margin-top-large:4em;--awb-spacing-right-large:1.92%;--awb-margin-bottom-large:0px;--awb-spacing-left-large:1.92%;--awb-width-medium:100%;--awb-order-medium:0;--awb-spacing-right-medium:1.92%;--awb-spacing-left-medium:1.92%;--awb-width-small:100%;--awb-order-small:0;--awb-spacing-right-small:1.92%;--awb-spacing-left-small:1.92%;\" data-animationType=\"fadeInDown\" data-animationDuration=\"1.0\" data-animationOffset=\"top-into-view\" data-scroll-devices=\"small-visibility,medium-visibility,large-visibility\"><div class=\"fusion-column-wrapper fusion-column-has-shadow fusion-flex-justify-content-flex-start fusion-content-layout-column\"><div class=\"fusion-text fusion-text-4\"><h2>Unsere Beratung ist:<\/h2>\n<ul>\n<li>auf Wunsch anonym<\/li>\n<li>vertraulich<\/li>\n<li>freiwillig<\/li>\n<li>kompetent<\/li>\n<li>I\u00f6sungs- und ressourcenorientiert<\/li>\n<li>kostenfrei<\/li>\n<\/ul>\n<\/div><\/div><\/div><div class=\"fusion-layout-column fusion_builder_column fusion-builder-column-5 fusion_builder_column_1_1 1_1 fusion-flex-column fusion-animated\" style=\"--awb-bg-size:cover;--awb-width-large:100%;--awb-margin-top-large:4em;--awb-spacing-right-large:1.92%;--awb-margin-bottom-large:0px;--awb-spacing-left-large:1.92%;--awb-width-medium:100%;--awb-order-medium:0;--awb-spacing-right-medium:1.92%;--awb-spacing-left-medium:1.92%;--awb-width-small:100%;--awb-order-small:0;--awb-spacing-right-small:1.92%;--awb-spacing-left-small:1.92%;\" data-animationType=\"fadeInDown\" data-animationDuration=\"1.0\" data-animationOffset=\"top-into-view\" data-scroll-devices=\"small-visibility,medium-visibility,large-visibility\"><div class=\"fusion-column-wrapper fusion-column-has-shadow fusion-flex-justify-content-flex-start fusion-content-layout-column\"><div class=\"fusion-text fusion-text-5\"><h2>Beratungstermine<\/h2>\n<h3>Einzelberatung <strong>ohne <\/strong>Terminvereinbarung<\/h3>\n<p>Sie erreichen uns <strong>ohne<\/strong> Terminabsprache pers\u00f6nlich und telefonisch zu den &#8222;Offenen Beratungszeiten&#8220;:<\/p>\n<p>Dienstag:\u00a0 15.00 &#8211; 17.00 Uhr<\/p>\n<p>Mittwoch: \u00a0 08.00 &#8211; 10.00 Uhr<\/p>\n<p>Donnerstag: 10.00 &#8211; 12.00 Uhr<\/p>\n<p>Zu diesen Zeiten sind wir auch f\u00fcr eine <strong>kurze<\/strong> pers\u00f6nliche oder telefonische Beratung erreichbar.<\/p>\n<\/div><div class=\"fusion-text fusion-text-6\"><h3>Einzelberatung <strong>mit <\/strong>Terminvereinbarung<\/h3>\n<p>In einem <strong>individuellen Termin <\/strong>beraten wir Sie von Montag bis Freitag nach vorheriger Terminabsprache.<\/p>\n<p>F\u00fcr eine Erstberatung steht eine Zeitstunde zur Verf\u00fcgung. Bei weiterem Bedarf k\u00f6nnen wir auch Folgetermine (in der Regel max. 10 Termine) vereinbaren. Unsere Beratung ersetzt keine Therapie, kann jedoch manchmal eine \u00dcbergangsl\u00f6sung darstellen, wenn Sie z.B. auf einen Therapieplatz warten.<\/p>\n<\/div><\/div><\/div><div class=\"fusion-layout-column fusion_builder_column fusion-builder-column-6 fusion_builder_column_1_1 1_1 fusion-flex-column fusion-animated\" style=\"--awb-bg-size:cover;--awb-width-large:100%;--awb-margin-top-large:4em;--awb-spacing-right-large:1.92%;--awb-margin-bottom-large:0px;--awb-spacing-left-large:1.92%;--awb-width-medium:100%;--awb-order-medium:0;--awb-spacing-right-medium:1.92%;--awb-spacing-left-medium:1.92%;--awb-width-small:100%;--awb-order-small:0;--awb-spacing-right-small:1.92%;--awb-spacing-left-small:1.92%;\" data-animationType=\"fadeInDown\" data-animationDuration=\"1.0\" data-animationOffset=\"top-into-view\" data-scroll-devices=\"small-visibility,medium-visibility,large-visibility\"><div class=\"fusion-column-wrapper fusion-column-has-shadow fusion-flex-justify-content-flex-start fusion-content-layout-column\"><div class=\"fusion-text fusion-text-7\"><h2>Unsere Beratung beinhaltet:<\/h2>\n<ul>\n<li>psychosoziale Beratung<\/li>\n<li>Informationen \u00fcber rechtliche M\u00f6glichkeiten bei h\u00e4uslicher Gewalt und\/oder Trennung und Scheidung<\/li>\n<li>Vermittlung und Kooperation mit anderen Beratungsstellen, Frauenh\u00e4usern, Polizei, Therapeut*innen, \u00c4rzt*innen, Kliniken, Selbsthilfegruppen und Rechtsanw\u00e4lt*innen<\/li>\n<\/ul>\n<\/div><\/div><\/div><\/div><\/div><\/p>\n","protected":false},"excerpt":{"rendered":"","protected":false},"author":6,"featured_media":0,"parent":0,"menu_order":2,"comment_status":"closed","ping_status":"closed","template":"100-width.php","meta":{"footnotes":""},"class_list":["post-3003","page","type-page","status-publish","hentry"],"yoast_head":"<!-- This site is optimized with the Yoast SEO plugin v27.2 - https:\/\/yoast.com\/product\/yoast-seo-wordpress\/ -->\n<title>Beratung von Frauen in der Frauenberatungsstelle Leverkusen e.V.<\/title>\n<meta name=\"description\" content=\"Beratung von Frauen in der Frauenberatungsstelle Leverkusen e.V.\" \/>\n<meta name=\"robots\" content=\"noindex, follow\" \/>\n<meta property=\"og:locale\" content=\"de_DE\" \/>\n<meta property=\"og:type\" content=\"article\" \/>\n<meta property=\"og:title\" content=\"Beratung von Frauen in der Frauenberatungsstelle Leverkusen e.V.\" \/>\n<meta property=\"og:description\" content=\"Beratung von Frauen in der Frauenberatungsstelle Leverkusen e.V.\" \/>\n<meta property=\"og:url\" content=\"https:\/\/frauenberatungsstelle-leverkusen.de\/languages\/beratung-von-frauen-in-der-frauenberatungsstelle-leverkusen\/\" \/>\n<meta property=\"og:site_name\" content=\"Frauenberatungsstelle Leverkusen e.V.\" \/>\n<meta property=\"article:modified_time\" content=\"2024-11-06T12:12:15+00:00\" \/>\n<meta name=\"twitter:card\" content=\"summary_large_image\" \/>\n<meta name=\"twitter:label1\" content=\"Gesch\u00e4tzte Lesezeit\" \/>\n\t<meta name=\"twitter:data1\" content=\"2\u00a0Minuten\" \/>\n<script type=\"application\/ld+json\" class=\"yoast-schema-graph\">{\"@context\":\"https:\/\/schema.org\",\"@graph\":[{\"@type\":\"WebPage\",\"@id\":\"https:\/\/frauenberatungsstelle-leverkusen.de\/languages\/beratung-von-frauen-in-der-frauenberatungsstelle-leverkusen\/\",\"url\":\"https:\/\/frauenberatungsstelle-leverkusen.de\/languages\/beratung-von-frauen-in-der-frauenberatungsstelle-leverkusen\/\",\"name\":\"Beratung von Frauen in der Frauenberatungsstelle Leverkusen e.V.\",\"isPartOf\":{\"@id\":\"https:\/\/frauenberatungsstelle-leverkusen.de\/languages\/#website\"},\"datePublished\":\"2023-11-16T10:01:33+00:00\",\"dateModified\":\"2024-11-06T12:12:15+00:00\",\"description\":\"Beratung von Frauen in der Frauenberatungsstelle Leverkusen e.V.\",\"breadcrumb\":{\"@id\":\"https:\/\/frauenberatungsstelle-leverkusen.de\/languages\/beratung-von-frauen-in-der-frauenberatungsstelle-leverkusen\/#breadcrumb\"},\"inLanguage\":\"de\",\"potentialAction\":[{\"@type\":\"ReadAction\",\"target\":[\"https:\/\/frauenberatungsstelle-leverkusen.de\/languages\/beratung-von-frauen-in-der-frauenberatungsstelle-leverkusen\/\"]}]},{\"@type\":\"BreadcrumbList\",\"@id\":\"https:\/\/frauenberatungsstelle-leverkusen.de\/languages\/beratung-von-frauen-in-der-frauenberatungsstelle-leverkusen\/#breadcrumb\",\"itemListElement\":[{\"@type\":\"ListItem\",\"position\":1,\"name\":\"Home\",\"item\":\"https:\/\/frauenberatungsstelle-leverkusen.de\/languages\/\"},{\"@type\":\"ListItem\",\"position\":2,\"name\":\"Beratung von Frauen in der Frauenberatungsstelle Leverkusen e.V. \/ Interventionsstelle bei h\u00e4uslicher Gewalt\"}]},{\"@type\":\"WebSite\",\"@id\":\"https:\/\/frauenberatungsstelle-leverkusen.de\/languages\/#website\",\"url\":\"https:\/\/frauenberatungsstelle-leverkusen.de\/languages\/\",\"name\":\"Frauenberatungsstelle Leverkusen e.V.\",\"description\":\"\",\"potentialAction\":[{\"@type\":\"SearchAction\",\"target\":{\"@type\":\"EntryPoint\",\"urlTemplate\":\"https:\/\/frauenberatungsstelle-leverkusen.de\/languages\/?s={search_term_string}\"},\"query-input\":{\"@type\":\"PropertyValueSpecification\",\"valueRequired\":true,\"valueName\":\"search_term_string\"}}],\"inLanguage\":\"de\"}]}<\/script>\n<!-- \/ Yoast SEO plugin. -->","yoast_head_json":{"title":"Beratung von Frauen in der Frauenberatungsstelle Leverkusen e.V.","description":"Beratung von Frauen in der Frauenberatungsstelle Leverkusen e.V.","robots":{"index":"noindex","follow":"follow"},"og_locale":"de_DE","og_type":"article","og_title":"Beratung von Frauen in der Frauenberatungsstelle Leverkusen e.V.","og_description":"Beratung von Frauen in der Frauenberatungsstelle Leverkusen e.V.","og_url":"https:\/\/frauenberatungsstelle-leverkusen.de\/languages\/beratung-von-frauen-in-der-frauenberatungsstelle-leverkusen\/","og_site_name":"Frauenberatungsstelle Leverkusen e.V.","article_modified_time":"2024-11-06T12:12:15+00:00","twitter_card":"summary_large_image","twitter_misc":{"Gesch\u00e4tzte Lesezeit":"2\u00a0Minuten"},"schema":{"@context":"https:\/\/schema.org","@graph":[{"@type":"WebPage","@id":"https:\/\/frauenberatungsstelle-leverkusen.de\/languages\/beratung-von-frauen-in-der-frauenberatungsstelle-leverkusen\/","url":"https:\/\/frauenberatungsstelle-leverkusen.de\/languages\/beratung-von-frauen-in-der-frauenberatungsstelle-leverkusen\/","name":"Beratung von Frauen in der Frauenberatungsstelle Leverkusen e.V.","isPartOf":{"@id":"https:\/\/frauenberatungsstelle-leverkusen.de\/languages\/#website"},"datePublished":"2023-11-16T10:01:33+00:00","dateModified":"2024-11-06T12:12:15+00:00","description":"Beratung von Frauen in der Frauenberatungsstelle Leverkusen e.V.","breadcrumb":{"@id":"https:\/\/frauenberatungsstelle-leverkusen.de\/languages\/beratung-von-frauen-in-der-frauenberatungsstelle-leverkusen\/#breadcrumb"},"inLanguage":"de","potentialAction":[{"@type":"ReadAction","target":["https:\/\/frauenberatungsstelle-leverkusen.de\/languages\/beratung-von-frauen-in-der-frauenberatungsstelle-leverkusen\/"]}]},{"@type":"BreadcrumbList","@id":"https:\/\/frauenberatungsstelle-leverkusen.de\/languages\/beratung-von-frauen-in-der-frauenberatungsstelle-leverkusen\/#breadcrumb","itemListElement":[{"@type":"ListItem","position":1,"name":"Home","item":"https:\/\/frauenberatungsstelle-leverkusen.de\/languages\/"},{"@type":"ListItem","position":2,"name":"Beratung von Frauen in der Frauenberatungsstelle Leverkusen e.V. \/ Interventionsstelle bei h\u00e4uslicher Gewalt"}]},{"@type":"WebSite","@id":"https:\/\/frauenberatungsstelle-leverkusen.de\/languages\/#website","url":"https:\/\/frauenberatungsstelle-leverkusen.de\/languages\/","name":"Frauenberatungsstelle Leverkusen e.V.","description":"","potentialAction":[{"@type":"SearchAction","target":{"@type":"EntryPoint","urlTemplate":"https:\/\/frauenberatungsstelle-leverkusen.de\/languages\/?s={search_term_string}"},"query-input":{"@type":"PropertyValueSpecification","valueRequired":true,"valueName":"search_term_string"}}],"inLanguage":"de"}]}},"_links":{"self":[{"href":"https:\/\/frauenberatungsstelle-leverkusen.de\/languages\/wp-json\/wp\/v2\/pages\/3003","targetHints":{"allow":["GET"]}}],"collection":[{"href":"https:\/\/frauenberatungsstelle-leverkusen.de\/languages\/wp-json\/wp\/v2\/pages"}],"about":[{"href":"https:\/\/frauenberatungsstelle-leverkusen.de\/languages\/wp-json\/wp\/v2\/types\/page"}],"author":[{"embeddable":true,"href":"https:\/\/frauenberatungsstelle-leverkusen.de\/languages\/wp-json\/wp\/v2\/users\/6"}],"replies":[{"embeddable":true,"href":"https:\/\/frauenberatungsstelle-leverkusen.de\/languages\/wp-json\/wp\/v2\/comments?post=3003"}],"version-history":[{"count":0,"href":"https:\/\/frauenberatungsstelle-leverkusen.de\/languages\/wp-json\/wp\/v2\/pages\/3003\/revisions"}],"wp:attachment":[{"href":"https:\/\/frauenberatungsstelle-leverkusen.de\/languages\/wp-json\/wp\/v2\/media?parent=3003"}],"curies":[{"name":"wp","href":"https:\/\/api.w.org\/{rel}","templated":true}]}}