{"id":2716,"date":"2023-05-05T10:41:55","date_gmt":"2023-05-05T08:41:55","guid":{"rendered":"https:\/\/frauenberatungsstelle-leverkusen.de\/languages\/?page_id=2716"},"modified":"2024-12-12T13:52:35","modified_gmt":"2024-12-12T12:52:35","slug":"notfallkontakte","status":"publish","type":"page","link":"https:\/\/frauenberatungsstelle-leverkusen.de\/languages\/notfallkontakte\/","title":{"rendered":"H\u00e4usliche Gewalt &#8211; Notfallkontakte"},"content":{"rendered":"<p><div class=\"fusion-fullwidth fullwidth-box fusion-builder-row-1 fusion-flex-container has-pattern-background has-mask-background avs-h1-header nonhundred-percent-fullwidth non-hundred-percent-height-scrolling\" style=\"--awb-border-radius-top-left:0px;--awb-border-radius-top-right:0px;--awb-border-radius-bottom-right:0px;--awb-border-radius-bottom-left:0px;--awb-flex-wrap:wrap;\" ><div class=\"fusion-builder-row fusion-row fusion-flex-align-items-center fusion-flex-content-wrap\" style=\"max-width:1216.8px;margin-left: calc(-4% \/ 2 );margin-right: calc(-4% \/ 2 );\"><div class=\"fusion-layout-column fusion_builder_column fusion-builder-column-0 fusion_builder_column_1_5 1_5 fusion-flex-column fusion-animated\" style=\"--awb-bg-size:cover;--awb-width-large:20%;--awb-margin-top-large:0px;--awb-spacing-right-large:9.6%;--awb-margin-bottom-large:0px;--awb-spacing-left-large:9.6%;--awb-width-medium:100%;--awb-order-medium:0;--awb-spacing-right-medium:1.92%;--awb-spacing-left-medium:1.92%;--awb-width-small:100%;--awb-order-small:0;--awb-spacing-right-small:1.92%;--awb-spacing-left-small:1.92%;\" data-animationType=\"fadeInLeft\" data-animationDuration=\"1.0\" data-animationOffset=\"top-into-view\" data-scroll-devices=\"small-visibility,medium-visibility,large-visibility\"><div class=\"fusion-column-wrapper fusion-column-has-shadow fusion-flex-justify-content-flex-start fusion-content-layout-column\"><div class=\"fusion-image-element md-text-align-center sm-text-align-center\" style=\"text-align:left;--awb-max-width:200px;--awb-caption-title-font-family:var(--h2_typography-font-family);--awb-caption-title-font-weight:var(--h2_typography-font-weight);--awb-caption-title-font-style:var(--h2_typography-font-style);--awb-caption-title-size:var(--h2_typography-font-size);--awb-caption-title-transform:var(--h2_typography-text-transform);--awb-caption-title-line-height:var(--h2_typography-line-height);--awb-caption-title-letter-spacing:var(--h2_typography-letter-spacing);\"><span class=\" fusion-imageframe imageframe-none imageframe-1 hover-type-none\"><img decoding=\"async\" width=\"500\" height=\"500\" alt=\"Notfallkontakte - Frauenberatungsstelle Leverkusen\" title=\"Notfallkontakte &#8211; Frauenberatungsstelle Leverkusen\" src=\"https:\/\/frauenberatungsstelle-leverkusen.de\/languages\/wp-content\/uploads\/icon-gewalt-notfallkontakte.png\" class=\"img-responsive wp-image-3394\" srcset=\"https:\/\/frauenberatungsstelle-leverkusen.de\/languages\/wp-content\/uploads\/icon-gewalt-notfallkontakte-200x200.png 200w, https:\/\/frauenberatungsstelle-leverkusen.de\/languages\/wp-content\/uploads\/icon-gewalt-notfallkontakte-400x400.png 400w, https:\/\/frauenberatungsstelle-leverkusen.de\/languages\/wp-content\/uploads\/icon-gewalt-notfallkontakte.png 500w\" sizes=\"(max-width: 1024px) 100vw, (max-width: 640px) 100vw, 200px\" \/><\/span><\/div><\/div><\/div><div class=\"fusion-layout-column fusion_builder_column fusion-builder-column-1 fusion_builder_column_4_5 4_5 fusion-flex-column fusion-animated\" style=\"--awb-bg-size:cover;--awb-width-large:80%;--awb-margin-top-large:0px;--awb-spacing-right-large:2.4%;--awb-margin-bottom-large:0px;--awb-spacing-left-large:2.4%;--awb-width-medium:100%;--awb-order-medium:0;--awb-spacing-right-medium:1.92%;--awb-spacing-left-medium:1.92%;--awb-width-small:100%;--awb-order-small:0;--awb-spacing-right-small:1.92%;--awb-spacing-left-small:1.92%;\" data-animationType=\"fadeInLeft\" data-animationDuration=\"1.0\" data-animationOffset=\"top-into-view\" data-scroll-devices=\"small-visibility,medium-visibility,large-visibility\"><div class=\"fusion-column-wrapper fusion-column-has-shadow fusion-flex-justify-content-flex-start fusion-content-layout-column\"><div class=\"fusion-text fusion-text-1 md-text-align-center sm-text-align-center\"><h1>Notfallkontakte<\/h1>\n<\/div><\/div><\/div><\/div><\/div><div class=\"fusion-fullwidth fullwidth-box fusion-builder-row-2 nonhundred-percent-fullwidth non-hundred-percent-height-scrolling fusion-animated\" style=\"--awb-border-radius-top-left:0px;--awb-border-radius-top-right:0px;--awb-border-radius-bottom-right:0px;--awb-border-radius-bottom-left:0px;--awb-margin-top:50px;--awb-flex-wrap:wrap;\" data-animationType=\"fadeIn\" data-animationDuration=\"3.5\" data-animationOffset=\"top-into-view\" ><div class=\"fusion-builder-row fusion-row\"><div class=\"fusion-layout-column fusion_builder_column fusion-builder-column-2 fusion_builder_column_1_1 1_1 fusion-one-full fusion-column-first fusion-column-last\" style=\"--awb-bg-blend:overlay;--awb-bg-size:cover;\"><div class=\"fusion-column-wrapper fusion-flex-column-wrapper-legacy\"><div class=\"fusion-text fusion-text-2\"><h2>Was tun bei akuter h\u00e4uslicher Gewalt?<\/h2>\n<h4>Die Polizei hilft bei h\u00e4uslicher Gewalt.<\/h4>\n<ul>\n<li>Rufen Sie die Polizei: <strong><a href=\"tel:0049 110\">110<\/a><\/strong><\/li>\n<li>Bringen Sie sich in Sicherheit.<\/li>\n<li>Der Polizeieinsatz wird dokumentiert.<\/li>\n<li>Der T\u00e4ter kann f\u00fcr zehn Tage der Wohnung verwiesen werden.<\/li>\n<li>Sie haben Anspruch auf unsere Beratung. Wenn Sie einverstanden sind, teilt uns die Polizei Ihre Kontaktdaten mit.<\/li>\n<\/ul>\n<\/div><div class=\"fusion-text fusion-text-3\" style=\"--awb-margin-top:3em;\"><h4>Im <strong>Notfall<\/strong> helfen Ihnen zus\u00e4tzlich:<\/h4>\n<ul>\n<li><strong>Hilfetelefon Gewalt gegen Frauen<br \/>\n<\/strong><strong><a href=\"tel:08000-116 016\">08000-116 016<\/a><br \/>\n<\/strong>Telefonische Beratung auf T\u00fcrkisch, Russisch, Franz\u00f6sisch, Englisch, Spanisch, Portugiesisch, Italienisch, Polnisch, Serbokroatisch, Chinesisch, Bulgarisch, Rum\u00e4nisch, Arabisch, Persisch und Vietnamesisch m\u00f6glich sowie eine Beratung f\u00fcr H\u00f6rgesch\u00e4digte<\/li>\n<li><strong>Frauenhaus Leverkusen<\/strong><br \/>\nFrauen helfen Frauen e. V.<br \/>\n<strong><a href=\"tel:0214-49408 016\">0214-49408<\/a><\/strong><\/li>\n<li><strong>AG Autonome Frauenh\u00e4user in NRW<\/strong><br \/>\n<a href=\"http:\/\/www.frauen-info-netz.de\" target=\"_blank\" rel=\"noopener\"><strong>www.frauen-info-netz.de<\/strong><\/a><\/li>\n<\/ul>\n<\/div><div class=\"fusion-clearfix\"><\/div><\/div><\/div><\/div><\/div><\/p>\n","protected":false},"excerpt":{"rendered":"","protected":false},"author":6,"featured_media":0,"parent":0,"menu_order":3,"comment_status":"closed","ping_status":"closed","template":"","meta":{"footnotes":""},"class_list":["post-2716","page","type-page","status-publish","hentry"],"yoast_head":"<!-- This site is optimized with the Yoast SEO plugin v27.2 - https:\/\/yoast.com\/product\/yoast-seo-wordpress\/ -->\n<title>Notfallkontakte bei H\u00e4usliche Gewalt<\/title>\n<meta name=\"description\" content=\"Notfallkontakte bei H\u00e4usliche Gewalt. Wir stellen Unterst\u00fctzungsm\u00f6glichkeiten f\u00fcr betroffene Frauen vor.\" \/>\n<meta name=\"robots\" content=\"noindex, follow\" \/>\n<meta property=\"og:locale\" content=\"de_DE\" \/>\n<meta property=\"og:type\" content=\"article\" \/>\n<meta property=\"og:title\" content=\"Notfallkontakte bei H\u00e4usliche Gewalt\" \/>\n<meta property=\"og:description\" content=\"Notfallkontakte bei H\u00e4usliche Gewalt. Wir stellen Unterst\u00fctzungsm\u00f6glichkeiten f\u00fcr betroffene Frauen vor.\" \/>\n<meta property=\"og:url\" content=\"https:\/\/frauenberatungsstelle-leverkusen.de\/languages\/notfallkontakte\/\" \/>\n<meta property=\"og:site_name\" content=\"Frauenberatungsstelle Leverkusen e.V.\" \/>\n<meta property=\"article:modified_time\" content=\"2024-12-12T12:52:35+00:00\" \/>\n<meta name=\"twitter:card\" content=\"summary_large_image\" \/>\n<meta name=\"twitter:label1\" content=\"Gesch\u00e4tzte Lesezeit\" \/>\n\t<meta name=\"twitter:data1\" content=\"1\u00a0Minute\" \/>\n<script type=\"application\/ld+json\" class=\"yoast-schema-graph\">{\"@context\":\"https:\/\/schema.org\",\"@graph\":[{\"@type\":\"WebPage\",\"@id\":\"https:\/\/frauenberatungsstelle-leverkusen.de\/languages\/notfallkontakte\/\",\"url\":\"https:\/\/frauenberatungsstelle-leverkusen.de\/languages\/notfallkontakte\/\",\"name\":\"Notfallkontakte bei H\u00e4usliche Gewalt\",\"isPartOf\":{\"@id\":\"https:\/\/frauenberatungsstelle-leverkusen.de\/languages\/#website\"},\"datePublished\":\"2023-05-05T08:41:55+00:00\",\"dateModified\":\"2024-12-12T12:52:35+00:00\",\"description\":\"Notfallkontakte bei H\u00e4usliche Gewalt. Wir stellen Unterst\u00fctzungsm\u00f6glichkeiten f\u00fcr betroffene Frauen vor.\",\"breadcrumb\":{\"@id\":\"https:\/\/frauenberatungsstelle-leverkusen.de\/languages\/notfallkontakte\/#breadcrumb\"},\"inLanguage\":\"de\",\"potentialAction\":[{\"@type\":\"ReadAction\",\"target\":[\"https:\/\/frauenberatungsstelle-leverkusen.de\/languages\/notfallkontakte\/\"]}]},{\"@type\":\"BreadcrumbList\",\"@id\":\"https:\/\/frauenberatungsstelle-leverkusen.de\/languages\/notfallkontakte\/#breadcrumb\",\"itemListElement\":[{\"@type\":\"ListItem\",\"position\":1,\"name\":\"Home\",\"item\":\"https:\/\/frauenberatungsstelle-leverkusen.de\/languages\/\"},{\"@type\":\"ListItem\",\"position\":2,\"name\":\"H\u00e4usliche Gewalt &#8211; Notfallkontakte\"}]},{\"@type\":\"WebSite\",\"@id\":\"https:\/\/frauenberatungsstelle-leverkusen.de\/languages\/#website\",\"url\":\"https:\/\/frauenberatungsstelle-leverkusen.de\/languages\/\",\"name\":\"Frauenberatungsstelle Leverkusen e.V.\",\"description\":\"\",\"potentialAction\":[{\"@type\":\"SearchAction\",\"target\":{\"@type\":\"EntryPoint\",\"urlTemplate\":\"https:\/\/frauenberatungsstelle-leverkusen.de\/languages\/?s={search_term_string}\"},\"query-input\":{\"@type\":\"PropertyValueSpecification\",\"valueRequired\":true,\"valueName\":\"search_term_string\"}}],\"inLanguage\":\"de\"}]}<\/script>\n<!-- \/ Yoast SEO plugin. -->","yoast_head_json":{"title":"Notfallkontakte bei H\u00e4usliche Gewalt","description":"Notfallkontakte bei H\u00e4usliche Gewalt. Wir stellen Unterst\u00fctzungsm\u00f6glichkeiten f\u00fcr betroffene Frauen vor.","robots":{"index":"noindex","follow":"follow"},"og_locale":"de_DE","og_type":"article","og_title":"Notfallkontakte bei H\u00e4usliche Gewalt","og_description":"Notfallkontakte bei H\u00e4usliche Gewalt. Wir stellen Unterst\u00fctzungsm\u00f6glichkeiten f\u00fcr betroffene Frauen vor.","og_url":"https:\/\/frauenberatungsstelle-leverkusen.de\/languages\/notfallkontakte\/","og_site_name":"Frauenberatungsstelle Leverkusen e.V.","article_modified_time":"2024-12-12T12:52:35+00:00","twitter_card":"summary_large_image","twitter_misc":{"Gesch\u00e4tzte Lesezeit":"1\u00a0Minute"},"schema":{"@context":"https:\/\/schema.org","@graph":[{"@type":"WebPage","@id":"https:\/\/frauenberatungsstelle-leverkusen.de\/languages\/notfallkontakte\/","url":"https:\/\/frauenberatungsstelle-leverkusen.de\/languages\/notfallkontakte\/","name":"Notfallkontakte bei H\u00e4usliche Gewalt","isPartOf":{"@id":"https:\/\/frauenberatungsstelle-leverkusen.de\/languages\/#website"},"datePublished":"2023-05-05T08:41:55+00:00","dateModified":"2024-12-12T12:52:35+00:00","description":"Notfallkontakte bei H\u00e4usliche Gewalt. Wir stellen Unterst\u00fctzungsm\u00f6glichkeiten f\u00fcr betroffene Frauen vor.","breadcrumb":{"@id":"https:\/\/frauenberatungsstelle-leverkusen.de\/languages\/notfallkontakte\/#breadcrumb"},"inLanguage":"de","potentialAction":[{"@type":"ReadAction","target":["https:\/\/frauenberatungsstelle-leverkusen.de\/languages\/notfallkontakte\/"]}]},{"@type":"BreadcrumbList","@id":"https:\/\/frauenberatungsstelle-leverkusen.de\/languages\/notfallkontakte\/#breadcrumb","itemListElement":[{"@type":"ListItem","position":1,"name":"Home","item":"https:\/\/frauenberatungsstelle-leverkusen.de\/languages\/"},{"@type":"ListItem","position":2,"name":"H\u00e4usliche Gewalt &#8211; Notfallkontakte"}]},{"@type":"WebSite","@id":"https:\/\/frauenberatungsstelle-leverkusen.de\/languages\/#website","url":"https:\/\/frauenberatungsstelle-leverkusen.de\/languages\/","name":"Frauenberatungsstelle Leverkusen e.V.","description":"","potentialAction":[{"@type":"SearchAction","target":{"@type":"EntryPoint","urlTemplate":"https:\/\/frauenberatungsstelle-leverkusen.de\/languages\/?s={search_term_string}"},"query-input":{"@type":"PropertyValueSpecification","valueRequired":true,"valueName":"search_term_string"}}],"inLanguage":"de"}]}},"_links":{"self":[{"href":"https:\/\/frauenberatungsstelle-leverkusen.de\/languages\/wp-json\/wp\/v2\/pages\/2716","targetHints":{"allow":["GET"]}}],"collection":[{"href":"https:\/\/frauenberatungsstelle-leverkusen.de\/languages\/wp-json\/wp\/v2\/pages"}],"about":[{"href":"https:\/\/frauenberatungsstelle-leverkusen.de\/languages\/wp-json\/wp\/v2\/types\/page"}],"author":[{"embeddable":true,"href":"https:\/\/frauenberatungsstelle-leverkusen.de\/languages\/wp-json\/wp\/v2\/users\/6"}],"replies":[{"embeddable":true,"href":"https:\/\/frauenberatungsstelle-leverkusen.de\/languages\/wp-json\/wp\/v2\/comments?post=2716"}],"version-history":[{"count":0,"href":"https:\/\/frauenberatungsstelle-leverkusen.de\/languages\/wp-json\/wp\/v2\/pages\/2716\/revisions"}],"wp:attachment":[{"href":"https:\/\/frauenberatungsstelle-leverkusen.de\/languages\/wp-json\/wp\/v2\/media?parent=2716"}],"curies":[{"name":"wp","href":"https:\/\/api.w.org\/{rel}","templated":true}]}}