{"id":5318,"date":"2023-05-05T10:41:55","date_gmt":"2023-05-05T08:41:55","guid":{"rendered":"https:\/\/frauenberatungsstelle-leverkusen.de\/languages\/notfallkontakte\/"},"modified":"2024-12-12T13:53:46","modified_gmt":"2024-12-12T12:53:46","slug":"acil-durum-kisileri","status":"publish","type":"page","link":"https:\/\/frauenberatungsstelle-leverkusen.de\/languages\/tr\/acil-durum-kisileri\/","title":{"rendered":"H\u00e4usliche Gewalt &#8211; Notfallkontakte"},"content":{"rendered":"<p><div class=\"fusion-fullwidth fullwidth-box fusion-builder-row-1 fusion-flex-container has-pattern-background has-mask-background avs-h1-header nonhundred-percent-fullwidth non-hundred-percent-height-scrolling\" style=\"--awb-border-radius-top-left:0px;--awb-border-radius-top-right:0px;--awb-border-radius-bottom-right:0px;--awb-border-radius-bottom-left:0px;--awb-flex-wrap:wrap;\" ><div class=\"fusion-builder-row fusion-row fusion-flex-align-items-center fusion-flex-content-wrap\" style=\"max-width:1216.8px;margin-left: calc(-4% \/ 2 );margin-right: calc(-4% \/ 2 );\"><div class=\"fusion-layout-column fusion_builder_column fusion-builder-column-0 fusion_builder_column_1_5 1_5 fusion-flex-column fusion-animated\" style=\"--awb-bg-size:cover;--awb-width-large:20%;--awb-margin-top-large:0px;--awb-spacing-right-large:9.6%;--awb-margin-bottom-large:0px;--awb-spacing-left-large:9.6%;--awb-width-medium:100%;--awb-order-medium:0;--awb-spacing-right-medium:1.92%;--awb-spacing-left-medium:1.92%;--awb-width-small:100%;--awb-order-small:0;--awb-spacing-right-small:1.92%;--awb-spacing-left-small:1.92%;\" data-animationType=\"fadeInLeft\" data-animationDuration=\"1.0\" data-animationOffset=\"top-into-view\" data-scroll-devices=\"small-visibility,medium-visibility,large-visibility\"><div class=\"fusion-column-wrapper fusion-column-has-shadow fusion-flex-justify-content-flex-start fusion-content-layout-column\"><div class=\"fusion-image-element md-text-align-center sm-text-align-center\" style=\"text-align:left;--awb-max-width:200px;--awb-caption-title-font-family:var(--h2_typography-font-family);--awb-caption-title-font-weight:var(--h2_typography-font-weight);--awb-caption-title-font-style:var(--h2_typography-font-style);--awb-caption-title-size:var(--h2_typography-font-size);--awb-caption-title-transform:var(--h2_typography-text-transform);--awb-caption-title-line-height:var(--h2_typography-line-height);--awb-caption-title-letter-spacing:var(--h2_typography-letter-spacing);\"><span class=\" fusion-imageframe imageframe-none imageframe-1 hover-type-none\"><img decoding=\"async\" width=\"500\" height=\"500\" title=\"Notfallkontakte &#8211; Frauenberatungsstelle Leverkusen\" src=\"https:\/\/frauenberatungsstelle-leverkusen.de\/languages\/wp-content\/uploads\/icon-gewalt-notfallkontakte.png\" alt class=\"img-responsive wp-image-4998\" srcset=\"https:\/\/frauenberatungsstelle-leverkusen.de\/languages\/wp-content\/uploads\/icon-gewalt-notfallkontakte-200x200.png 200w, https:\/\/frauenberatungsstelle-leverkusen.de\/languages\/wp-content\/uploads\/icon-gewalt-notfallkontakte-400x400.png 400w, https:\/\/frauenberatungsstelle-leverkusen.de\/languages\/wp-content\/uploads\/icon-gewalt-notfallkontakte.png 500w\" sizes=\"(max-width: 1024px) 100vw, (max-width: 640px) 100vw, 200px\" \/><\/span><\/div><\/div><\/div><div class=\"fusion-layout-column fusion_builder_column fusion-builder-column-1 fusion_builder_column_4_5 4_5 fusion-flex-column fusion-animated\" style=\"--awb-bg-size:cover;--awb-width-large:80%;--awb-margin-top-large:0px;--awb-spacing-right-large:2.4%;--awb-margin-bottom-large:0px;--awb-spacing-left-large:2.4%;--awb-width-medium:100%;--awb-order-medium:0;--awb-spacing-right-medium:1.92%;--awb-spacing-left-medium:1.92%;--awb-width-small:100%;--awb-order-small:0;--awb-spacing-right-small:1.92%;--awb-spacing-left-small:1.92%;\" data-animationType=\"fadeInLeft\" data-animationDuration=\"1.0\" data-animationOffset=\"top-into-view\" data-scroll-devices=\"small-visibility,medium-visibility,large-visibility\"><div class=\"fusion-column-wrapper fusion-column-has-shadow fusion-flex-justify-content-flex-start fusion-content-layout-column\"><div class=\"fusion-text fusion-text-1 md-text-align-center sm-text-align-center\"><h1>Acil durum ki\u015fileri<\/h1>\n<\/div><\/div><\/div><\/div><\/div><div class=\"fusion-fullwidth fullwidth-box fusion-builder-row-2 nonhundred-percent-fullwidth non-hundred-percent-height-scrolling fusion-animated\" style=\"--awb-border-radius-top-left:0px;--awb-border-radius-top-right:0px;--awb-border-radius-bottom-right:0px;--awb-border-radius-bottom-left:0px;--awb-margin-top:50px;--awb-flex-wrap:wrap;\" data-animationType=\"fadeIn\" data-animationDuration=\"3.5\" data-animationOffset=\"top-into-view\" ><div class=\"fusion-builder-row fusion-row\"><div class=\"fusion-layout-column fusion_builder_column fusion-builder-column-2 fusion_builder_column_1_1 1_1 fusion-one-full fusion-column-first fusion-column-last\" style=\"--awb-bg-blend:overlay;--awb-bg-size:cover;\"><div class=\"fusion-column-wrapper fusion-flex-column-wrapper-legacy\"><div class=\"fusion-text fusion-text-2\"><h2>Akut aile i\u00e7i \u015fiddet vakalar\u0131nda ne yapmal\u0131?<\/h2>\n<h4>Aile i\u00e7i \u015fiddette polis m\u00fcdahale eder.<\/h4>\n<ul>\n<li>Polisi aray\u0131n: <strong><a href=\"tel:0049 110\">110<\/a><\/strong><\/li>\n<li>G\u00fcvenli bir yere gidin.<\/li>\n<li>Polis operasyonu belgelenecektir.<\/li>\n<li>Fail on g\u00fcn s\u00fcreyle evden uzakla\u015ft\u0131r\u0131labilir.<\/li>\n<li>Dan\u0131\u015fmanl\u0131k hizmeti alma hakk\u0131n\u0131z var. Kabul ederseniz, polis bize ileti\u015fim bilgilerinizi verecektir.<\/li>\n<\/ul>\n<\/div><div class=\"fusion-text fusion-text-3\" style=\"--awb-margin-top:3em;\"><h4><strong>Acil durumlarda<\/strong> di\u011fer yard\u0131m hizmetleri:<\/h4>\n<ul>\n<li><strong>Kad\u0131na kar\u015f\u0131 \u015fiddette acil yard\u0131m hatt\u0131<br \/>\n<\/strong><strong><a href=\"tel:08000-116 016\">08000-116 016<\/a><br \/>\n<\/strong>T\u00fcrk\u00e7e, Rus\u00e7a, Frans\u0131zca, \u0130ngilizce, \u0130spanyolca, Portekizce, \u0130talyanca, Leh\u00e7e, S\u0131rp-H\u0131rvat\u00e7a, \u00c7ince, Bulgarca, Romence, Arap\u00e7a, Fars\u00e7a ve Vietnamca dillerinde telefon dan\u0131\u015fmanl\u0131\u011f\u0131n\u0131n yan\u0131 s\u0131ra i\u015fitme engelliler i\u00e7in dan\u0131\u015fmanl\u0131k hizmeti<\/li>\n<li><strong>Leverkusen Kad\u0131n S\u0131\u011f\u0131nma Evi (Frauenhaus Leverkusen)<\/strong><br \/>\nKad\u0131nlar kad\u0131nlara yard\u0131m ediyor e. V. (Frauen helfen Frauen e. V.)<br \/>\n<strong><a href=\"tel:0214-49408 016\">0214-49408<\/a><\/strong><\/li>\n<li><strong>AG Kuzey Ren-Vestfalya&#8217;daki \u00f6zerk kad\u0131n s\u0131\u011f\u0131nma evleri (AG Autonome Frauenh\u00e4user in NRW)<\/strong><br \/>\n<a href=\"http:\/\/www.frauen-info-netz.de\" target=\"_blank\" rel=\"noopener\"><strong>www.frauen-info-netz.de<\/strong><\/a><\/li>\n<\/ul>\n<\/div><div class=\"fusion-clearfix\"><\/div><\/div><\/div><\/div><\/div><\/p>\n","protected":false},"excerpt":{"rendered":"","protected":false},"author":6,"featured_media":0,"parent":0,"menu_order":3,"comment_status":"closed","ping_status":"closed","template":"","meta":{"footnotes":""},"class_list":["post-5318","page","type-page","status-publish","hentry"],"yoast_head":"<!-- This site is optimized with the Yoast SEO plugin v27.2 - https:\/\/yoast.com\/product\/yoast-seo-wordpress\/ -->\n<title>Acil durumda ileti\u015fime ge\u00e7ilecek ki\u015filer<\/title>\n<meta name=\"description\" content=\"Aile i\u00e7i \u015fiddet i\u00e7in acil ileti\u015fime ge\u00e7ilecek ki\u015filer. Etkilenen kad\u0131nlara y\u00f6nelik destek se\u00e7enekleri sunuyoruz.\" \/>\n<meta name=\"robots\" content=\"noindex, follow\" \/>\n<meta property=\"og:locale\" content=\"tr_TR\" \/>\n<meta property=\"og:type\" content=\"article\" \/>\n<meta property=\"og:title\" content=\"Acil durumda ileti\u015fime ge\u00e7ilecek ki\u015filer\" \/>\n<meta property=\"og:description\" content=\"Aile i\u00e7i \u015fiddet i\u00e7in acil ileti\u015fime ge\u00e7ilecek ki\u015filer. Etkilenen kad\u0131nlara y\u00f6nelik destek se\u00e7enekleri sunuyoruz.\" \/>\n<meta property=\"og:url\" content=\"https:\/\/frauenberatungsstelle-leverkusen.de\/languages\/tr\/acil-durum-kisileri\/\" \/>\n<meta property=\"og:site_name\" content=\"Frauenberatungsstelle Leverkusen e.V.\" \/>\n<meta property=\"article:modified_time\" content=\"2024-12-12T12:53:46+00:00\" \/>\n<meta name=\"twitter:card\" content=\"summary_large_image\" \/>\n<meta name=\"twitter:label1\" content=\"Tahmini okuma s\u00fcresi\" \/>\n\t<meta name=\"twitter:data1\" content=\"1 dakika\" \/>\n<script type=\"application\/ld+json\" class=\"yoast-schema-graph\">{\"@context\":\"https:\/\/schema.org\",\"@graph\":[{\"@type\":\"WebPage\",\"@id\":\"https:\/\/frauenberatungsstelle-leverkusen.de\/languages\/tr\/acil-durum-kisileri\/\",\"url\":\"https:\/\/frauenberatungsstelle-leverkusen.de\/languages\/tr\/acil-durum-kisileri\/\",\"name\":\"Acil durumda ileti\u015fime ge\u00e7ilecek ki\u015filer\",\"isPartOf\":{\"@id\":\"https:\/\/frauenberatungsstelle-leverkusen.de\/languages\/tr\/#website\"},\"datePublished\":\"2023-05-05T08:41:55+00:00\",\"dateModified\":\"2024-12-12T12:53:46+00:00\",\"description\":\"Aile i\u00e7i \u015fiddet i\u00e7in acil ileti\u015fime ge\u00e7ilecek ki\u015filer. Etkilenen kad\u0131nlara y\u00f6nelik destek se\u00e7enekleri sunuyoruz.\",\"breadcrumb\":{\"@id\":\"https:\/\/frauenberatungsstelle-leverkusen.de\/languages\/tr\/acil-durum-kisileri\/#breadcrumb\"},\"inLanguage\":\"tr\",\"potentialAction\":[{\"@type\":\"ReadAction\",\"target\":[\"https:\/\/frauenberatungsstelle-leverkusen.de\/languages\/tr\/acil-durum-kisileri\/\"]}]},{\"@type\":\"BreadcrumbList\",\"@id\":\"https:\/\/frauenberatungsstelle-leverkusen.de\/languages\/tr\/acil-durum-kisileri\/#breadcrumb\",\"itemListElement\":[{\"@type\":\"ListItem\",\"position\":1,\"name\":\"Home\",\"item\":\"https:\/\/frauenberatungsstelle-leverkusen.de\/languages\/tr\/\"},{\"@type\":\"ListItem\",\"position\":2,\"name\":\"H\u00e4usliche Gewalt &#8211; Notfallkontakte\"}]},{\"@type\":\"WebSite\",\"@id\":\"https:\/\/frauenberatungsstelle-leverkusen.de\/languages\/tr\/#website\",\"url\":\"https:\/\/frauenberatungsstelle-leverkusen.de\/languages\/tr\/\",\"name\":\"Frauenberatungsstelle Leverkusen e.V.\",\"description\":\"\",\"potentialAction\":[{\"@type\":\"SearchAction\",\"target\":{\"@type\":\"EntryPoint\",\"urlTemplate\":\"https:\/\/frauenberatungsstelle-leverkusen.de\/languages\/tr\/?s={search_term_string}\"},\"query-input\":{\"@type\":\"PropertyValueSpecification\",\"valueRequired\":true,\"valueName\":\"search_term_string\"}}],\"inLanguage\":\"tr\"}]}<\/script>\n<!-- \/ Yoast SEO plugin. -->","yoast_head_json":{"title":"Acil durumda ileti\u015fime ge\u00e7ilecek ki\u015filer","description":"Aile i\u00e7i \u015fiddet i\u00e7in acil ileti\u015fime ge\u00e7ilecek ki\u015filer. Etkilenen kad\u0131nlara y\u00f6nelik destek se\u00e7enekleri sunuyoruz.","robots":{"index":"noindex","follow":"follow"},"og_locale":"tr_TR","og_type":"article","og_title":"Acil durumda ileti\u015fime ge\u00e7ilecek ki\u015filer","og_description":"Aile i\u00e7i \u015fiddet i\u00e7in acil ileti\u015fime ge\u00e7ilecek ki\u015filer. Etkilenen kad\u0131nlara y\u00f6nelik destek se\u00e7enekleri sunuyoruz.","og_url":"https:\/\/frauenberatungsstelle-leverkusen.de\/languages\/tr\/acil-durum-kisileri\/","og_site_name":"Frauenberatungsstelle Leverkusen e.V.","article_modified_time":"2024-12-12T12:53:46+00:00","twitter_card":"summary_large_image","twitter_misc":{"Tahmini okuma s\u00fcresi":"1 dakika"},"schema":{"@context":"https:\/\/schema.org","@graph":[{"@type":"WebPage","@id":"https:\/\/frauenberatungsstelle-leverkusen.de\/languages\/tr\/acil-durum-kisileri\/","url":"https:\/\/frauenberatungsstelle-leverkusen.de\/languages\/tr\/acil-durum-kisileri\/","name":"Acil durumda ileti\u015fime ge\u00e7ilecek ki\u015filer","isPartOf":{"@id":"https:\/\/frauenberatungsstelle-leverkusen.de\/languages\/tr\/#website"},"datePublished":"2023-05-05T08:41:55+00:00","dateModified":"2024-12-12T12:53:46+00:00","description":"Aile i\u00e7i \u015fiddet i\u00e7in acil ileti\u015fime ge\u00e7ilecek ki\u015filer. Etkilenen kad\u0131nlara y\u00f6nelik destek se\u00e7enekleri sunuyoruz.","breadcrumb":{"@id":"https:\/\/frauenberatungsstelle-leverkusen.de\/languages\/tr\/acil-durum-kisileri\/#breadcrumb"},"inLanguage":"tr","potentialAction":[{"@type":"ReadAction","target":["https:\/\/frauenberatungsstelle-leverkusen.de\/languages\/tr\/acil-durum-kisileri\/"]}]},{"@type":"BreadcrumbList","@id":"https:\/\/frauenberatungsstelle-leverkusen.de\/languages\/tr\/acil-durum-kisileri\/#breadcrumb","itemListElement":[{"@type":"ListItem","position":1,"name":"Home","item":"https:\/\/frauenberatungsstelle-leverkusen.de\/languages\/tr\/"},{"@type":"ListItem","position":2,"name":"H\u00e4usliche Gewalt &#8211; Notfallkontakte"}]},{"@type":"WebSite","@id":"https:\/\/frauenberatungsstelle-leverkusen.de\/languages\/tr\/#website","url":"https:\/\/frauenberatungsstelle-leverkusen.de\/languages\/tr\/","name":"Frauenberatungsstelle Leverkusen e.V.","description":"","potentialAction":[{"@type":"SearchAction","target":{"@type":"EntryPoint","urlTemplate":"https:\/\/frauenberatungsstelle-leverkusen.de\/languages\/tr\/?s={search_term_string}"},"query-input":{"@type":"PropertyValueSpecification","valueRequired":true,"valueName":"search_term_string"}}],"inLanguage":"tr"}]}},"_links":{"self":[{"href":"https:\/\/frauenberatungsstelle-leverkusen.de\/languages\/tr\/wp-json\/wp\/v2\/pages\/5318","targetHints":{"allow":["GET"]}}],"collection":[{"href":"https:\/\/frauenberatungsstelle-leverkusen.de\/languages\/tr\/wp-json\/wp\/v2\/pages"}],"about":[{"href":"https:\/\/frauenberatungsstelle-leverkusen.de\/languages\/tr\/wp-json\/wp\/v2\/types\/page"}],"author":[{"embeddable":true,"href":"https:\/\/frauenberatungsstelle-leverkusen.de\/languages\/tr\/wp-json\/wp\/v2\/users\/6"}],"replies":[{"embeddable":true,"href":"https:\/\/frauenberatungsstelle-leverkusen.de\/languages\/tr\/wp-json\/wp\/v2\/comments?post=5318"}],"version-history":[{"count":0,"href":"https:\/\/frauenberatungsstelle-leverkusen.de\/languages\/tr\/wp-json\/wp\/v2\/pages\/5318\/revisions"}],"wp:attachment":[{"href":"https:\/\/frauenberatungsstelle-leverkusen.de\/languages\/tr\/wp-json\/wp\/v2\/media?parent=5318"}],"curies":[{"name":"wp","href":"https:\/\/api.w.org\/{rel}","templated":true}]}}