{"id":5298,"date":"2023-11-16T11:01:33","date_gmt":"2023-11-16T10:01:33","guid":{"rendered":"https:\/\/frauenberatungsstelle-leverkusen.de\/languages\/beratung-von-frauen-in-der-frauenberatungsstelle-leverkusen\/"},"modified":"2024-11-04T16:50:40","modified_gmt":"2024-11-04T15:50:40","slug":"kadinlara-tavsiye","status":"publish","type":"page","link":"https:\/\/frauenberatungsstelle-leverkusen.de\/languages\/tr\/kadinlara-tavsiye\/","title":{"rendered":"Beratung von Frauen in der Frauenberatungsstelle Leverkusen e.V. \/ Interventionsstelle bei h\u00e4uslicher Gewalt"},"content":{"rendered":"<p><div class=\"fusion-fullwidth fullwidth-box fusion-builder-row-1 fusion-flex-container has-pattern-background has-mask-background avs-h1-header nonhundred-percent-fullwidth non-hundred-percent-height-scrolling\" style=\"--awb-border-radius-top-left:0px;--awb-border-radius-top-right:0px;--awb-border-radius-bottom-right:0px;--awb-border-radius-bottom-left:0px;--awb-flex-wrap:wrap;\" ><div class=\"fusion-builder-row fusion-row fusion-flex-align-items-center fusion-flex-content-wrap\" style=\"max-width:1216.8px;margin-left: calc(-4% \/ 2 );margin-right: calc(-4% \/ 2 );\"><div class=\"fusion-layout-column fusion_builder_column fusion-builder-column-0 fusion_builder_column_1_5 1_5 fusion-flex-column fusion-animated\" style=\"--awb-bg-size:cover;--awb-width-large:20%;--awb-margin-top-large:0px;--awb-spacing-right-large:9.6%;--awb-margin-bottom-large:0px;--awb-spacing-left-large:9.6%;--awb-width-medium:100%;--awb-order-medium:0;--awb-spacing-right-medium:1.92%;--awb-spacing-left-medium:1.92%;--awb-width-small:100%;--awb-order-small:0;--awb-spacing-right-small:1.92%;--awb-spacing-left-small:1.92%;\" data-animationType=\"fadeInLeft\" data-animationDuration=\"1.0\" data-animationOffset=\"top-into-view\" data-scroll-devices=\"small-visibility,medium-visibility,large-visibility\"><div class=\"fusion-column-wrapper fusion-column-has-shadow fusion-flex-justify-content-flex-start fusion-content-layout-column\"><div class=\"fusion-image-element md-text-align-center sm-text-align-center\" style=\"text-align:left;--awb-max-width:200px;--awb-caption-title-font-family:var(--h2_typography-font-family);--awb-caption-title-font-weight:var(--h2_typography-font-weight);--awb-caption-title-font-style:var(--h2_typography-font-style);--awb-caption-title-size:var(--h2_typography-font-size);--awb-caption-title-transform:var(--h2_typography-text-transform);--awb-caption-title-line-height:var(--h2_typography-line-height);--awb-caption-title-letter-spacing:var(--h2_typography-letter-spacing);\"><span class=\" fusion-imageframe imageframe-none imageframe-1 hover-type-none\"><img decoding=\"async\" width=\"500\" height=\"500\" title=\"Beratung in der Frauenberatungsstelle Leverkusen\" src=\"https:\/\/frauenberatungsstelle-leverkusen.de\/languages\/wp-content\/uploads\/icon-angebot-beratung-in-der-frauenberatungsstelle.png\" alt class=\"img-responsive wp-image-4948\" srcset=\"https:\/\/frauenberatungsstelle-leverkusen.de\/languages\/wp-content\/uploads\/icon-angebot-beratung-in-der-frauenberatungsstelle-200x200.png 200w, https:\/\/frauenberatungsstelle-leverkusen.de\/languages\/wp-content\/uploads\/icon-angebot-beratung-in-der-frauenberatungsstelle-400x400.png 400w, https:\/\/frauenberatungsstelle-leverkusen.de\/languages\/wp-content\/uploads\/icon-angebot-beratung-in-der-frauenberatungsstelle.png 500w\" sizes=\"(max-width: 1024px) 100vw, (max-width: 640px) 100vw, 200px\" \/><\/span><\/div><\/div><\/div><div class=\"fusion-layout-column fusion_builder_column fusion-builder-column-1 fusion_builder_column_4_5 4_5 fusion-flex-column fusion-animated\" style=\"--awb-bg-size:cover;--awb-width-large:80%;--awb-margin-top-large:0px;--awb-spacing-right-large:2.4%;--awb-margin-bottom-large:0px;--awb-spacing-left-large:2.4%;--awb-width-medium:100%;--awb-order-medium:0;--awb-spacing-right-medium:1.92%;--awb-spacing-left-medium:1.92%;--awb-width-small:100%;--awb-order-small:0;--awb-spacing-right-small:1.92%;--awb-spacing-left-small:1.92%;\" data-animationType=\"fadeInLeft\" data-animationDuration=\"1.0\" data-animationOffset=\"top-into-view\" data-scroll-devices=\"small-visibility,medium-visibility,large-visibility\"><div class=\"fusion-column-wrapper fusion-column-has-shadow fusion-flex-justify-content-flex-start fusion-content-layout-column\"><div class=\"fusion-text fusion-text-1 md-text-align-center sm-text-align-center\"><h1>Tavsiye<br \/>\nkad\u0131n dan\u0131\u015fma merkezi Leverkusen e.V.<\/h1>\n<\/div><\/div><\/div><\/div><\/div><div class=\"fusion-fullwidth fullwidth-box fusion-builder-row-2 fusion-flex-container has-pattern-background has-mask-background nonhundred-percent-fullwidth non-hundred-percent-height-scrolling\" style=\"--awb-border-radius-top-left:0px;--awb-border-radius-top-right:0px;--awb-border-radius-bottom-right:0px;--awb-border-radius-bottom-left:0px;--awb-margin-top:50px;--awb-flex-wrap:wrap;\" ><div class=\"fusion-builder-row fusion-row fusion-flex-align-items-flex-start fusion-flex-content-wrap\" style=\"max-width:1216.8px;margin-left: calc(-4% \/ 2 );margin-right: calc(-4% \/ 2 );\"><div class=\"fusion-layout-column fusion_builder_column fusion-builder-column-2 fusion_builder_column_1_1 1_1 fusion-flex-column fusion-animated\" style=\"--awb-bg-size:cover;--awb-width-large:100%;--awb-margin-top-large:0px;--awb-spacing-right-large:1.92%;--awb-margin-bottom-large:0px;--awb-spacing-left-large:1.92%;--awb-width-medium:100%;--awb-order-medium:0;--awb-spacing-right-medium:1.92%;--awb-spacing-left-medium:1.92%;--awb-width-small:100%;--awb-order-small:0;--awb-spacing-right-small:1.92%;--awb-spacing-left-small:1.92%;\" data-animationType=\"fadeInDown\" data-animationDuration=\"1.0\" data-animationOffset=\"top-into-view\" data-scroll-devices=\"small-visibility,medium-visibility,large-visibility\"><div class=\"fusion-column-wrapper fusion-column-has-shadow fusion-flex-justify-content-flex-start fusion-content-layout-column\"><div class=\"fusion-text fusion-text-2\"><h2>A\u015eA\u011eIDAK\u0130 DURUMLARDA BI\u0307ZI\u0307MLE I\u0307LETI\u0307\u015eI\u0307ME GE\u00c7EBI\u0307LI\u0307RSI\u0307NI\u0307Z:<\/h2>\n<ul>\n<li><strong>Aile i\u00e7i \u015fiddetin<\/strong> bir t\u00fcr\u00fcne maruz kald\u0131ysan\u0131z ve kendinizi yeni aile i\u00e7i \u015fiddetten korumak istiyorsan\u0131z<\/li>\n<li>Bir <strong>kriz durumundaysan\u0131z<\/strong> ve\/veya zor bir kararla kar\u015f\u0131 kar\u015f\u0131yaysan\u0131z<\/li>\n<li>Bir <strong>ayr\u0131l\u0131k ve\/veya bo\u015fanma durumunda<\/strong> deste\u011fe ihtiyac\u0131n\u0131z varsa<\/li>\n<li><strong>Mesleki sorunlar\u0131n\u0131z<\/strong> varsa<\/li>\n<li>Yeni planlar ve bak\u0131\u015f a\u00e7\u0131lar\u0131 geli\u015ftirmek istiyorsan\u0131z<\/li>\n<li><strong>Benzer ya\u015fam ko\u015fullar\u0131ndaki kad\u0131nlarla ileti\u015fime ge\u00e7mek<\/strong> istiyorsan\u0131z<\/li>\n<li><strong>Kad\u0131nlara \u00f6zg\u00fc konular<\/strong> hakk\u0131nda daha fazla bilgi edinmek istiyorsan\u0131z<\/li>\n<\/ul>\n<\/div><\/div><\/div><div class=\"fusion-layout-column fusion_builder_column fusion-builder-column-3 fusion_builder_column_1_1 1_1 fusion-flex-column fusion-animated\" style=\"--awb-bg-size:cover;--awb-width-large:100%;--awb-margin-top-large:4em;--awb-spacing-right-large:1.92%;--awb-margin-bottom-large:0px;--awb-spacing-left-large:1.92%;--awb-width-medium:100%;--awb-order-medium:0;--awb-spacing-right-medium:1.92%;--awb-spacing-left-medium:1.92%;--awb-width-small:100%;--awb-order-small:0;--awb-spacing-right-small:1.92%;--awb-spacing-left-small:1.92%;\" data-animationType=\"fadeInDown\" data-animationDuration=\"1.0\" data-animationOffset=\"top-into-view\" data-scroll-devices=\"small-visibility,medium-visibility,large-visibility\"><div class=\"fusion-column-wrapper fusion-column-has-shadow fusion-flex-justify-content-flex-start fusion-content-layout-column\"><div class=\"fusion-text fusion-text-3\"><h2>H\u0130ZMETLER\u0130M\u0130Z:<\/h2>\n<ul>\n<li>Aile i\u00e7i \u015fiddet olaylar\u0131nda dan\u0131\u015fmanl\u0131k<\/li>\n<li>Telefonla ve y\u00fcz y\u00fcze dan\u0131\u015fmanl\u0131k<\/li>\n<li>Tek seferlik dan\u0131\u015fmanl\u0131k oturumlar\u0131 ve dan\u0131\u015fmanl\u0131k serileri<\/li>\n<li>Kriz durumundaki kad\u0131nlar i\u00e7in rehberli tart\u0131\u015fma gruplar\u0131<\/li>\n<li>Uzman konu\u015fmac\u0131larla ayr\u0131l\u0131k ve bo\u015fanman\u0131n hukuki boyutlar\u0131 hakk\u0131nda bilgilendirme ak\u015famlar\u0131<\/li>\n<li>Uzman konu\u015fmac\u0131larla \u00e7e\u015fitli konularda daha fazla bilgilendirme etkinlikleri ve e\u011fitim oturumlar\u0131<\/li>\n<\/ul>\n<\/div><\/div><\/div><div class=\"fusion-layout-column fusion_builder_column fusion-builder-column-4 fusion_builder_column_1_1 1_1 fusion-flex-column fusion-animated\" style=\"--awb-bg-size:cover;--awb-width-large:100%;--awb-margin-top-large:4em;--awb-spacing-right-large:1.92%;--awb-margin-bottom-large:0px;--awb-spacing-left-large:1.92%;--awb-width-medium:100%;--awb-order-medium:0;--awb-spacing-right-medium:1.92%;--awb-spacing-left-medium:1.92%;--awb-width-small:100%;--awb-order-small:0;--awb-spacing-right-small:1.92%;--awb-spacing-left-small:1.92%;\" data-animationType=\"fadeInDown\" data-animationDuration=\"1.0\" data-animationOffset=\"top-into-view\" data-scroll-devices=\"small-visibility,medium-visibility,large-visibility\"><div class=\"fusion-column-wrapper fusion-column-has-shadow fusion-flex-justify-content-flex-start fusion-content-layout-column\"><div class=\"fusion-text fusion-text-4\"><h2>DANI\u015eMANLI\u011eIMIZ:<\/h2>\n<ul>\n<li>\u0130stek \u00fczerine anonimdir<\/li>\n<li>Gizlilik esas\u0131na dayan\u0131r<\/li>\n<li>G\u00f6n\u00fcll\u00fcl\u00fck esas\u0131na dayan\u0131r<\/li>\n<li>Yetkindir<\/li>\n<li>\u00c7\u00f6z\u00fcm ve destek odakl\u0131d\u0131r<\/li>\n<li>\u00dccretsizdir<\/li>\n<\/ul>\n<\/div><\/div><\/div><div class=\"fusion-layout-column fusion_builder_column fusion-builder-column-5 fusion_builder_column_1_1 1_1 fusion-flex-column fusion-animated\" style=\"--awb-bg-size:cover;--awb-width-large:100%;--awb-margin-top-large:4em;--awb-spacing-right-large:1.92%;--awb-margin-bottom-large:0px;--awb-spacing-left-large:1.92%;--awb-width-medium:100%;--awb-order-medium:0;--awb-spacing-right-medium:1.92%;--awb-spacing-left-medium:1.92%;--awb-width-small:100%;--awb-order-small:0;--awb-spacing-right-small:1.92%;--awb-spacing-left-small:1.92%;\" data-animationType=\"fadeInDown\" data-animationDuration=\"1.0\" data-animationOffset=\"top-into-view\" data-scroll-devices=\"small-visibility,medium-visibility,large-visibility\"><div class=\"fusion-column-wrapper fusion-column-has-shadow fusion-flex-justify-content-flex-start fusion-content-layout-column\"><div class=\"fusion-text fusion-text-5\"><h2>DANI\u015eMANLIK RANDEVULARI<\/h2>\n<h3>-Randevusuz bireysel dan\u0131\u015fmanl\u0131k-<\/h3>\n<p>Bize randevu <strong>almadan<\/strong> \u015fahsen veya telefonla \u015fu \u201ca\u00e7\u0131k dan\u0131\u015fma saatlerimizde\u201d ula\u015fabilirsiniz:<\/p>\n<p>Sal\u0131:\u00a0\u00a0\u00a0\u00a0\u00a0\u00a0\u00a0\u00a0\u00a0\u00a0\u00a0\u00a0\u00a0\u00a0\u00a0\u00a0 15.00 &#8211; 17.00<\/p>\n<p>\u00c7ar\u015famba: \u00a0\u00a0\u00a0\u00a0 08.00 &#8211; 10.00<\/p>\n<p>Per\u015fembe:\u00a0\u00a0 \u00a0\u00a0\u00a0 10.00 &#8211; 12.00<\/p>\n<p>Bu saatler aras\u0131nda <strong>k\u0131sa s\u00fcreli<\/strong> ki\u015fisel dan\u0131\u015fmanl\u0131k veya telefon dan\u0131\u015fmanl\u0131\u011f\u0131 i\u00e7in de hizmetinizdeyiz.<\/p>\n<\/div><div class=\"fusion-text fusion-text-6\"><h3>-Randevu <strong>ile<\/strong> bireysel dan\u0131\u015fmanl\u0131k-<\/h3>\n<p>\u00d6nceden al\u0131nacak olan <strong>bireysel randevu<\/strong> ile Pazartesi&#8217;den Cuma&#8217;ya kadar size dan\u0131\u015fmanl\u0131k hizmeti veriyoruz.<\/p>\n<p>\u0130lk dan\u0131\u015fma i\u00e7in bir saat ayr\u0131labilir. Daha fazla dan\u0131\u015fmanl\u0131k gerekirse devam randevular\u0131 da alabilirsiniz (genellikle en fazla 10 randevu). Dan\u0131\u015fmanl\u0131k hizmetimiz terapi yerine ge\u00e7mez, ancak bazen ge\u00e7ici bir \u00e7\u00f6z\u00fcm olabilir, \u00f6rne\u011fin bir terapi s\u0131ras\u0131 bekliyorsan\u0131z.<\/p>\n<\/div><\/div><\/div><div class=\"fusion-layout-column fusion_builder_column fusion-builder-column-6 fusion_builder_column_1_1 1_1 fusion-flex-column fusion-animated\" style=\"--awb-bg-size:cover;--awb-width-large:100%;--awb-margin-top-large:4em;--awb-spacing-right-large:1.92%;--awb-margin-bottom-large:0px;--awb-spacing-left-large:1.92%;--awb-width-medium:100%;--awb-order-medium:0;--awb-spacing-right-medium:1.92%;--awb-spacing-left-medium:1.92%;--awb-width-small:100%;--awb-order-small:0;--awb-spacing-right-small:1.92%;--awb-spacing-left-small:1.92%;\" data-animationType=\"fadeInDown\" data-animationDuration=\"1.0\" data-animationOffset=\"top-into-view\" data-scroll-devices=\"small-visibility,medium-visibility,large-visibility\"><div class=\"fusion-column-wrapper fusion-column-has-shadow fusion-flex-justify-content-flex-start fusion-content-layout-column\"><div class=\"fusion-text fusion-text-7\"><h2>DANI\u015eMANLI\u011eIMIZ \u015eUNLARI I\u0307\u00c7ERI\u0307R:<\/h2>\n<ul>\n<li>Psikososyal dan\u0131\u015fmanl\u0131k<\/li>\n<li>Aile i\u00e7i \u015fiddet ve\/veya ayr\u0131l\u0131k ve bo\u015fanma durumlar\u0131nda hukuki \u00e7areler hakk\u0131nda bilgi<\/li>\n<li>Arabuluculuk ve di\u011fer dan\u0131\u015fma merkezleri, kad\u0131n s\u0131\u011f\u0131nma evleri, polis, terapistler, doktorlar, klinikler, kendi kendine yard\u0131m gruplar\u0131 ve avukatlarla i\u015fbirli\u011fi<\/li>\n<\/ul>\n<\/div><\/div><\/div><\/div><\/div><\/p>\n","protected":false},"excerpt":{"rendered":"","protected":false},"author":6,"featured_media":0,"parent":0,"menu_order":2,"comment_status":"closed","ping_status":"closed","template":"100-width.php","meta":{"footnotes":""},"class_list":["post-5298","page","type-page","status-publish","hentry"],"yoast_head":"<!-- This site is optimized with the Yoast SEO plugin v27.2 - https:\/\/yoast.com\/product\/yoast-seo-wordpress\/ -->\n<title>Kad\u0131n dan\u0131\u015fma merkezinde kad\u0131nlara y\u00f6nelik dan\u0131\u015fmanl\u0131k Leverkusen e.V.<\/title>\n<meta name=\"description\" content=\"Kad\u0131n dan\u0131\u015fma merkezinde kad\u0131nlara y\u00f6nelik dan\u0131\u015fmanl\u0131k Leverkusen e.V.\" \/>\n<meta name=\"robots\" content=\"index, follow, max-snippet:-1, max-image-preview:large, max-video-preview:-1\" \/>\n<link rel=\"canonical\" href=\"https:\/\/frauenberatungsstelle-leverkusen.de\/languages\/tr\/kadinlara-tavsiye\/\" \/>\n<meta property=\"og:locale\" content=\"tr_TR\" \/>\n<meta property=\"og:type\" content=\"article\" \/>\n<meta property=\"og:title\" content=\"Kad\u0131n dan\u0131\u015fma merkezinde kad\u0131nlara y\u00f6nelik dan\u0131\u015fmanl\u0131k Leverkusen e.V.\" \/>\n<meta property=\"og:description\" content=\"Kad\u0131n dan\u0131\u015fma merkezinde kad\u0131nlara y\u00f6nelik dan\u0131\u015fmanl\u0131k Leverkusen e.V.\" \/>\n<meta property=\"og:url\" content=\"https:\/\/frauenberatungsstelle-leverkusen.de\/languages\/tr\/kadinlara-tavsiye\/\" \/>\n<meta property=\"og:site_name\" content=\"Frauenberatungsstelle Leverkusen e.V.\" \/>\n<meta property=\"article:modified_time\" content=\"2024-11-04T15:50:40+00:00\" \/>\n<meta name=\"twitter:card\" content=\"summary_large_image\" \/>\n<meta name=\"twitter:label1\" content=\"Tahmini okuma s\u00fcresi\" \/>\n\t<meta name=\"twitter:data1\" content=\"2 dakika\" \/>\n<script type=\"application\/ld+json\" class=\"yoast-schema-graph\">{\"@context\":\"https:\/\/schema.org\",\"@graph\":[{\"@type\":\"WebPage\",\"@id\":\"https:\/\/frauenberatungsstelle-leverkusen.de\/languages\/tr\/kadinlara-tavsiye\/\",\"url\":\"https:\/\/frauenberatungsstelle-leverkusen.de\/languages\/tr\/kadinlara-tavsiye\/\",\"name\":\"Kad\u0131n dan\u0131\u015fma merkezinde kad\u0131nlara y\u00f6nelik dan\u0131\u015fmanl\u0131k Leverkusen e.V.\",\"isPartOf\":{\"@id\":\"https:\/\/frauenberatungsstelle-leverkusen.de\/languages\/tr\/#website\"},\"datePublished\":\"2023-11-16T10:01:33+00:00\",\"dateModified\":\"2024-11-04T15:50:40+00:00\",\"description\":\"Kad\u0131n dan\u0131\u015fma merkezinde kad\u0131nlara y\u00f6nelik dan\u0131\u015fmanl\u0131k Leverkusen e.V.\",\"breadcrumb\":{\"@id\":\"https:\/\/frauenberatungsstelle-leverkusen.de\/languages\/tr\/kadinlara-tavsiye\/#breadcrumb\"},\"inLanguage\":\"tr\",\"potentialAction\":[{\"@type\":\"ReadAction\",\"target\":[\"https:\/\/frauenberatungsstelle-leverkusen.de\/languages\/tr\/kadinlara-tavsiye\/\"]}]},{\"@type\":\"BreadcrumbList\",\"@id\":\"https:\/\/frauenberatungsstelle-leverkusen.de\/languages\/tr\/kadinlara-tavsiye\/#breadcrumb\",\"itemListElement\":[{\"@type\":\"ListItem\",\"position\":1,\"name\":\"Home\",\"item\":\"https:\/\/frauenberatungsstelle-leverkusen.de\/languages\/tr\/\"},{\"@type\":\"ListItem\",\"position\":2,\"name\":\"Beratung von Frauen in der Frauenberatungsstelle Leverkusen e.V. \/ Interventionsstelle bei h\u00e4uslicher Gewalt\"}]},{\"@type\":\"WebSite\",\"@id\":\"https:\/\/frauenberatungsstelle-leverkusen.de\/languages\/tr\/#website\",\"url\":\"https:\/\/frauenberatungsstelle-leverkusen.de\/languages\/tr\/\",\"name\":\"Frauenberatungsstelle Leverkusen e.V.\",\"description\":\"\",\"potentialAction\":[{\"@type\":\"SearchAction\",\"target\":{\"@type\":\"EntryPoint\",\"urlTemplate\":\"https:\/\/frauenberatungsstelle-leverkusen.de\/languages\/tr\/?s={search_term_string}\"},\"query-input\":{\"@type\":\"PropertyValueSpecification\",\"valueRequired\":true,\"valueName\":\"search_term_string\"}}],\"inLanguage\":\"tr\"}]}<\/script>\n<!-- \/ Yoast SEO plugin. -->","yoast_head_json":{"title":"Kad\u0131n dan\u0131\u015fma merkezinde kad\u0131nlara y\u00f6nelik dan\u0131\u015fmanl\u0131k Leverkusen e.V.","description":"Kad\u0131n dan\u0131\u015fma merkezinde kad\u0131nlara y\u00f6nelik dan\u0131\u015fmanl\u0131k Leverkusen e.V.","robots":{"index":"index","follow":"follow","max-snippet":"max-snippet:-1","max-image-preview":"max-image-preview:large","max-video-preview":"max-video-preview:-1"},"canonical":"https:\/\/frauenberatungsstelle-leverkusen.de\/languages\/tr\/kadinlara-tavsiye\/","og_locale":"tr_TR","og_type":"article","og_title":"Kad\u0131n dan\u0131\u015fma merkezinde kad\u0131nlara y\u00f6nelik dan\u0131\u015fmanl\u0131k Leverkusen e.V.","og_description":"Kad\u0131n dan\u0131\u015fma merkezinde kad\u0131nlara y\u00f6nelik dan\u0131\u015fmanl\u0131k Leverkusen e.V.","og_url":"https:\/\/frauenberatungsstelle-leverkusen.de\/languages\/tr\/kadinlara-tavsiye\/","og_site_name":"Frauenberatungsstelle Leverkusen e.V.","article_modified_time":"2024-11-04T15:50:40+00:00","twitter_card":"summary_large_image","twitter_misc":{"Tahmini okuma s\u00fcresi":"2 dakika"},"schema":{"@context":"https:\/\/schema.org","@graph":[{"@type":"WebPage","@id":"https:\/\/frauenberatungsstelle-leverkusen.de\/languages\/tr\/kadinlara-tavsiye\/","url":"https:\/\/frauenberatungsstelle-leverkusen.de\/languages\/tr\/kadinlara-tavsiye\/","name":"Kad\u0131n dan\u0131\u015fma merkezinde kad\u0131nlara y\u00f6nelik dan\u0131\u015fmanl\u0131k Leverkusen e.V.","isPartOf":{"@id":"https:\/\/frauenberatungsstelle-leverkusen.de\/languages\/tr\/#website"},"datePublished":"2023-11-16T10:01:33+00:00","dateModified":"2024-11-04T15:50:40+00:00","description":"Kad\u0131n dan\u0131\u015fma merkezinde kad\u0131nlara y\u00f6nelik dan\u0131\u015fmanl\u0131k Leverkusen e.V.","breadcrumb":{"@id":"https:\/\/frauenberatungsstelle-leverkusen.de\/languages\/tr\/kadinlara-tavsiye\/#breadcrumb"},"inLanguage":"tr","potentialAction":[{"@type":"ReadAction","target":["https:\/\/frauenberatungsstelle-leverkusen.de\/languages\/tr\/kadinlara-tavsiye\/"]}]},{"@type":"BreadcrumbList","@id":"https:\/\/frauenberatungsstelle-leverkusen.de\/languages\/tr\/kadinlara-tavsiye\/#breadcrumb","itemListElement":[{"@type":"ListItem","position":1,"name":"Home","item":"https:\/\/frauenberatungsstelle-leverkusen.de\/languages\/tr\/"},{"@type":"ListItem","position":2,"name":"Beratung von Frauen in der Frauenberatungsstelle Leverkusen e.V. \/ Interventionsstelle bei h\u00e4uslicher Gewalt"}]},{"@type":"WebSite","@id":"https:\/\/frauenberatungsstelle-leverkusen.de\/languages\/tr\/#website","url":"https:\/\/frauenberatungsstelle-leverkusen.de\/languages\/tr\/","name":"Frauenberatungsstelle Leverkusen e.V.","description":"","potentialAction":[{"@type":"SearchAction","target":{"@type":"EntryPoint","urlTemplate":"https:\/\/frauenberatungsstelle-leverkusen.de\/languages\/tr\/?s={search_term_string}"},"query-input":{"@type":"PropertyValueSpecification","valueRequired":true,"valueName":"search_term_string"}}],"inLanguage":"tr"}]}},"_links":{"self":[{"href":"https:\/\/frauenberatungsstelle-leverkusen.de\/languages\/tr\/wp-json\/wp\/v2\/pages\/5298","targetHints":{"allow":["GET"]}}],"collection":[{"href":"https:\/\/frauenberatungsstelle-leverkusen.de\/languages\/tr\/wp-json\/wp\/v2\/pages"}],"about":[{"href":"https:\/\/frauenberatungsstelle-leverkusen.de\/languages\/tr\/wp-json\/wp\/v2\/types\/page"}],"author":[{"embeddable":true,"href":"https:\/\/frauenberatungsstelle-leverkusen.de\/languages\/tr\/wp-json\/wp\/v2\/users\/6"}],"replies":[{"embeddable":true,"href":"https:\/\/frauenberatungsstelle-leverkusen.de\/languages\/tr\/wp-json\/wp\/v2\/comments?post=5298"}],"version-history":[{"count":0,"href":"https:\/\/frauenberatungsstelle-leverkusen.de\/languages\/tr\/wp-json\/wp\/v2\/pages\/5298\/revisions"}],"wp:attachment":[{"href":"https:\/\/frauenberatungsstelle-leverkusen.de\/languages\/tr\/wp-json\/wp\/v2\/media?parent=5298"}],"curies":[{"name":"wp","href":"https:\/\/api.w.org\/{rel}","templated":true}]}}