{"id":5288,"date":"2023-11-16T12:37:58","date_gmt":"2023-11-16T11:37:58","guid":{"rendered":"https:\/\/frauenberatungsstelle-leverkusen.de\/languages\/haeusliche-gewalt\/"},"modified":"2024-11-04T16:36:44","modified_gmt":"2024-11-04T15:36:44","slug":"aile-ici-siddet","status":"publish","type":"page","link":"https:\/\/frauenberatungsstelle-leverkusen.de\/languages\/tr\/aile-ici-siddet\/","title":{"rendered":"H\u00e4usliche Gewalt &#8211; Was ist Gewalt?"},"content":{"rendered":"<p><div class=\"fusion-fullwidth fullwidth-box fusion-builder-row-1 fusion-flex-container has-pattern-background has-mask-background avs-h1-header nonhundred-percent-fullwidth non-hundred-percent-height-scrolling\" style=\"--awb-border-radius-top-left:0px;--awb-border-radius-top-right:0px;--awb-border-radius-bottom-right:0px;--awb-border-radius-bottom-left:0px;--awb-flex-wrap:wrap;\" ><div class=\"fusion-builder-row fusion-row fusion-flex-align-items-center fusion-flex-content-wrap\" style=\"max-width:1216.8px;margin-left: calc(-4% \/ 2 );margin-right: calc(-4% \/ 2 );\"><div class=\"fusion-layout-column fusion_builder_column fusion-builder-column-0 fusion_builder_column_1_5 1_5 fusion-flex-column fusion-animated\" style=\"--awb-bg-size:cover;--awb-width-large:20%;--awb-margin-top-large:0px;--awb-spacing-right-large:9.6%;--awb-margin-bottom-large:0px;--awb-spacing-left-large:9.6%;--awb-width-medium:100%;--awb-order-medium:0;--awb-spacing-right-medium:1.92%;--awb-spacing-left-medium:1.92%;--awb-width-small:100%;--awb-order-small:0;--awb-spacing-right-small:1.92%;--awb-spacing-left-small:1.92%;\" data-animationType=\"fadeInLeft\" data-animationDuration=\"1.0\" data-animationOffset=\"top-into-view\" data-scroll-devices=\"small-visibility,medium-visibility,large-visibility\"><div class=\"fusion-column-wrapper fusion-column-has-shadow fusion-flex-justify-content-flex-start fusion-content-layout-column\"><div class=\"fusion-image-element md-text-align-center sm-text-align-center\" style=\"text-align:left;--awb-max-width:200px;--awb-caption-title-font-family:var(--h2_typography-font-family);--awb-caption-title-font-weight:var(--h2_typography-font-weight);--awb-caption-title-font-style:var(--h2_typography-font-style);--awb-caption-title-size:var(--h2_typography-font-size);--awb-caption-title-transform:var(--h2_typography-text-transform);--awb-caption-title-line-height:var(--h2_typography-line-height);--awb-caption-title-letter-spacing:var(--h2_typography-letter-spacing);\"><span class=\" fusion-imageframe imageframe-none imageframe-1 hover-type-none\"><img decoding=\"async\" width=\"500\" height=\"500\" title=\"Was ist Gewalt?\" src=\"https:\/\/frauenberatungsstelle-leverkusen.de\/languages\/wp-content\/uploads\/icon-gewalt-was-ist-gewalt.png\" alt class=\"img-responsive wp-image-4988\" srcset=\"https:\/\/frauenberatungsstelle-leverkusen.de\/languages\/wp-content\/uploads\/icon-gewalt-was-ist-gewalt-200x200.png 200w, https:\/\/frauenberatungsstelle-leverkusen.de\/languages\/wp-content\/uploads\/icon-gewalt-was-ist-gewalt-400x400.png 400w, https:\/\/frauenberatungsstelle-leverkusen.de\/languages\/wp-content\/uploads\/icon-gewalt-was-ist-gewalt.png 500w\" sizes=\"(max-width: 1024px) 100vw, (max-width: 640px) 100vw, 200px\" \/><\/span><\/div><\/div><\/div><div class=\"fusion-layout-column fusion_builder_column fusion-builder-column-1 fusion_builder_column_4_5 4_5 fusion-flex-column fusion-animated\" style=\"--awb-bg-size:cover;--awb-width-large:80%;--awb-margin-top-large:0px;--awb-spacing-right-large:2.4%;--awb-margin-bottom-large:0px;--awb-spacing-left-large:2.4%;--awb-width-medium:100%;--awb-order-medium:0;--awb-spacing-right-medium:1.92%;--awb-spacing-left-medium:1.92%;--awb-width-small:100%;--awb-order-small:0;--awb-spacing-right-small:1.92%;--awb-spacing-left-small:1.92%;\" data-animationType=\"fadeInLeft\" data-animationDuration=\"1.0\" data-animationOffset=\"top-into-view\" data-scroll-devices=\"small-visibility,medium-visibility,large-visibility\"><div class=\"fusion-column-wrapper fusion-column-has-shadow fusion-flex-justify-content-flex-start fusion-content-layout-column\"><div class=\"fusion-text fusion-text-1 md-text-align-center sm-text-align-center\"><h1>\u015eiddet nedir?<\/h1>\n<\/div><\/div><\/div><\/div><\/div><div class=\"fusion-fullwidth fullwidth-box fusion-builder-row-2 nonhundred-percent-fullwidth non-hundred-percent-height-scrolling fusion-animated\" style=\"--awb-border-radius-top-left:0px;--awb-border-radius-top-right:0px;--awb-border-radius-bottom-right:0px;--awb-border-radius-bottom-left:0px;--awb-margin-top:50px;--awb-flex-wrap:wrap;\" data-animationType=\"fadeIn\" data-animationDuration=\"3.5\" data-animationOffset=\"top-into-view\" ><div class=\"fusion-builder-row fusion-row\"><div class=\"fusion-layout-column fusion_builder_column fusion-builder-column-2 fusion_builder_column_1_1 1_1 fusion-one-full fusion-column-first fusion-column-last\" style=\"--awb-bg-blend:overlay;--awb-bg-size:cover;\"><div class=\"fusion-column-wrapper fusion-flex-column-wrapper-legacy\"><div class=\"fusion-text fusion-text-2\" style=\"--awb-margin-top:2em;\"><p><strong>\u015eiddetin<\/strong> bir\u00e7ok y\u00fcz\u00fc vard\u0131r ve onunla her yerde kar\u015f\u0131la\u015f\u0131r\u0131z: Evde, i\u015f yerinde, kamusal ve dijital alanlarda.<\/p>\n<p><strong>\u015eiddet<\/strong> sadece yumruklarla ba\u015flamaz. Tehditler, s\u00f6zl\u00fc taciz, taciz, kontrol ve takip de \u015fiddet bi\u00e7imleridir.<\/p>\n<p><strong>Aile i\u00e7i \u015fiddetin<\/strong> bir\u00e7ok bi\u00e7imi vard\u0131r: Bir e\u015f veya aile \u00fcyesi taraf\u0131ndan uygulanan t\u00fcm fiziksel, cinsel, psikolojik veya ekonomik \u015fiddet eylemleri. T\u00fcm sosyal s\u0131n\u0131flarda g\u00f6r\u00fcl\u00fcr ve her ya\u015ftan insan\u0131 etkileyebilir: Evde, toplum i\u00e7inde, i\u015fte veya internette. Failin amac\u0131 her zaman ma\u011fdur \u00fczerinde g\u00fc\u00e7 ve kontrol uygulamakt\u0131r.<\/p>\n<p>Kad\u0131na y\u00f6nelik <strong>aile i\u00e7i \u015fiddet<\/strong> her zaman evde ya\u015fayan \u00e7ocuklar\u0131 da etkiler.<\/p>\n<\/div><div class=\"fusion-clearfix\"><\/div><\/div><\/div><\/div><\/div><\/p>\n","protected":false},"excerpt":{"rendered":"","protected":false},"author":6,"featured_media":0,"parent":0,"menu_order":4,"comment_status":"closed","ping_status":"closed","template":"","meta":{"footnotes":""},"class_list":["post-5288","page","type-page","status-publish","hentry"],"yoast_head":"<!-- This site is optimized with the Yoast SEO plugin v27.2 - https:\/\/yoast.com\/product\/yoast-seo-wordpress\/ -->\n<title>Aile \u0130\u00e7i \u015eiddet - \u015eiddet Nedir?<\/title>\n<meta name=\"description\" content=\"Aile \u0130\u00e7i \u015eiddet - \u015eiddet Nedir? Burada daha ayr\u0131nt\u0131l\u0131 olarak sunulan farkl\u0131 \u015fiddet bi\u00e7imleri vard\u0131r.\" \/>\n<meta name=\"robots\" content=\"index, follow, max-snippet:-1, max-image-preview:large, max-video-preview:-1\" \/>\n<link rel=\"canonical\" href=\"https:\/\/frauenberatungsstelle-leverkusen.de\/languages\/tr\/aile-ici-siddet\/\" \/>\n<meta property=\"og:locale\" content=\"tr_TR\" \/>\n<meta property=\"og:type\" content=\"article\" \/>\n<meta property=\"og:title\" content=\"Aile \u0130\u00e7i \u015eiddet - \u015eiddet Nedir?\" \/>\n<meta property=\"og:description\" content=\"Aile \u0130\u00e7i \u015eiddet - \u015eiddet Nedir? Burada daha ayr\u0131nt\u0131l\u0131 olarak sunulan farkl\u0131 \u015fiddet bi\u00e7imleri vard\u0131r.\" \/>\n<meta property=\"og:url\" content=\"https:\/\/frauenberatungsstelle-leverkusen.de\/languages\/tr\/aile-ici-siddet\/\" \/>\n<meta property=\"og:site_name\" content=\"Frauenberatungsstelle Leverkusen e.V.\" \/>\n<meta property=\"article:modified_time\" content=\"2024-11-04T15:36:44+00:00\" \/>\n<meta name=\"twitter:card\" content=\"summary_large_image\" \/>\n<meta name=\"twitter:label1\" content=\"Tahmini okuma s\u00fcresi\" \/>\n\t<meta name=\"twitter:data1\" content=\"1 dakika\" \/>\n<script type=\"application\/ld+json\" class=\"yoast-schema-graph\">{\"@context\":\"https:\/\/schema.org\",\"@graph\":[{\"@type\":\"WebPage\",\"@id\":\"https:\/\/frauenberatungsstelle-leverkusen.de\/languages\/tr\/aile-ici-siddet\/\",\"url\":\"https:\/\/frauenberatungsstelle-leverkusen.de\/languages\/tr\/aile-ici-siddet\/\",\"name\":\"Aile \u0130\u00e7i \u015eiddet - \u015eiddet Nedir?\",\"isPartOf\":{\"@id\":\"https:\/\/frauenberatungsstelle-leverkusen.de\/languages\/tr\/#website\"},\"datePublished\":\"2023-11-16T11:37:58+00:00\",\"dateModified\":\"2024-11-04T15:36:44+00:00\",\"description\":\"Aile \u0130\u00e7i \u015eiddet - \u015eiddet Nedir? Burada daha ayr\u0131nt\u0131l\u0131 olarak sunulan farkl\u0131 \u015fiddet bi\u00e7imleri vard\u0131r.\",\"breadcrumb\":{\"@id\":\"https:\/\/frauenberatungsstelle-leverkusen.de\/languages\/tr\/aile-ici-siddet\/#breadcrumb\"},\"inLanguage\":\"tr\",\"potentialAction\":[{\"@type\":\"ReadAction\",\"target\":[\"https:\/\/frauenberatungsstelle-leverkusen.de\/languages\/tr\/aile-ici-siddet\/\"]}]},{\"@type\":\"BreadcrumbList\",\"@id\":\"https:\/\/frauenberatungsstelle-leverkusen.de\/languages\/tr\/aile-ici-siddet\/#breadcrumb\",\"itemListElement\":[{\"@type\":\"ListItem\",\"position\":1,\"name\":\"Home\",\"item\":\"https:\/\/frauenberatungsstelle-leverkusen.de\/languages\/tr\/\"},{\"@type\":\"ListItem\",\"position\":2,\"name\":\"H\u00e4usliche Gewalt &#8211; Was ist Gewalt?\"}]},{\"@type\":\"WebSite\",\"@id\":\"https:\/\/frauenberatungsstelle-leverkusen.de\/languages\/tr\/#website\",\"url\":\"https:\/\/frauenberatungsstelle-leverkusen.de\/languages\/tr\/\",\"name\":\"Frauenberatungsstelle Leverkusen e.V.\",\"description\":\"\",\"potentialAction\":[{\"@type\":\"SearchAction\",\"target\":{\"@type\":\"EntryPoint\",\"urlTemplate\":\"https:\/\/frauenberatungsstelle-leverkusen.de\/languages\/tr\/?s={search_term_string}\"},\"query-input\":{\"@type\":\"PropertyValueSpecification\",\"valueRequired\":true,\"valueName\":\"search_term_string\"}}],\"inLanguage\":\"tr\"}]}<\/script>\n<!-- \/ Yoast SEO plugin. -->","yoast_head_json":{"title":"Aile \u0130\u00e7i \u015eiddet - \u015eiddet Nedir?","description":"Aile \u0130\u00e7i \u015eiddet - \u015eiddet Nedir? Burada daha ayr\u0131nt\u0131l\u0131 olarak sunulan farkl\u0131 \u015fiddet bi\u00e7imleri vard\u0131r.","robots":{"index":"index","follow":"follow","max-snippet":"max-snippet:-1","max-image-preview":"max-image-preview:large","max-video-preview":"max-video-preview:-1"},"canonical":"https:\/\/frauenberatungsstelle-leverkusen.de\/languages\/tr\/aile-ici-siddet\/","og_locale":"tr_TR","og_type":"article","og_title":"Aile \u0130\u00e7i \u015eiddet - \u015eiddet Nedir?","og_description":"Aile \u0130\u00e7i \u015eiddet - \u015eiddet Nedir? Burada daha ayr\u0131nt\u0131l\u0131 olarak sunulan farkl\u0131 \u015fiddet bi\u00e7imleri vard\u0131r.","og_url":"https:\/\/frauenberatungsstelle-leverkusen.de\/languages\/tr\/aile-ici-siddet\/","og_site_name":"Frauenberatungsstelle Leverkusen e.V.","article_modified_time":"2024-11-04T15:36:44+00:00","twitter_card":"summary_large_image","twitter_misc":{"Tahmini okuma s\u00fcresi":"1 dakika"},"schema":{"@context":"https:\/\/schema.org","@graph":[{"@type":"WebPage","@id":"https:\/\/frauenberatungsstelle-leverkusen.de\/languages\/tr\/aile-ici-siddet\/","url":"https:\/\/frauenberatungsstelle-leverkusen.de\/languages\/tr\/aile-ici-siddet\/","name":"Aile \u0130\u00e7i \u015eiddet - \u015eiddet Nedir?","isPartOf":{"@id":"https:\/\/frauenberatungsstelle-leverkusen.de\/languages\/tr\/#website"},"datePublished":"2023-11-16T11:37:58+00:00","dateModified":"2024-11-04T15:36:44+00:00","description":"Aile \u0130\u00e7i \u015eiddet - \u015eiddet Nedir? Burada daha ayr\u0131nt\u0131l\u0131 olarak sunulan farkl\u0131 \u015fiddet bi\u00e7imleri vard\u0131r.","breadcrumb":{"@id":"https:\/\/frauenberatungsstelle-leverkusen.de\/languages\/tr\/aile-ici-siddet\/#breadcrumb"},"inLanguage":"tr","potentialAction":[{"@type":"ReadAction","target":["https:\/\/frauenberatungsstelle-leverkusen.de\/languages\/tr\/aile-ici-siddet\/"]}]},{"@type":"BreadcrumbList","@id":"https:\/\/frauenberatungsstelle-leverkusen.de\/languages\/tr\/aile-ici-siddet\/#breadcrumb","itemListElement":[{"@type":"ListItem","position":1,"name":"Home","item":"https:\/\/frauenberatungsstelle-leverkusen.de\/languages\/tr\/"},{"@type":"ListItem","position":2,"name":"H\u00e4usliche Gewalt &#8211; Was ist Gewalt?"}]},{"@type":"WebSite","@id":"https:\/\/frauenberatungsstelle-leverkusen.de\/languages\/tr\/#website","url":"https:\/\/frauenberatungsstelle-leverkusen.de\/languages\/tr\/","name":"Frauenberatungsstelle Leverkusen e.V.","description":"","potentialAction":[{"@type":"SearchAction","target":{"@type":"EntryPoint","urlTemplate":"https:\/\/frauenberatungsstelle-leverkusen.de\/languages\/tr\/?s={search_term_string}"},"query-input":{"@type":"PropertyValueSpecification","valueRequired":true,"valueName":"search_term_string"}}],"inLanguage":"tr"}]}},"_links":{"self":[{"href":"https:\/\/frauenberatungsstelle-leverkusen.de\/languages\/tr\/wp-json\/wp\/v2\/pages\/5288","targetHints":{"allow":["GET"]}}],"collection":[{"href":"https:\/\/frauenberatungsstelle-leverkusen.de\/languages\/tr\/wp-json\/wp\/v2\/pages"}],"about":[{"href":"https:\/\/frauenberatungsstelle-leverkusen.de\/languages\/tr\/wp-json\/wp\/v2\/types\/page"}],"author":[{"embeddable":true,"href":"https:\/\/frauenberatungsstelle-leverkusen.de\/languages\/tr\/wp-json\/wp\/v2\/users\/6"}],"replies":[{"embeddable":true,"href":"https:\/\/frauenberatungsstelle-leverkusen.de\/languages\/tr\/wp-json\/wp\/v2\/comments?post=5288"}],"version-history":[{"count":0,"href":"https:\/\/frauenberatungsstelle-leverkusen.de\/languages\/tr\/wp-json\/wp\/v2\/pages\/5288\/revisions"}],"wp:attachment":[{"href":"https:\/\/frauenberatungsstelle-leverkusen.de\/languages\/tr\/wp-json\/wp\/v2\/media?parent=5288"}],"curies":[{"name":"wp","href":"https:\/\/api.w.org\/{rel}","templated":true}]}}