{"id":5305,"date":"2023-11-03T09:09:18","date_gmt":"2023-11-03T08:09:18","guid":{"rendered":"https:\/\/frauenberatungsstelle-leverkusen.de\/languages\/frauenberatungsstelle-leverkusen-e-v\/"},"modified":"2024-11-05T15:13:39","modified_gmt":"2024-11-05T14:13:39","slug":"frauenberatungsstelle-leverkusen-e-v","status":"publish","type":"page","link":"https:\/\/frauenberatungsstelle-leverkusen.de\/languages\/pl\/","title":{"rendered":"Frauenberatungsstelle Leverkusen e.V."},"content":{"rendered":"<p><div class=\"fusion-fullwidth fullwidth-box fusion-builder-row-1 fusion-flex-container has-pattern-background has-mask-background hundred-percent-fullwidth non-hundred-percent-height-scrolling fusion-no-small-visibility fusion-no-medium-visibility fusion-animated\" style=\"--awb-border-radius-top-left:0px;--awb-border-radius-top-right:0px;--awb-border-radius-bottom-right:0px;--awb-border-radius-bottom-left:0px;--awb-margin-top:-150px;--awb-margin-bottom:-150px;--awb-background-color:#eb5c24;--awb-flex-wrap:wrap;\" data-animationType=\"fadeIn\" data-animationDuration=\"1.0\" data-animationOffset=\"top-into-view\" ><div class=\"fusion-builder-row fusion-row fusion-flex-align-items-flex-end fusion-flex-content-wrap\" style=\"width:104% !important;max-width:104% !important;margin-left: calc(-4% \/ 2 );margin-right: calc(-4% \/ 2 );\"><div class=\"fusion-layout-column fusion_builder_column fusion-builder-column-0 fusion_builder_column_1_1 1_1 fusion-flex-column fusion-flex-align-self-flex-end avs-home-bg-image-extra-large\" style=\"--awb-z-index:101;--awb-padding-right:20vw;--awb-padding-left:15vw;--awb-bg-color:#eb5c24;--awb-bg-color-hover:#eb5c24;--awb-bg-size:cover;--awb-width-large:100%;--awb-margin-top-large:0px;--awb-spacing-right-large:1.92%;--awb-margin-bottom-large:0px;--awb-spacing-left-large:1.92%;--awb-width-medium:100%;--awb-order-medium:0;--awb-spacing-right-medium:1.92%;--awb-spacing-left-medium:1.92%;--awb-width-small:100%;--awb-order-small:0;--awb-spacing-right-small:1.92%;--awb-spacing-left-small:1.92%;\" data-scroll-devices=\"small-visibility,medium-visibility,large-visibility\"><div class=\"fusion-column-wrapper fusion-column-has-shadow fusion-flex-justify-content-flex-end fusion-content-layout-column\">\t<div class=\"wrap_svl_center\">\r\n\t<div class=\"wrap_svl_center_box\">\r\n\t<div class=\"wrap_svl\" id=\"body_drag_5665\">\r\n\t\t<div class=\"images_wrap\">\r\n                            <img decoding=\"async\" src=\"https:\/\/frauenberatungsstelle-leverkusen.de\/languages\/wp-content\/uploads\/img-bg-home-pl-polnisch.png\" alt=\"\">\r\n            \t\t<\/div>\t\r\n\t\t \t\t \t\t <div class=\"drag_element tips \" style=\"top:6.08%;left:78.12%;\" >\r\n\t\t \t<div class=\"point_style has-hover ihotspot_tooltop_html\" data-placement=\"n\" data-html=\"\t\t \t\t\t \t\t \t\t \">\r\n\t\t \t\t<a href=\"https:\/\/frauenberatungsstelle-leverkusen.de\/languages\/pl\/rady-dla-kobiet\/\" title=\"\" target=\"_self\">\t\t\t \t\t\t\t\t \t\t\t<div class=\"pins_animation ihotspot_pulse\" style=\"top:-40px;left:-40px;height:80px;width:80px\"><\/div>\r\n\t\t\t \t\t\t\t\t \t\t<img decoding=\"async\" src=\"https:\/\/frauenberatungsstelle-leverkusen.de\/languages\/wp-content\/uploads\/img-hotspot-normal.png\" class=\"pins_image \" style=\"top:-40px;left:-40px\" alt=\"\">\r\n\t\t\t \t\t<img decoding=\"async\" src=\"https:\/\/frauenberatungsstelle-leverkusen.de\/languages\/wp-content\/uploads\/img-hotspot-highlite.png\" class=\"pins_image_hover \"  style=\"top:-40px;left:-40px\" alt=\"\">\t\t \t\t<\/a>\t\t \t<\/div>\r\n\t\t <\/div>\r\n\t\t \t\t <div class=\"drag_element tips \" style=\"top:62.44%;left:14.09%;\" >\r\n\t\t \t<div class=\"point_style has-hover ihotspot_tooltop_html\" data-placement=\"n\" data-html=\"\t\t \t\t\t \t\t \t\t \">\r\n\t\t \t\t<a href=\"https:\/\/frauenberatungsstelle-leverkusen.de\/languages\/pl\/kontakty-awaryjne\/\" title=\"\" target=\"_self\">\t\t\t \t\t\t\t\t \t\t\t<div class=\"pins_animation ihotspot_pulse\" style=\"top:-40px;left:-40px;height:80px;width:80px\"><\/div>\r\n\t\t\t \t\t\t\t\t \t\t<img decoding=\"async\" src=\"https:\/\/frauenberatungsstelle-leverkusen.de\/languages\/wp-content\/uploads\/img-hotspot-normal.png\" class=\"pins_image \" style=\"top:-40px;left:-40px\" alt=\"\">\r\n\t\t\t \t\t<img decoding=\"async\" src=\"https:\/\/frauenberatungsstelle-leverkusen.de\/languages\/wp-content\/uploads\/img-hotspot-highlite.png\" class=\"pins_image_hover \"  style=\"top:-40px;left:-40px\" alt=\"\">\t\t \t\t<\/a>\t\t \t<\/div>\r\n\t\t <\/div>\r\n\t\t \t\t <div class=\"drag_element tips \" style=\"top:67.12%;left:87.67%;\" >\r\n\t\t \t<div class=\"point_style has-hover ihotspot_tooltop_html\" data-placement=\"n\" data-html=\"\t\t \t\t\t \t\t \t\t \">\r\n\t\t \t\t<a href=\"https:\/\/frauenberatungsstelle-leverkusen.de\/languages\/en\/contact\" title=\"\" target=\"_blank\">\t\t\t \t\t\t\t\t \t\t\t<div class=\"pins_animation ihotspot_pulse\" style=\"top:-40px;left:-40px;height:80px;width:80px\"><\/div>\r\n\t\t\t \t\t\t\t\t \t\t<img decoding=\"async\" src=\"https:\/\/frauenberatungsstelle-leverkusen.de\/languages\/wp-content\/uploads\/img-hotspot-normal.png\" class=\"pins_image \" style=\"top:-40px;left:-40px\" alt=\"\">\r\n\t\t\t \t\t<img decoding=\"async\" src=\"https:\/\/frauenberatungsstelle-leverkusen.de\/languages\/wp-content\/uploads\/img-hotspot-highlite.png\" class=\"pins_image_hover \"  style=\"top:-40px;left:-40px\" alt=\"\">\t\t \t\t<\/a>\t\t \t<\/div>\r\n\t\t <\/div>\r\n\t\t \t\t \r\n\t\t  \t\t \t\r\n\t <\/div>\r\n\t <\/div>\r\n\t <\/div>\r\n\t<\/div><\/div><div class=\"fusion-layout-column fusion_builder_column fusion-builder-column-1 fusion_builder_column_1_1 1_1 fusion-flex-column fusion-flex-align-self-flex-end avs-home-bg-image-large\" style=\"--awb-z-index:101;--awb-padding-right:8vw;--awb-padding-left:8vw;--awb-bg-color:#eb5c24;--awb-bg-color-hover:#eb5c24;--awb-bg-size:cover;--awb-width-large:100%;--awb-margin-top-large:0px;--awb-spacing-right-large:15px;--awb-margin-bottom-large:0px;--awb-spacing-left-large:15px;--awb-width-medium:100%;--awb-order-medium:0;--awb-spacing-right-medium:1.92%;--awb-spacing-left-medium:1.92%;--awb-width-small:100%;--awb-order-small:0;--awb-spacing-right-small:1.92%;--awb-spacing-left-small:1.92%;\" id=\"2\" data-scroll-devices=\"small-visibility,medium-visibility,large-visibility\"><div class=\"fusion-column-wrapper fusion-column-has-shadow fusion-flex-justify-content-flex-end fusion-content-layout-column\">\t<div class=\"wrap_svl_center\">\r\n\t<div class=\"wrap_svl_center_box\">\r\n\t<div class=\"wrap_svl\" id=\"body_drag_5665\">\r\n\t\t<div class=\"images_wrap\">\r\n                            <img decoding=\"async\" src=\"https:\/\/frauenberatungsstelle-leverkusen.de\/languages\/wp-content\/uploads\/img-bg-home-pl-polnisch.png\" alt=\"\">\r\n            \t\t<\/div>\t\r\n\t\t \t\t \t\t <div class=\"drag_element tips \" style=\"top:6.08%;left:78.12%;\" >\r\n\t\t \t<div class=\"point_style has-hover ihotspot_tooltop_html\" data-placement=\"n\" data-html=\"\t\t \t\t\t \t\t \t\t \">\r\n\t\t \t\t<a href=\"https:\/\/frauenberatungsstelle-leverkusen.de\/languages\/pl\/rady-dla-kobiet\/\" title=\"\" target=\"_self\">\t\t\t \t\t\t\t\t \t\t\t<div class=\"pins_animation ihotspot_pulse\" style=\"top:-40px;left:-40px;height:80px;width:80px\"><\/div>\r\n\t\t\t \t\t\t\t\t \t\t<img decoding=\"async\" src=\"https:\/\/frauenberatungsstelle-leverkusen.de\/languages\/wp-content\/uploads\/img-hotspot-normal.png\" class=\"pins_image \" style=\"top:-40px;left:-40px\" alt=\"\">\r\n\t\t\t \t\t<img decoding=\"async\" src=\"https:\/\/frauenberatungsstelle-leverkusen.de\/languages\/wp-content\/uploads\/img-hotspot-highlite.png\" class=\"pins_image_hover \"  style=\"top:-40px;left:-40px\" alt=\"\">\t\t \t\t<\/a>\t\t \t<\/div>\r\n\t\t <\/div>\r\n\t\t \t\t <div class=\"drag_element tips \" style=\"top:62.44%;left:14.09%;\" >\r\n\t\t \t<div class=\"point_style has-hover ihotspot_tooltop_html\" data-placement=\"n\" data-html=\"\t\t \t\t\t \t\t \t\t \">\r\n\t\t \t\t<a href=\"https:\/\/frauenberatungsstelle-leverkusen.de\/languages\/pl\/kontakty-awaryjne\/\" title=\"\" target=\"_self\">\t\t\t \t\t\t\t\t \t\t\t<div class=\"pins_animation ihotspot_pulse\" style=\"top:-40px;left:-40px;height:80px;width:80px\"><\/div>\r\n\t\t\t \t\t\t\t\t \t\t<img decoding=\"async\" src=\"https:\/\/frauenberatungsstelle-leverkusen.de\/languages\/wp-content\/uploads\/img-hotspot-normal.png\" class=\"pins_image \" style=\"top:-40px;left:-40px\" alt=\"\">\r\n\t\t\t \t\t<img decoding=\"async\" src=\"https:\/\/frauenberatungsstelle-leverkusen.de\/languages\/wp-content\/uploads\/img-hotspot-highlite.png\" class=\"pins_image_hover \"  style=\"top:-40px;left:-40px\" alt=\"\">\t\t \t\t<\/a>\t\t \t<\/div>\r\n\t\t <\/div>\r\n\t\t \t\t <div class=\"drag_element tips \" style=\"top:67.12%;left:87.67%;\" >\r\n\t\t \t<div class=\"point_style has-hover ihotspot_tooltop_html\" data-placement=\"n\" data-html=\"\t\t \t\t\t \t\t \t\t \">\r\n\t\t \t\t<a href=\"https:\/\/frauenberatungsstelle-leverkusen.de\/languages\/en\/contact\" title=\"\" target=\"_blank\">\t\t\t \t\t\t\t\t \t\t\t<div class=\"pins_animation ihotspot_pulse\" style=\"top:-40px;left:-40px;height:80px;width:80px\"><\/div>\r\n\t\t\t \t\t\t\t\t \t\t<img decoding=\"async\" src=\"https:\/\/frauenberatungsstelle-leverkusen.de\/languages\/wp-content\/uploads\/img-hotspot-normal.png\" class=\"pins_image \" style=\"top:-40px;left:-40px\" alt=\"\">\r\n\t\t\t \t\t<img decoding=\"async\" src=\"https:\/\/frauenberatungsstelle-leverkusen.de\/languages\/wp-content\/uploads\/img-hotspot-highlite.png\" class=\"pins_image_hover \"  style=\"top:-40px;left:-40px\" alt=\"\">\t\t \t\t<\/a>\t\t \t<\/div>\r\n\t\t <\/div>\r\n\t\t \t\t \r\n\t\t  \t\t \t\r\n\t <\/div>\r\n\t <\/div>\r\n\t <\/div>\r\n\t<\/div><\/div><\/div><\/div><div class=\"fusion-fullwidth fullwidth-box fusion-builder-row-2 fusion-flex-container has-pattern-background has-mask-background hundred-percent-fullwidth hundred-percent-height hundred-percent-height-center-content non-hundred-percent-height-scrolling fusion-no-large-visibility fusion-animated\" style=\"--awb-border-radius-top-left:0px;--awb-border-radius-top-right:0px;--awb-border-radius-bottom-right:0px;--awb-border-radius-bottom-left:0px;--awb-padding-top:5%;--awb-padding-bottom:-150px;--awb-margin-bottom:-125px;--awb-background-color:#eb5c24;--awb-flex-wrap:wrap;\" data-animationType=\"fadeIn\" data-animationDuration=\"1.0\" data-animationOffset=\"top-into-view\" ><div class=\"fusion-builder-row fusion-row fusion-flex-align-items-flex-start fusion-flex-content-wrap\" style=\"width:104% !important;max-width:104% !important;margin-left: calc(-4% \/ 2 );margin-right: calc(-4% \/ 2 );\"><div class=\"fusion-layout-column fusion_builder_column fusion-builder-column-2 fusion_builder_column_1_1 1_1 fusion-flex-column fusion-flex-align-self-flex-end avs-home-bg-image fusion-animated\" style=\"--awb-bg-color:#eb5c24;--awb-bg-color-hover:#eb5c24;--awb-bg-size:cover;--awb-width-large:100%;--awb-margin-top-large:0px;--awb-spacing-right-large:1.92%;--awb-margin-bottom-large:30px;--awb-spacing-left-large:1.92%;--awb-width-medium:100%;--awb-order-medium:0;--awb-spacing-right-medium:1.92%;--awb-spacing-left-medium:1.92%;--awb-width-small:100%;--awb-order-small:0;--awb-spacing-right-small:1.92%;--awb-spacing-left-small:1.92%;\" data-animationType=\"slideInLeft\" data-animationDuration=\"1.0\" data-animationDelay=\"1.0\" data-animationOffset=\"top-into-view\" id=\"2\" data-scroll-devices=\"small-visibility,medium-visibility,large-visibility\"><div class=\"fusion-column-wrapper fusion-column-has-shadow fusion-flex-justify-content-flex-end fusion-content-layout-column\">\t<div class=\"wrap_svl_center\">\r\n\t<div class=\"wrap_svl_center_box\">\r\n\t<div class=\"wrap_svl\" id=\"body_drag_5666\">\r\n\t\t<div class=\"images_wrap\">\r\n                            <img decoding=\"async\" src=\"https:\/\/frauenberatungsstelle-leverkusen.de\/languages\/wp-content\/uploads\/img-bg-home-pl-polnisch.png\" alt=\"\">\r\n            \t\t<\/div>\t\r\n\t\t \t\t \t\t <div class=\"drag_element tips \" style=\"top:6.41%;left:78.51%;\" >\r\n\t\t \t<div class=\"point_style has-hover ihotspot_tooltop_html\" data-placement=\"n\" data-html=\"\t\t \t\t\t \t\t \t\t \">\r\n\t\t \t\t<a href=\"https:\/\/frauenberatungsstelle-leverkusen.de\/languages\/pl\/rady-dla-kobiet\/\" title=\"\" target=\"_self\">\t\t\t \t\t\t\t\t \t\t\t<div class=\"pins_animation ihotspot_pulse\" style=\"top:-20px;left:-20px;height:40px;width:40px\"><\/div>\r\n\t\t\t \t\t\t\t\t \t\t<img decoding=\"async\" src=\"https:\/\/frauenberatungsstelle-leverkusen.de\/languages\/wp-content\/uploads\/img-hotspot-normal-mobile.png\" class=\"pins_image \" style=\"top:-20px;left:-20px\" alt=\"\">\r\n\t\t\t \t\t<img decoding=\"async\" src=\"https:\/\/frauenberatungsstelle-leverkusen.de\/languages\/wp-content\/uploads\/img-hotspot-highlite-mobile.png\" class=\"pins_image_hover \"  style=\"top:-20px;left:-20px\" alt=\"\">\t\t \t\t<\/a>\t\t \t<\/div>\r\n\t\t <\/div>\r\n\t\t \t\t <div class=\"drag_element tips \" style=\"top:63.75%;left:13.56%;\" >\r\n\t\t \t<div class=\"point_style has-hover ihotspot_tooltop_html\" data-placement=\"n\" data-html=\"\t\t \t\t\t \t\t \t\t \">\r\n\t\t \t\t<a href=\"https:\/\/frauenberatungsstelle-leverkusen.de\/languages\/pl\/kontakty-awaryjne\/\" title=\"\" target=\"_self\">\t\t\t \t\t\t\t\t \t\t\t<div class=\"pins_animation ihotspot_pulse\" style=\"top:-20px;left:-20px;height:40px;width:40px\"><\/div>\r\n\t\t\t \t\t\t\t\t \t\t<img decoding=\"async\" src=\"https:\/\/frauenberatungsstelle-leverkusen.de\/languages\/wp-content\/uploads\/img-hotspot-normal-mobile.png\" class=\"pins_image \" style=\"top:-20px;left:-20px\" alt=\"\">\r\n\t\t\t \t\t<img decoding=\"async\" src=\"https:\/\/frauenberatungsstelle-leverkusen.de\/languages\/wp-content\/uploads\/img-hotspot-highlite-mobile.png\" class=\"pins_image_hover \"  style=\"top:-20px;left:-20px\" alt=\"\">\t\t \t\t<\/a>\t\t \t<\/div>\r\n\t\t <\/div>\r\n\t\t \t\t <div class=\"drag_element tips \" style=\"top:65.68%;left:85.24%;\" >\r\n\t\t \t<div class=\"point_style has-hover ihotspot_tooltop_html\" data-placement=\"n\" data-html=\"\t\t \t\t\t \t\t \t\t \">\r\n\t\t \t\t<a href=\"https:\/\/frauenberatungsstelle-leverkusen.de\/languages\/en\/contact\" title=\"\" target=\"_blank\">\t\t\t \t\t\t\t\t \t\t\t<div class=\"pins_animation ihotspot_pulse\" style=\"top:-20px;left:-20px;height:40px;width:40px\"><\/div>\r\n\t\t\t \t\t\t\t\t \t\t<img decoding=\"async\" src=\"https:\/\/frauenberatungsstelle-leverkusen.de\/languages\/wp-content\/uploads\/img-hotspot-normal-mobile.png\" class=\"pins_image \" style=\"top:-20px;left:-20px\" alt=\"\">\r\n\t\t\t \t\t<img decoding=\"async\" src=\"https:\/\/frauenberatungsstelle-leverkusen.de\/languages\/wp-content\/uploads\/img-hotspot-highlite-mobile.png\" class=\"pins_image_hover \"  style=\"top:-20px;left:-20px\" alt=\"\">\t\t \t\t<\/a>\t\t \t<\/div>\r\n\t\t <\/div>\r\n\t\t \t\t \r\n\t\t  \t\t \t\r\n\t <\/div>\r\n\t <\/div>\r\n\t <\/div>\r\n\t<\/div><\/div><\/div><\/div><\/p>\n","protected":false},"excerpt":{"rendered":"","protected":false},"author":6,"featured_media":0,"parent":0,"menu_order":1,"comment_status":"closed","ping_status":"closed","template":"100-width.php","meta":{"footnotes":""},"class_list":["post-5305","page","type-page","status-publish","hentry"],"yoast_head":"<!-- This site is optimized with the Yoast SEO plugin v27.2 - https:\/\/yoast.com\/product\/yoast-seo-wordpress\/ -->\n<title>Frauenberatungsstelle Leverkusen e.V. - Beratung f\u00fcr Frauen<\/title>\n<meta name=\"description\" content=\"Frauenberatungsstelle Leverkusen e.V. - Beratung f\u00fcr Frauen bei h\u00e4uslicher Gewalt.\" \/>\n<meta name=\"robots\" content=\"index, follow, max-snippet:-1, max-image-preview:large, max-video-preview:-1\" \/>\n<link rel=\"canonical\" href=\"https:\/\/frauenberatungsstelle-leverkusen.de\/languages\/pl\/\" \/>\n<meta property=\"og:locale\" content=\"pl_PL\" \/>\n<meta property=\"og:type\" content=\"article\" \/>\n<meta property=\"og:title\" content=\"Frauenberatungsstelle Leverkusen e.V. - Beratung f\u00fcr Frauen\" \/>\n<meta property=\"og:description\" content=\"Frauenberatungsstelle Leverkusen e.V. - Beratung f\u00fcr Frauen bei h\u00e4uslicher Gewalt.\" \/>\n<meta property=\"og:url\" content=\"https:\/\/frauenberatungsstelle-leverkusen.de\/languages\/pl\/\" \/>\n<meta property=\"og:site_name\" content=\"Frauenberatungsstelle Leverkusen e.V.\" \/>\n<meta property=\"article:modified_time\" content=\"2024-11-05T14:13:39+00:00\" \/>\n<meta name=\"twitter:card\" content=\"summary_large_image\" \/>\n<meta name=\"twitter:label1\" content=\"Szacowany czas czytania\" \/>\n\t<meta name=\"twitter:data1\" content=\"5 minut\" \/>\n<script type=\"application\/ld+json\" class=\"yoast-schema-graph\">{\"@context\":\"https:\/\/schema.org\",\"@graph\":[{\"@type\":\"WebPage\",\"@id\":\"https:\/\/frauenberatungsstelle-leverkusen.de\/languages\/pl\/\",\"url\":\"https:\/\/frauenberatungsstelle-leverkusen.de\/languages\/pl\/\",\"name\":\"Frauenberatungsstelle Leverkusen e.V. - Beratung f\u00fcr Frauen\",\"isPartOf\":{\"@id\":\"https:\/\/frauenberatungsstelle-leverkusen.de\/languages\/pl\/#website\"},\"datePublished\":\"2023-11-03T08:09:18+00:00\",\"dateModified\":\"2024-11-05T14:13:39+00:00\",\"description\":\"Frauenberatungsstelle Leverkusen e.V. - Beratung f\u00fcr Frauen bei h\u00e4uslicher Gewalt.\",\"breadcrumb\":{\"@id\":\"https:\/\/frauenberatungsstelle-leverkusen.de\/languages\/pl\/#breadcrumb\"},\"inLanguage\":\"pl-PL\",\"potentialAction\":[{\"@type\":\"ReadAction\",\"target\":[\"https:\/\/frauenberatungsstelle-leverkusen.de\/languages\/pl\/\"]}]},{\"@type\":\"BreadcrumbList\",\"@id\":\"https:\/\/frauenberatungsstelle-leverkusen.de\/languages\/pl\/#breadcrumb\",\"itemListElement\":[{\"@type\":\"ListItem\",\"position\":1,\"name\":\"Home\",\"item\":\"https:\/\/frauenberatungsstelle-leverkusen.de\/languages\/pl\/\"},{\"@type\":\"ListItem\",\"position\":2,\"name\":\"Frauenberatungsstelle Leverkusen e.V.\"}]},{\"@type\":\"WebSite\",\"@id\":\"https:\/\/frauenberatungsstelle-leverkusen.de\/languages\/pl\/#website\",\"url\":\"https:\/\/frauenberatungsstelle-leverkusen.de\/languages\/pl\/\",\"name\":\"Frauenberatungsstelle Leverkusen e.V.\",\"description\":\"\",\"potentialAction\":[{\"@type\":\"SearchAction\",\"target\":{\"@type\":\"EntryPoint\",\"urlTemplate\":\"https:\/\/frauenberatungsstelle-leverkusen.de\/languages\/pl\/?s={search_term_string}\"},\"query-input\":{\"@type\":\"PropertyValueSpecification\",\"valueRequired\":true,\"valueName\":\"search_term_string\"}}],\"inLanguage\":\"pl-PL\"}]}<\/script>\n<!-- \/ Yoast SEO plugin. -->","yoast_head_json":{"title":"Frauenberatungsstelle Leverkusen e.V. - Beratung f\u00fcr Frauen","description":"Frauenberatungsstelle Leverkusen e.V. - Beratung f\u00fcr Frauen bei h\u00e4uslicher Gewalt.","robots":{"index":"index","follow":"follow","max-snippet":"max-snippet:-1","max-image-preview":"max-image-preview:large","max-video-preview":"max-video-preview:-1"},"canonical":"https:\/\/frauenberatungsstelle-leverkusen.de\/languages\/pl\/","og_locale":"pl_PL","og_type":"article","og_title":"Frauenberatungsstelle Leverkusen e.V. - Beratung f\u00fcr Frauen","og_description":"Frauenberatungsstelle Leverkusen e.V. - Beratung f\u00fcr Frauen bei h\u00e4uslicher Gewalt.","og_url":"https:\/\/frauenberatungsstelle-leverkusen.de\/languages\/pl\/","og_site_name":"Frauenberatungsstelle Leverkusen e.V.","article_modified_time":"2024-11-05T14:13:39+00:00","twitter_card":"summary_large_image","twitter_misc":{"Szacowany czas czytania":"5 minut"},"schema":{"@context":"https:\/\/schema.org","@graph":[{"@type":"WebPage","@id":"https:\/\/frauenberatungsstelle-leverkusen.de\/languages\/pl\/","url":"https:\/\/frauenberatungsstelle-leverkusen.de\/languages\/pl\/","name":"Frauenberatungsstelle Leverkusen e.V. - Beratung f\u00fcr Frauen","isPartOf":{"@id":"https:\/\/frauenberatungsstelle-leverkusen.de\/languages\/pl\/#website"},"datePublished":"2023-11-03T08:09:18+00:00","dateModified":"2024-11-05T14:13:39+00:00","description":"Frauenberatungsstelle Leverkusen e.V. - Beratung f\u00fcr Frauen bei h\u00e4uslicher Gewalt.","breadcrumb":{"@id":"https:\/\/frauenberatungsstelle-leverkusen.de\/languages\/pl\/#breadcrumb"},"inLanguage":"pl-PL","potentialAction":[{"@type":"ReadAction","target":["https:\/\/frauenberatungsstelle-leverkusen.de\/languages\/pl\/"]}]},{"@type":"BreadcrumbList","@id":"https:\/\/frauenberatungsstelle-leverkusen.de\/languages\/pl\/#breadcrumb","itemListElement":[{"@type":"ListItem","position":1,"name":"Home","item":"https:\/\/frauenberatungsstelle-leverkusen.de\/languages\/pl\/"},{"@type":"ListItem","position":2,"name":"Frauenberatungsstelle Leverkusen e.V."}]},{"@type":"WebSite","@id":"https:\/\/frauenberatungsstelle-leverkusen.de\/languages\/pl\/#website","url":"https:\/\/frauenberatungsstelle-leverkusen.de\/languages\/pl\/","name":"Frauenberatungsstelle Leverkusen e.V.","description":"","potentialAction":[{"@type":"SearchAction","target":{"@type":"EntryPoint","urlTemplate":"https:\/\/frauenberatungsstelle-leverkusen.de\/languages\/pl\/?s={search_term_string}"},"query-input":{"@type":"PropertyValueSpecification","valueRequired":true,"valueName":"search_term_string"}}],"inLanguage":"pl-PL"}]}},"_links":{"self":[{"href":"https:\/\/frauenberatungsstelle-leverkusen.de\/languages\/pl\/wp-json\/wp\/v2\/pages\/5305","targetHints":{"allow":["GET"]}}],"collection":[{"href":"https:\/\/frauenberatungsstelle-leverkusen.de\/languages\/pl\/wp-json\/wp\/v2\/pages"}],"about":[{"href":"https:\/\/frauenberatungsstelle-leverkusen.de\/languages\/pl\/wp-json\/wp\/v2\/types\/page"}],"author":[{"embeddable":true,"href":"https:\/\/frauenberatungsstelle-leverkusen.de\/languages\/pl\/wp-json\/wp\/v2\/users\/6"}],"replies":[{"embeddable":true,"href":"https:\/\/frauenberatungsstelle-leverkusen.de\/languages\/pl\/wp-json\/wp\/v2\/comments?post=5305"}],"version-history":[{"count":0,"href":"https:\/\/frauenberatungsstelle-leverkusen.de\/languages\/pl\/wp-json\/wp\/v2\/pages\/5305\/revisions"}],"wp:attachment":[{"href":"https:\/\/frauenberatungsstelle-leverkusen.de\/languages\/pl\/wp-json\/wp\/v2\/media?parent=5305"}],"curies":[{"name":"wp","href":"https:\/\/api.w.org\/{rel}","templated":true}]}}