{"id":5293,"date":"2023-11-16T11:01:33","date_gmt":"2023-11-16T10:01:33","guid":{"rendered":"https:\/\/frauenberatungsstelle-leverkusen.de\/languages\/beratung-von-frauen-in-der-frauenberatungsstelle-leverkusen\/"},"modified":"2024-11-05T13:48:14","modified_gmt":"2024-11-05T12:48:14","slug":"conseils-aux-femmes","status":"publish","type":"page","link":"https:\/\/frauenberatungsstelle-leverkusen.de\/languages\/fr\/conseils-aux-femmes\/","title":{"rendered":"Beratung von Frauen in der Frauenberatungsstelle Leverkusen e.V."},"content":{"rendered":"<p><div class=\"fusion-fullwidth fullwidth-box fusion-builder-row-1 fusion-flex-container has-pattern-background has-mask-background avs-h1-header nonhundred-percent-fullwidth non-hundred-percent-height-scrolling\" style=\"--awb-border-radius-top-left:0px;--awb-border-radius-top-right:0px;--awb-border-radius-bottom-right:0px;--awb-border-radius-bottom-left:0px;--awb-flex-wrap:wrap;\" ><div class=\"fusion-builder-row fusion-row fusion-flex-align-items-center fusion-flex-content-wrap\" style=\"max-width:1216.8px;margin-left: calc(-4% \/ 2 );margin-right: calc(-4% \/ 2 );\"><div class=\"fusion-layout-column fusion_builder_column fusion-builder-column-0 fusion_builder_column_1_5 1_5 fusion-flex-column fusion-animated\" style=\"--awb-bg-size:cover;--awb-width-large:20%;--awb-margin-top-large:0px;--awb-spacing-right-large:9.6%;--awb-margin-bottom-large:0px;--awb-spacing-left-large:9.6%;--awb-width-medium:100%;--awb-order-medium:0;--awb-spacing-right-medium:1.92%;--awb-spacing-left-medium:1.92%;--awb-width-small:100%;--awb-order-small:0;--awb-spacing-right-small:1.92%;--awb-spacing-left-small:1.92%;\" data-animationType=\"fadeInLeft\" data-animationDuration=\"1.0\" data-animationOffset=\"top-into-view\" data-scroll-devices=\"small-visibility,medium-visibility,large-visibility\"><div class=\"fusion-column-wrapper fusion-column-has-shadow fusion-flex-justify-content-flex-start fusion-content-layout-column\"><div class=\"fusion-image-element md-text-align-center sm-text-align-center\" style=\"text-align:left;--awb-max-width:200px;--awb-caption-title-font-family:var(--h2_typography-font-family);--awb-caption-title-font-weight:var(--h2_typography-font-weight);--awb-caption-title-font-style:var(--h2_typography-font-style);--awb-caption-title-size:var(--h2_typography-font-size);--awb-caption-title-transform:var(--h2_typography-text-transform);--awb-caption-title-line-height:var(--h2_typography-line-height);--awb-caption-title-letter-spacing:var(--h2_typography-letter-spacing);\"><span class=\" fusion-imageframe imageframe-none imageframe-1 hover-type-none\"><img decoding=\"async\" width=\"500\" height=\"500\" title=\"Beratung in der Frauenberatungsstelle Leverkusen\" src=\"https:\/\/frauenberatungsstelle-leverkusen.de\/languages\/wp-content\/uploads\/icon-angebot-beratung-in-der-frauenberatungsstelle.png\" alt class=\"img-responsive wp-image-4943\" srcset=\"https:\/\/frauenberatungsstelle-leverkusen.de\/languages\/wp-content\/uploads\/icon-angebot-beratung-in-der-frauenberatungsstelle-200x200.png 200w, https:\/\/frauenberatungsstelle-leverkusen.de\/languages\/wp-content\/uploads\/icon-angebot-beratung-in-der-frauenberatungsstelle-400x400.png 400w, https:\/\/frauenberatungsstelle-leverkusen.de\/languages\/wp-content\/uploads\/icon-angebot-beratung-in-der-frauenberatungsstelle.png 500w\" sizes=\"(max-width: 1024px) 100vw, (max-width: 640px) 100vw, 200px\" \/><\/span><\/div><\/div><\/div><div class=\"fusion-layout-column fusion_builder_column fusion-builder-column-1 fusion_builder_column_4_5 4_5 fusion-flex-column fusion-animated\" style=\"--awb-bg-size:cover;--awb-width-large:80%;--awb-margin-top-large:0px;--awb-spacing-right-large:2.4%;--awb-margin-bottom-large:0px;--awb-spacing-left-large:2.4%;--awb-width-medium:100%;--awb-order-medium:0;--awb-spacing-right-medium:1.92%;--awb-spacing-left-medium:1.92%;--awb-width-small:100%;--awb-order-small:0;--awb-spacing-right-small:1.92%;--awb-spacing-left-small:1.92%;\" data-animationType=\"fadeInLeft\" data-animationDuration=\"1.0\" data-animationOffset=\"top-into-view\" data-scroll-devices=\"small-visibility,medium-visibility,large-visibility\"><div class=\"fusion-column-wrapper fusion-column-has-shadow fusion-flex-justify-content-flex-start fusion-content-layout-column\"><div class=\"fusion-text fusion-text-1 md-text-align-center sm-text-align-center\"><h1>Conseil<br \/>\nau centre de conseil pour femmes Leverkusen e.V.<\/h1>\n<\/div><\/div><\/div><\/div><\/div><div class=\"fusion-fullwidth fullwidth-box fusion-builder-row-2 fusion-flex-container has-pattern-background has-mask-background nonhundred-percent-fullwidth non-hundred-percent-height-scrolling\" style=\"--awb-border-radius-top-left:0px;--awb-border-radius-top-right:0px;--awb-border-radius-bottom-right:0px;--awb-border-radius-bottom-left:0px;--awb-margin-top:50px;--awb-flex-wrap:wrap;\" ><div class=\"fusion-builder-row fusion-row fusion-flex-align-items-flex-start fusion-flex-content-wrap\" style=\"max-width:1216.8px;margin-left: calc(-4% \/ 2 );margin-right: calc(-4% \/ 2 );\"><div class=\"fusion-layout-column fusion_builder_column fusion-builder-column-2 fusion_builder_column_1_1 1_1 fusion-flex-column fusion-animated\" style=\"--awb-bg-size:cover;--awb-width-large:100%;--awb-margin-top-large:0px;--awb-spacing-right-large:1.92%;--awb-margin-bottom-large:0px;--awb-spacing-left-large:1.92%;--awb-width-medium:100%;--awb-order-medium:0;--awb-spacing-right-medium:1.92%;--awb-spacing-left-medium:1.92%;--awb-width-small:100%;--awb-order-small:0;--awb-spacing-right-small:1.92%;--awb-spacing-left-small:1.92%;\" data-animationType=\"fadeInDown\" data-animationDuration=\"1.0\" data-animationOffset=\"top-into-view\" data-scroll-devices=\"small-visibility,medium-visibility,large-visibility\"><div class=\"fusion-column-wrapper fusion-column-has-shadow fusion-flex-justify-content-flex-start fusion-content-layout-column\"><div class=\"fusion-text fusion-text-2\"><h2>VOUS POUVEZ NOUS CONTACTER SI :<\/h2>\n<ul>\n<li>vous avez \u00e9t\u00e9 victime d&rsquo;une forme quelconque de <strong>violence domestique<\/strong> et souhaitez vous prot\u00e9ger contre toute nouvelle violence domestique.<\/li>\n<li>vous vous trouvez dans une <strong>situation de crise <\/strong>et\/ou vous devez prendre une d\u00e9cision difficile<\/li>\n<li>vous avez besoin de soutien dans une <strong>situation de s\u00e9paration et\/ou de divorce<\/strong><\/li>\n<li>vous avez des <strong>probl\u00e8mes professionnels<\/strong><\/li>\n<li>vous souhaitez d\u00e9velopper de nouveaux projets et de nouvelles perspectives<\/li>\n<li>vous souhaitez <strong>entrer en contact avec des femmes qui vivent des situations similaires \u00e0 la v\u00f4tre<\/strong><\/li>\n<li>vous souhaitez vous informer sur des <strong>th\u00e8mes sp\u00e9cifiques aux femmes<\/strong><\/li>\n<\/ul>\n<\/div><\/div><\/div><div class=\"fusion-layout-column fusion_builder_column fusion-builder-column-3 fusion_builder_column_1_1 1_1 fusion-flex-column fusion-animated\" style=\"--awb-bg-size:cover;--awb-width-large:100%;--awb-margin-top-large:4em;--awb-spacing-right-large:1.92%;--awb-margin-bottom-large:0px;--awb-spacing-left-large:1.92%;--awb-width-medium:100%;--awb-order-medium:0;--awb-spacing-right-medium:1.92%;--awb-spacing-left-medium:1.92%;--awb-width-small:100%;--awb-order-small:0;--awb-spacing-right-small:1.92%;--awb-spacing-left-small:1.92%;\" data-animationType=\"fadeInDown\" data-animationDuration=\"1.0\" data-animationOffset=\"top-into-view\" data-scroll-devices=\"small-visibility,medium-visibility,large-visibility\"><div class=\"fusion-column-wrapper fusion-column-has-shadow fusion-flex-justify-content-flex-start fusion-content-layout-column\"><div class=\"fusion-text fusion-text-3\"><h2>NOUS VOUS OFFRONS LES PRESTATIONS SUIVANTES :<\/h2>\n<ul>\n<li>conseil en cas de violence domestique<\/li>\n<li>conseils t\u00e9l\u00e9phoniques et personnels<\/li>\n<li>s\u00e9ances de conseil uniques et s\u00e9ries de conseils<\/li>\n<li>groupe de discussion dirig\u00e9 pour les femmes en situation de crise<\/li>\n<li>soir\u00e9es d&rsquo;information sur les aspects juridiques de la s\u00e9paration et du divorce avec des intervenants sp\u00e9cialis\u00e9s<\/li>\n<li>autres \u00e9v\u00e9nements d&rsquo;information et formations sur diff\u00e9rents th\u00e8mes avec des intervenantes sp\u00e9cialis\u00e9es<\/li>\n<\/ul>\n<\/div><\/div><\/div><div class=\"fusion-layout-column fusion_builder_column fusion-builder-column-4 fusion_builder_column_1_1 1_1 fusion-flex-column fusion-animated\" style=\"--awb-bg-size:cover;--awb-width-large:100%;--awb-margin-top-large:4em;--awb-spacing-right-large:1.92%;--awb-margin-bottom-large:0px;--awb-spacing-left-large:1.92%;--awb-width-medium:100%;--awb-order-medium:0;--awb-spacing-right-medium:1.92%;--awb-spacing-left-medium:1.92%;--awb-width-small:100%;--awb-order-small:0;--awb-spacing-right-small:1.92%;--awb-spacing-left-small:1.92%;\" data-animationType=\"fadeInDown\" data-animationDuration=\"1.0\" data-animationOffset=\"top-into-view\" data-scroll-devices=\"small-visibility,medium-visibility,large-visibility\"><div class=\"fusion-column-wrapper fusion-column-has-shadow fusion-flex-justify-content-flex-start fusion-content-layout-column\"><div class=\"fusion-text fusion-text-4\"><h2>NOS CONSEILS SONT :<\/h2>\n<ul>\n<li>anonymes si vous le souhaitez<\/li>\n<li>confidentiels<\/li>\n<li>facultatifs<\/li>\n<li>fournis par des professionnels<\/li>\n<li>orient\u00e9s vers les solutions et les ressources<\/li>\n<li>gratuits<\/li>\n<\/ul>\n<\/div><\/div><\/div><div class=\"fusion-layout-column fusion_builder_column fusion-builder-column-5 fusion_builder_column_1_1 1_1 fusion-flex-column fusion-animated\" style=\"--awb-bg-size:cover;--awb-width-large:100%;--awb-margin-top-large:4em;--awb-spacing-right-large:1.92%;--awb-margin-bottom-large:0px;--awb-spacing-left-large:1.92%;--awb-width-medium:100%;--awb-order-medium:0;--awb-spacing-right-medium:1.92%;--awb-spacing-left-medium:1.92%;--awb-width-small:100%;--awb-order-small:0;--awb-spacing-right-small:1.92%;--awb-spacing-left-small:1.92%;\" data-animationType=\"fadeInDown\" data-animationDuration=\"1.0\" data-animationOffset=\"top-into-view\" data-scroll-devices=\"small-visibility,medium-visibility,large-visibility\"><div class=\"fusion-column-wrapper fusion-column-has-shadow fusion-flex-justify-content-flex-start fusion-content-layout-column\"><div class=\"fusion-text fusion-text-5\"><h2>DATES ET HEURES DES CONSEILS<\/h2>\n<h3>Conseil individuel <strong>sans<\/strong> rendez-vous<\/h3>\n<p>Vous pouvez nous joindre <strong>sans<\/strong> rendez-vous, personnellement ou par t\u00e9l\u00e9phone, pendant les \u00ab heures de conseil\u00a0\u00bb:<\/p>\n<p>Mardi :\u00a0\u00a0\u00a0\u00a0\u00a0\u00a0\u00a0\u00a0\u00a0 de 15 h \u00e0 17 h<\/p>\n<p>Mercredi : \u00a0\u00a0\u00a0 de 8 h \u00e0 10 h<\/p>\n<p>Jeudi :\u00a0\u00a0 \u00a0\u00a0\u00a0\u00a0\u00a0 \u00a0 de 10 h \u00e0 12 h<\/p>\n<p>Nous sommes \u00e9galement disponibles \u00e0 ces heures pour un <strong>bref<\/strong> entretien de conseil personnel ou par t\u00e9l\u00e9phone.<\/p>\n<\/div><div class=\"fusion-text fusion-text-6\"><h3>Conseil individuel <strong>sur<\/strong> rendez-vous<\/h3>\n<p>Nous vous conseillons lors d&rsquo;un <strong>entretien individuel, <\/strong>du lundi au vendredi, sur rendez-vous.<\/p>\n<p>Le premier entretien de conseil est limit\u00e9 \u00e0 une heure. En cas de besoin ult\u00e9rieur, nous pouvons \u00e9galement convenir de rendez-vous suppl\u00e9mentaires (en r\u00e8gle g\u00e9n\u00e9rale, 10 rendez-vous maximum). Nos conseils ne sauraient se substituer \u00e0 une th\u00e9rapie, mais peuvent parfois constituer une solution transitoire, par exemple en attendant d&rsquo;obtenir une place dans un centre de th\u00e9rapie.<\/p>\n<\/div><\/div><\/div><div class=\"fusion-layout-column fusion_builder_column fusion-builder-column-6 fusion_builder_column_1_1 1_1 fusion-flex-column fusion-animated\" style=\"--awb-bg-size:cover;--awb-width-large:100%;--awb-margin-top-large:4em;--awb-spacing-right-large:1.92%;--awb-margin-bottom-large:0px;--awb-spacing-left-large:1.92%;--awb-width-medium:100%;--awb-order-medium:0;--awb-spacing-right-medium:1.92%;--awb-spacing-left-medium:1.92%;--awb-width-small:100%;--awb-order-small:0;--awb-spacing-right-small:1.92%;--awb-spacing-left-small:1.92%;\" data-animationType=\"fadeInDown\" data-animationDuration=\"1.0\" data-animationOffset=\"top-into-view\" data-scroll-devices=\"small-visibility,medium-visibility,large-visibility\"><div class=\"fusion-column-wrapper fusion-column-has-shadow fusion-flex-justify-content-flex-start fusion-content-layout-column\"><div class=\"fusion-text fusion-text-7\"><h2>NOS CONSEILS COMPRENNENT :<\/h2>\n<ul>\n<li>des conseils psychosociaux<\/li>\n<li>des informations sur les moyens juridiques en cas de violence domestique et\/ou de s\u00e9paration et de divorce<\/li>\n<li>M\u00e9diation et coop\u00e9ration avec d&rsquo;autres centres de conseil, maisons d&rsquo;accueil pour femmes, la police, les th\u00e9rapeutes, les m\u00e9decins, les cliniques, les groupes d&rsquo;entraide et les avocats<\/li>\n<\/ul>\n<\/div><\/div><\/div><\/div><\/div><\/p>\n","protected":false},"excerpt":{"rendered":"","protected":false},"author":6,"featured_media":0,"parent":0,"menu_order":2,"comment_status":"closed","ping_status":"closed","template":"100-width.php","meta":{"footnotes":""},"class_list":["post-5293","page","type-page","status-publish","hentry"],"yoast_head":"<!-- This site is optimized with the Yoast SEO plugin v27.2 - https:\/\/yoast.com\/product\/yoast-seo-wordpress\/ -->\n<title>Conseils pour les femmes au Centre de Conseil pour Femmes Leverkusen e.V.<\/title>\n<meta name=\"description\" content=\"Conseils pour les femmes au Centre de Conseil pour Femmes Leverkusen e.V.\" \/>\n<meta name=\"robots\" content=\"index, follow, max-snippet:-1, max-image-preview:large, max-video-preview:-1\" \/>\n<link rel=\"canonical\" href=\"https:\/\/frauenberatungsstelle-leverkusen.de\/languages\/fr\/conseils-aux-femmes\/\" \/>\n<meta property=\"og:locale\" content=\"fr_FR\" \/>\n<meta property=\"og:type\" content=\"article\" \/>\n<meta property=\"og:title\" content=\"Conseils pour les femmes au Centre de Conseil pour Femmes Leverkusen e.V.\" \/>\n<meta property=\"og:description\" content=\"Conseils pour les femmes au Centre de Conseil pour Femmes Leverkusen e.V.\" \/>\n<meta property=\"og:url\" content=\"https:\/\/frauenberatungsstelle-leverkusen.de\/languages\/fr\/conseils-aux-femmes\/\" \/>\n<meta property=\"og:site_name\" content=\"Frauenberatungsstelle Leverkusen e.V.\" \/>\n<meta property=\"article:modified_time\" content=\"2024-11-05T12:48:14+00:00\" \/>\n<meta name=\"twitter:card\" content=\"summary_large_image\" \/>\n<meta name=\"twitter:label1\" content=\"Dur\u00e9e de lecture estim\u00e9e\" \/>\n\t<meta name=\"twitter:data1\" content=\"3 minutes\" \/>\n<script type=\"application\/ld+json\" class=\"yoast-schema-graph\">{\"@context\":\"https:\/\/schema.org\",\"@graph\":[{\"@type\":\"WebPage\",\"@id\":\"https:\/\/frauenberatungsstelle-leverkusen.de\/languages\/fr\/conseils-aux-femmes\/\",\"url\":\"https:\/\/frauenberatungsstelle-leverkusen.de\/languages\/fr\/conseils-aux-femmes\/\",\"name\":\"Conseils pour les femmes au Centre de Conseil pour Femmes Leverkusen e.V.\",\"isPartOf\":{\"@id\":\"https:\/\/frauenberatungsstelle-leverkusen.de\/languages\/fr\/#website\"},\"datePublished\":\"2023-11-16T10:01:33+00:00\",\"dateModified\":\"2024-11-05T12:48:14+00:00\",\"description\":\"Conseils pour les femmes au Centre de Conseil pour Femmes Leverkusen e.V.\",\"breadcrumb\":{\"@id\":\"https:\/\/frauenberatungsstelle-leverkusen.de\/languages\/fr\/conseils-aux-femmes\/#breadcrumb\"},\"inLanguage\":\"fr-FR\",\"potentialAction\":[{\"@type\":\"ReadAction\",\"target\":[\"https:\/\/frauenberatungsstelle-leverkusen.de\/languages\/fr\/conseils-aux-femmes\/\"]}]},{\"@type\":\"BreadcrumbList\",\"@id\":\"https:\/\/frauenberatungsstelle-leverkusen.de\/languages\/fr\/conseils-aux-femmes\/#breadcrumb\",\"itemListElement\":[{\"@type\":\"ListItem\",\"position\":1,\"name\":\"Home\",\"item\":\"https:\/\/frauenberatungsstelle-leverkusen.de\/languages\/fr\/\"},{\"@type\":\"ListItem\",\"position\":2,\"name\":\"Beratung von Frauen in der Frauenberatungsstelle Leverkusen e.V.\"}]},{\"@type\":\"WebSite\",\"@id\":\"https:\/\/frauenberatungsstelle-leverkusen.de\/languages\/fr\/#website\",\"url\":\"https:\/\/frauenberatungsstelle-leverkusen.de\/languages\/fr\/\",\"name\":\"Frauenberatungsstelle Leverkusen e.V.\",\"description\":\"\",\"potentialAction\":[{\"@type\":\"SearchAction\",\"target\":{\"@type\":\"EntryPoint\",\"urlTemplate\":\"https:\/\/frauenberatungsstelle-leverkusen.de\/languages\/fr\/?s={search_term_string}\"},\"query-input\":{\"@type\":\"PropertyValueSpecification\",\"valueRequired\":true,\"valueName\":\"search_term_string\"}}],\"inLanguage\":\"fr-FR\"}]}<\/script>\n<!-- \/ Yoast SEO plugin. -->","yoast_head_json":{"title":"Conseils pour les femmes au Centre de Conseil pour Femmes Leverkusen e.V.","description":"Conseils pour les femmes au Centre de Conseil pour Femmes Leverkusen e.V.","robots":{"index":"index","follow":"follow","max-snippet":"max-snippet:-1","max-image-preview":"max-image-preview:large","max-video-preview":"max-video-preview:-1"},"canonical":"https:\/\/frauenberatungsstelle-leverkusen.de\/languages\/fr\/conseils-aux-femmes\/","og_locale":"fr_FR","og_type":"article","og_title":"Conseils pour les femmes au Centre de Conseil pour Femmes Leverkusen e.V.","og_description":"Conseils pour les femmes au Centre de Conseil pour Femmes Leverkusen e.V.","og_url":"https:\/\/frauenberatungsstelle-leverkusen.de\/languages\/fr\/conseils-aux-femmes\/","og_site_name":"Frauenberatungsstelle Leverkusen e.V.","article_modified_time":"2024-11-05T12:48:14+00:00","twitter_card":"summary_large_image","twitter_misc":{"Dur\u00e9e de lecture estim\u00e9e":"3 minutes"},"schema":{"@context":"https:\/\/schema.org","@graph":[{"@type":"WebPage","@id":"https:\/\/frauenberatungsstelle-leverkusen.de\/languages\/fr\/conseils-aux-femmes\/","url":"https:\/\/frauenberatungsstelle-leverkusen.de\/languages\/fr\/conseils-aux-femmes\/","name":"Conseils pour les femmes au Centre de Conseil pour Femmes Leverkusen e.V.","isPartOf":{"@id":"https:\/\/frauenberatungsstelle-leverkusen.de\/languages\/fr\/#website"},"datePublished":"2023-11-16T10:01:33+00:00","dateModified":"2024-11-05T12:48:14+00:00","description":"Conseils pour les femmes au Centre de Conseil pour Femmes Leverkusen e.V.","breadcrumb":{"@id":"https:\/\/frauenberatungsstelle-leverkusen.de\/languages\/fr\/conseils-aux-femmes\/#breadcrumb"},"inLanguage":"fr-FR","potentialAction":[{"@type":"ReadAction","target":["https:\/\/frauenberatungsstelle-leverkusen.de\/languages\/fr\/conseils-aux-femmes\/"]}]},{"@type":"BreadcrumbList","@id":"https:\/\/frauenberatungsstelle-leverkusen.de\/languages\/fr\/conseils-aux-femmes\/#breadcrumb","itemListElement":[{"@type":"ListItem","position":1,"name":"Home","item":"https:\/\/frauenberatungsstelle-leverkusen.de\/languages\/fr\/"},{"@type":"ListItem","position":2,"name":"Beratung von Frauen in der Frauenberatungsstelle Leverkusen e.V."}]},{"@type":"WebSite","@id":"https:\/\/frauenberatungsstelle-leverkusen.de\/languages\/fr\/#website","url":"https:\/\/frauenberatungsstelle-leverkusen.de\/languages\/fr\/","name":"Frauenberatungsstelle Leverkusen e.V.","description":"","potentialAction":[{"@type":"SearchAction","target":{"@type":"EntryPoint","urlTemplate":"https:\/\/frauenberatungsstelle-leverkusen.de\/languages\/fr\/?s={search_term_string}"},"query-input":{"@type":"PropertyValueSpecification","valueRequired":true,"valueName":"search_term_string"}}],"inLanguage":"fr-FR"}]}},"_links":{"self":[{"href":"https:\/\/frauenberatungsstelle-leverkusen.de\/languages\/fr\/wp-json\/wp\/v2\/pages\/5293","targetHints":{"allow":["GET"]}}],"collection":[{"href":"https:\/\/frauenberatungsstelle-leverkusen.de\/languages\/fr\/wp-json\/wp\/v2\/pages"}],"about":[{"href":"https:\/\/frauenberatungsstelle-leverkusen.de\/languages\/fr\/wp-json\/wp\/v2\/types\/page"}],"author":[{"embeddable":true,"href":"https:\/\/frauenberatungsstelle-leverkusen.de\/languages\/fr\/wp-json\/wp\/v2\/users\/6"}],"replies":[{"embeddable":true,"href":"https:\/\/frauenberatungsstelle-leverkusen.de\/languages\/fr\/wp-json\/wp\/v2\/comments?post=5293"}],"version-history":[{"count":0,"href":"https:\/\/frauenberatungsstelle-leverkusen.de\/languages\/fr\/wp-json\/wp\/v2\/pages\/5293\/revisions"}],"wp:attachment":[{"href":"https:\/\/frauenberatungsstelle-leverkusen.de\/languages\/fr\/wp-json\/wp\/v2\/media?parent=5293"}],"curies":[{"name":"wp","href":"https:\/\/api.w.org\/{rel}","templated":true}]}}