{"id":5283,"date":"2023-11-16T12:37:58","date_gmt":"2023-11-16T11:37:58","guid":{"rendered":"https:\/\/frauenberatungsstelle-leverkusen.de\/languages\/haeusliche-gewalt\/"},"modified":"2024-11-05T13:51:00","modified_gmt":"2024-11-05T12:51:00","slug":"violence-domestique","status":"publish","type":"page","link":"https:\/\/frauenberatungsstelle-leverkusen.de\/languages\/fr\/violence-domestique\/","title":{"rendered":"H\u00e4usliche Gewalt &#8211; Was ist Gewalt?"},"content":{"rendered":"<p><div class=\"fusion-fullwidth fullwidth-box fusion-builder-row-1 fusion-flex-container has-pattern-background has-mask-background avs-h1-header nonhundred-percent-fullwidth non-hundred-percent-height-scrolling\" style=\"--awb-border-radius-top-left:0px;--awb-border-radius-top-right:0px;--awb-border-radius-bottom-right:0px;--awb-border-radius-bottom-left:0px;--awb-flex-wrap:wrap;\" ><div class=\"fusion-builder-row fusion-row fusion-flex-align-items-center fusion-flex-content-wrap\" style=\"max-width:1216.8px;margin-left: calc(-4% \/ 2 );margin-right: calc(-4% \/ 2 );\"><div class=\"fusion-layout-column fusion_builder_column fusion-builder-column-0 fusion_builder_column_1_5 1_5 fusion-flex-column fusion-animated\" style=\"--awb-bg-size:cover;--awb-width-large:20%;--awb-margin-top-large:0px;--awb-spacing-right-large:9.6%;--awb-margin-bottom-large:0px;--awb-spacing-left-large:9.6%;--awb-width-medium:100%;--awb-order-medium:0;--awb-spacing-right-medium:1.92%;--awb-spacing-left-medium:1.92%;--awb-width-small:100%;--awb-order-small:0;--awb-spacing-right-small:1.92%;--awb-spacing-left-small:1.92%;\" data-animationType=\"fadeInLeft\" data-animationDuration=\"1.0\" data-animationOffset=\"top-into-view\" data-scroll-devices=\"small-visibility,medium-visibility,large-visibility\"><div class=\"fusion-column-wrapper fusion-column-has-shadow fusion-flex-justify-content-flex-start fusion-content-layout-column\"><div class=\"fusion-image-element md-text-align-center sm-text-align-center\" style=\"text-align:left;--awb-max-width:200px;--awb-caption-title-font-family:var(--h2_typography-font-family);--awb-caption-title-font-weight:var(--h2_typography-font-weight);--awb-caption-title-font-style:var(--h2_typography-font-style);--awb-caption-title-size:var(--h2_typography-font-size);--awb-caption-title-transform:var(--h2_typography-text-transform);--awb-caption-title-line-height:var(--h2_typography-line-height);--awb-caption-title-letter-spacing:var(--h2_typography-letter-spacing);\"><span class=\" fusion-imageframe imageframe-none imageframe-1 hover-type-none\"><img decoding=\"async\" width=\"500\" height=\"500\" title=\"Was ist Gewalt?\" src=\"https:\/\/frauenberatungsstelle-leverkusen.de\/languages\/wp-content\/uploads\/icon-gewalt-was-ist-gewalt.png\" alt class=\"img-responsive wp-image-4983\" srcset=\"https:\/\/frauenberatungsstelle-leverkusen.de\/languages\/wp-content\/uploads\/icon-gewalt-was-ist-gewalt-200x200.png 200w, https:\/\/frauenberatungsstelle-leverkusen.de\/languages\/wp-content\/uploads\/icon-gewalt-was-ist-gewalt-400x400.png 400w, https:\/\/frauenberatungsstelle-leverkusen.de\/languages\/wp-content\/uploads\/icon-gewalt-was-ist-gewalt.png 500w\" sizes=\"(max-width: 1024px) 100vw, (max-width: 640px) 100vw, 200px\" \/><\/span><\/div><\/div><\/div><div class=\"fusion-layout-column fusion_builder_column fusion-builder-column-1 fusion_builder_column_4_5 4_5 fusion-flex-column fusion-animated\" style=\"--awb-bg-size:cover;--awb-width-large:80%;--awb-margin-top-large:0px;--awb-spacing-right-large:2.4%;--awb-margin-bottom-large:0px;--awb-spacing-left-large:2.4%;--awb-width-medium:100%;--awb-order-medium:0;--awb-spacing-right-medium:1.92%;--awb-spacing-left-medium:1.92%;--awb-width-small:100%;--awb-order-small:0;--awb-spacing-right-small:1.92%;--awb-spacing-left-small:1.92%;\" data-animationType=\"fadeInLeft\" data-animationDuration=\"1.0\" data-animationOffset=\"top-into-view\" data-scroll-devices=\"small-visibility,medium-visibility,large-visibility\"><div class=\"fusion-column-wrapper fusion-column-has-shadow fusion-flex-justify-content-flex-start fusion-content-layout-column\"><div class=\"fusion-text fusion-text-1 md-text-align-center sm-text-align-center\"><h1>Qu&rsquo;est-ce que la violence ?<\/h1>\n<\/div><\/div><\/div><\/div><\/div><div class=\"fusion-fullwidth fullwidth-box fusion-builder-row-2 nonhundred-percent-fullwidth non-hundred-percent-height-scrolling fusion-animated\" style=\"--awb-border-radius-top-left:0px;--awb-border-radius-top-right:0px;--awb-border-radius-bottom-right:0px;--awb-border-radius-bottom-left:0px;--awb-margin-top:50px;--awb-flex-wrap:wrap;\" data-animationType=\"fadeIn\" data-animationDuration=\"3.5\" data-animationOffset=\"top-into-view\" ><div class=\"fusion-builder-row fusion-row\"><div class=\"fusion-layout-column fusion_builder_column fusion-builder-column-2 fusion_builder_column_1_1 1_1 fusion-one-full fusion-column-first fusion-column-last\" style=\"--awb-bg-blend:overlay;--awb-bg-size:cover;\"><div class=\"fusion-column-wrapper fusion-flex-column-wrapper-legacy\"><div class=\"fusion-text fusion-text-2\" style=\"--awb-margin-top:2em;\"><p><strong>La violence<\/strong> se manifeste sous de multiples formes et elle est pr\u00e9sente partout : \u00e0 la maison, au travail, dans les lieux publics et dans l&rsquo;espace num\u00e9rique.<\/p>\n<p><strong>La violence<\/strong> ne commence pas seulement par des coups. Les menaces, les insultes, le harc\u00e8lement et le contr\u00f4le ainsi que le stalking sont \u00e9galement des formes de violence.<\/p>\n<p><strong>La violence domestique<\/strong> prend de nombreuses formes : tous les actes de violence physique, sexuelle, psychique ou \u00e9conomique commis par le compagnon, la compagne ou des membres de la famille. Elle est pr\u00e9sente dans toutes les couches sociales et peut toucher des personnes de tout \u00e2ge : \u00e0 la maison, dans les lieux publics, au travail ou sur Internet. L&rsquo;auteur des violences cherche toujours \u00e0 exercer un pouvoir et un contr\u00f4le sur sa victime.<\/p>\n<p><strong>La violence domestique<\/strong> faite aux femmes concerne toujours les enfants qui vivent dans le foyer.<\/p>\n<\/div><div class=\"fusion-clearfix\"><\/div><\/div><\/div><\/div><\/div><\/p>\n","protected":false},"excerpt":{"rendered":"","protected":false},"author":6,"featured_media":0,"parent":0,"menu_order":4,"comment_status":"closed","ping_status":"closed","template":"","meta":{"footnotes":""},"class_list":["post-5283","page","type-page","status-publish","hentry"],"yoast_head":"<!-- This site is optimized with the Yoast SEO plugin v27.2 - https:\/\/yoast.com\/product\/yoast-seo-wordpress\/ -->\n<title>Violence domestique - Qu&#039;est-ce que la violence ?<\/title>\n<meta name=\"description\" content=\"Violence domestique - Qu&#039;est-ce que la violence ? Il existe diff\u00e9rentes formes de violence qui sont pr\u00e9sent\u00e9es plus en d\u00e9tail ici.\" \/>\n<meta name=\"robots\" content=\"index, follow, max-snippet:-1, max-image-preview:large, max-video-preview:-1\" \/>\n<link rel=\"canonical\" href=\"https:\/\/frauenberatungsstelle-leverkusen.de\/languages\/fr\/violence-domestique\/\" \/>\n<meta property=\"og:locale\" content=\"fr_FR\" \/>\n<meta property=\"og:type\" content=\"article\" \/>\n<meta property=\"og:title\" content=\"Violence domestique - Qu&#039;est-ce que la violence ?\" \/>\n<meta property=\"og:description\" content=\"Violence domestique - Qu&#039;est-ce que la violence ? Il existe diff\u00e9rentes formes de violence qui sont pr\u00e9sent\u00e9es plus en d\u00e9tail ici.\" \/>\n<meta property=\"og:url\" content=\"https:\/\/frauenberatungsstelle-leverkusen.de\/languages\/fr\/violence-domestique\/\" \/>\n<meta property=\"og:site_name\" content=\"Frauenberatungsstelle Leverkusen e.V.\" \/>\n<meta property=\"article:modified_time\" content=\"2024-11-05T12:51:00+00:00\" \/>\n<meta name=\"twitter:card\" content=\"summary_large_image\" \/>\n<meta name=\"twitter:label1\" content=\"Dur\u00e9e de lecture estim\u00e9e\" \/>\n\t<meta name=\"twitter:data1\" content=\"2 minutes\" \/>\n<script type=\"application\/ld+json\" class=\"yoast-schema-graph\">{\"@context\":\"https:\/\/schema.org\",\"@graph\":[{\"@type\":\"WebPage\",\"@id\":\"https:\/\/frauenberatungsstelle-leverkusen.de\/languages\/fr\/violence-domestique\/\",\"url\":\"https:\/\/frauenberatungsstelle-leverkusen.de\/languages\/fr\/violence-domestique\/\",\"name\":\"Violence domestique - Qu'est-ce que la violence ?\",\"isPartOf\":{\"@id\":\"https:\/\/frauenberatungsstelle-leverkusen.de\/languages\/fr\/#website\"},\"datePublished\":\"2023-11-16T11:37:58+00:00\",\"dateModified\":\"2024-11-05T12:51:00+00:00\",\"description\":\"Violence domestique - Qu'est-ce que la violence ? Il existe diff\u00e9rentes formes de violence qui sont pr\u00e9sent\u00e9es plus en d\u00e9tail ici.\",\"breadcrumb\":{\"@id\":\"https:\/\/frauenberatungsstelle-leverkusen.de\/languages\/fr\/violence-domestique\/#breadcrumb\"},\"inLanguage\":\"fr-FR\",\"potentialAction\":[{\"@type\":\"ReadAction\",\"target\":[\"https:\/\/frauenberatungsstelle-leverkusen.de\/languages\/fr\/violence-domestique\/\"]}]},{\"@type\":\"BreadcrumbList\",\"@id\":\"https:\/\/frauenberatungsstelle-leverkusen.de\/languages\/fr\/violence-domestique\/#breadcrumb\",\"itemListElement\":[{\"@type\":\"ListItem\",\"position\":1,\"name\":\"Home\",\"item\":\"https:\/\/frauenberatungsstelle-leverkusen.de\/languages\/fr\/\"},{\"@type\":\"ListItem\",\"position\":2,\"name\":\"H\u00e4usliche Gewalt &#8211; Was ist Gewalt?\"}]},{\"@type\":\"WebSite\",\"@id\":\"https:\/\/frauenberatungsstelle-leverkusen.de\/languages\/fr\/#website\",\"url\":\"https:\/\/frauenberatungsstelle-leverkusen.de\/languages\/fr\/\",\"name\":\"Frauenberatungsstelle Leverkusen e.V.\",\"description\":\"\",\"potentialAction\":[{\"@type\":\"SearchAction\",\"target\":{\"@type\":\"EntryPoint\",\"urlTemplate\":\"https:\/\/frauenberatungsstelle-leverkusen.de\/languages\/fr\/?s={search_term_string}\"},\"query-input\":{\"@type\":\"PropertyValueSpecification\",\"valueRequired\":true,\"valueName\":\"search_term_string\"}}],\"inLanguage\":\"fr-FR\"}]}<\/script>\n<!-- \/ Yoast SEO plugin. -->","yoast_head_json":{"title":"Violence domestique - Qu'est-ce que la violence ?","description":"Violence domestique - Qu'est-ce que la violence ? Il existe diff\u00e9rentes formes de violence qui sont pr\u00e9sent\u00e9es plus en d\u00e9tail ici.","robots":{"index":"index","follow":"follow","max-snippet":"max-snippet:-1","max-image-preview":"max-image-preview:large","max-video-preview":"max-video-preview:-1"},"canonical":"https:\/\/frauenberatungsstelle-leverkusen.de\/languages\/fr\/violence-domestique\/","og_locale":"fr_FR","og_type":"article","og_title":"Violence domestique - Qu'est-ce que la violence ?","og_description":"Violence domestique - Qu'est-ce que la violence ? Il existe diff\u00e9rentes formes de violence qui sont pr\u00e9sent\u00e9es plus en d\u00e9tail ici.","og_url":"https:\/\/frauenberatungsstelle-leverkusen.de\/languages\/fr\/violence-domestique\/","og_site_name":"Frauenberatungsstelle Leverkusen e.V.","article_modified_time":"2024-11-05T12:51:00+00:00","twitter_card":"summary_large_image","twitter_misc":{"Dur\u00e9e de lecture estim\u00e9e":"2 minutes"},"schema":{"@context":"https:\/\/schema.org","@graph":[{"@type":"WebPage","@id":"https:\/\/frauenberatungsstelle-leverkusen.de\/languages\/fr\/violence-domestique\/","url":"https:\/\/frauenberatungsstelle-leverkusen.de\/languages\/fr\/violence-domestique\/","name":"Violence domestique - Qu'est-ce que la violence ?","isPartOf":{"@id":"https:\/\/frauenberatungsstelle-leverkusen.de\/languages\/fr\/#website"},"datePublished":"2023-11-16T11:37:58+00:00","dateModified":"2024-11-05T12:51:00+00:00","description":"Violence domestique - Qu'est-ce que la violence ? Il existe diff\u00e9rentes formes de violence qui sont pr\u00e9sent\u00e9es plus en d\u00e9tail ici.","breadcrumb":{"@id":"https:\/\/frauenberatungsstelle-leverkusen.de\/languages\/fr\/violence-domestique\/#breadcrumb"},"inLanguage":"fr-FR","potentialAction":[{"@type":"ReadAction","target":["https:\/\/frauenberatungsstelle-leverkusen.de\/languages\/fr\/violence-domestique\/"]}]},{"@type":"BreadcrumbList","@id":"https:\/\/frauenberatungsstelle-leverkusen.de\/languages\/fr\/violence-domestique\/#breadcrumb","itemListElement":[{"@type":"ListItem","position":1,"name":"Home","item":"https:\/\/frauenberatungsstelle-leverkusen.de\/languages\/fr\/"},{"@type":"ListItem","position":2,"name":"H\u00e4usliche Gewalt &#8211; Was ist Gewalt?"}]},{"@type":"WebSite","@id":"https:\/\/frauenberatungsstelle-leverkusen.de\/languages\/fr\/#website","url":"https:\/\/frauenberatungsstelle-leverkusen.de\/languages\/fr\/","name":"Frauenberatungsstelle Leverkusen e.V.","description":"","potentialAction":[{"@type":"SearchAction","target":{"@type":"EntryPoint","urlTemplate":"https:\/\/frauenberatungsstelle-leverkusen.de\/languages\/fr\/?s={search_term_string}"},"query-input":{"@type":"PropertyValueSpecification","valueRequired":true,"valueName":"search_term_string"}}],"inLanguage":"fr-FR"}]}},"_links":{"self":[{"href":"https:\/\/frauenberatungsstelle-leverkusen.de\/languages\/fr\/wp-json\/wp\/v2\/pages\/5283","targetHints":{"allow":["GET"]}}],"collection":[{"href":"https:\/\/frauenberatungsstelle-leverkusen.de\/languages\/fr\/wp-json\/wp\/v2\/pages"}],"about":[{"href":"https:\/\/frauenberatungsstelle-leverkusen.de\/languages\/fr\/wp-json\/wp\/v2\/types\/page"}],"author":[{"embeddable":true,"href":"https:\/\/frauenberatungsstelle-leverkusen.de\/languages\/fr\/wp-json\/wp\/v2\/users\/6"}],"replies":[{"embeddable":true,"href":"https:\/\/frauenberatungsstelle-leverkusen.de\/languages\/fr\/wp-json\/wp\/v2\/comments?post=5283"}],"version-history":[{"count":0,"href":"https:\/\/frauenberatungsstelle-leverkusen.de\/languages\/fr\/wp-json\/wp\/v2\/pages\/5283\/revisions"}],"wp:attachment":[{"href":"https:\/\/frauenberatungsstelle-leverkusen.de\/languages\/fr\/wp-json\/wp\/v2\/media?parent=5283"}],"curies":[{"name":"wp","href":"https:\/\/api.w.org\/{rel}","templated":true}]}}