{"id":5297,"date":"2023-11-16T11:01:33","date_gmt":"2023-11-16T10:01:33","guid":{"rendered":"https:\/\/frauenberatungsstelle-leverkusen.de\/languages\/beratung-von-frauen-in-der-frauenberatungsstelle-leverkusen\/"},"modified":"2024-10-31T17:50:58","modified_gmt":"2024-10-31T16:50:58","slug":"consejos-para-mujeres","status":"publish","type":"page","link":"https:\/\/frauenberatungsstelle-leverkusen.de\/languages\/es\/consejos-para-mujeres\/","title":{"rendered":"Beratung von Frauen in der Frauenberatungsstelle Leverkusen e.V."},"content":{"rendered":"<p><div class=\"fusion-fullwidth fullwidth-box fusion-builder-row-1 fusion-flex-container has-pattern-background has-mask-background avs-h1-header nonhundred-percent-fullwidth non-hundred-percent-height-scrolling\" style=\"--awb-border-radius-top-left:0px;--awb-border-radius-top-right:0px;--awb-border-radius-bottom-right:0px;--awb-border-radius-bottom-left:0px;--awb-flex-wrap:wrap;\" ><div class=\"fusion-builder-row fusion-row fusion-flex-align-items-center fusion-flex-content-wrap\" style=\"max-width:1216.8px;margin-left: calc(-4% \/ 2 );margin-right: calc(-4% \/ 2 );\"><div class=\"fusion-layout-column fusion_builder_column fusion-builder-column-0 fusion_builder_column_1_5 1_5 fusion-flex-column fusion-animated\" style=\"--awb-bg-size:cover;--awb-width-large:20%;--awb-margin-top-large:0px;--awb-spacing-right-large:9.6%;--awb-margin-bottom-large:0px;--awb-spacing-left-large:9.6%;--awb-width-medium:100%;--awb-order-medium:0;--awb-spacing-right-medium:1.92%;--awb-spacing-left-medium:1.92%;--awb-width-small:100%;--awb-order-small:0;--awb-spacing-right-small:1.92%;--awb-spacing-left-small:1.92%;\" data-animationType=\"fadeInLeft\" data-animationDuration=\"1.0\" data-animationOffset=\"top-into-view\" data-scroll-devices=\"small-visibility,medium-visibility,large-visibility\"><div class=\"fusion-column-wrapper fusion-column-has-shadow fusion-flex-justify-content-flex-start fusion-content-layout-column\"><div class=\"fusion-image-element md-text-align-center sm-text-align-center\" style=\"text-align:left;--awb-max-width:200px;--awb-caption-title-font-family:var(--h2_typography-font-family);--awb-caption-title-font-weight:var(--h2_typography-font-weight);--awb-caption-title-font-style:var(--h2_typography-font-style);--awb-caption-title-size:var(--h2_typography-font-size);--awb-caption-title-transform:var(--h2_typography-text-transform);--awb-caption-title-line-height:var(--h2_typography-line-height);--awb-caption-title-letter-spacing:var(--h2_typography-letter-spacing);\"><span class=\" fusion-imageframe imageframe-none imageframe-1 hover-type-none\"><img decoding=\"async\" width=\"500\" height=\"500\" title=\"Beratung in der Frauenberatungsstelle Leverkusen\" src=\"https:\/\/frauenberatungsstelle-leverkusen.de\/languages\/wp-content\/uploads\/icon-angebot-beratung-in-der-frauenberatungsstelle.png\" alt class=\"img-responsive wp-image-4947\" srcset=\"https:\/\/frauenberatungsstelle-leverkusen.de\/languages\/wp-content\/uploads\/icon-angebot-beratung-in-der-frauenberatungsstelle-200x200.png 200w, https:\/\/frauenberatungsstelle-leverkusen.de\/languages\/wp-content\/uploads\/icon-angebot-beratung-in-der-frauenberatungsstelle-400x400.png 400w, https:\/\/frauenberatungsstelle-leverkusen.de\/languages\/wp-content\/uploads\/icon-angebot-beratung-in-der-frauenberatungsstelle.png 500w\" sizes=\"(max-width: 1024px) 100vw, (max-width: 640px) 100vw, 200px\" \/><\/span><\/div><\/div><\/div><div class=\"fusion-layout-column fusion_builder_column fusion-builder-column-1 fusion_builder_column_4_5 4_5 fusion-flex-column fusion-animated\" style=\"--awb-bg-size:cover;--awb-width-large:80%;--awb-margin-top-large:0px;--awb-spacing-right-large:2.4%;--awb-margin-bottom-large:0px;--awb-spacing-left-large:2.4%;--awb-width-medium:100%;--awb-order-medium:0;--awb-spacing-right-medium:1.92%;--awb-spacing-left-medium:1.92%;--awb-width-small:100%;--awb-order-small:0;--awb-spacing-right-small:1.92%;--awb-spacing-left-small:1.92%;\" data-animationType=\"fadeInLeft\" data-animationDuration=\"1.0\" data-animationOffset=\"top-into-view\" data-scroll-devices=\"small-visibility,medium-visibility,large-visibility\"><div class=\"fusion-column-wrapper fusion-column-has-shadow fusion-flex-justify-content-flex-start fusion-content-layout-column\"><div class=\"fusion-text fusion-text-1 md-text-align-center sm-text-align-center\"><h1>Asesoramiento<br \/>\nen el centro de asesoramiento para mujeres Leverkusen e.V.<\/h1>\n<\/div><\/div><\/div><\/div><\/div><div class=\"fusion-fullwidth fullwidth-box fusion-builder-row-2 fusion-flex-container has-pattern-background has-mask-background nonhundred-percent-fullwidth non-hundred-percent-height-scrolling\" style=\"--awb-border-radius-top-left:0px;--awb-border-radius-top-right:0px;--awb-border-radius-bottom-right:0px;--awb-border-radius-bottom-left:0px;--awb-margin-top:50px;--awb-flex-wrap:wrap;\" ><div class=\"fusion-builder-row fusion-row fusion-flex-align-items-flex-start fusion-flex-content-wrap\" style=\"max-width:1216.8px;margin-left: calc(-4% \/ 2 );margin-right: calc(-4% \/ 2 );\"><div class=\"fusion-layout-column fusion_builder_column fusion-builder-column-2 fusion_builder_column_1_1 1_1 fusion-flex-column fusion-animated\" style=\"--awb-bg-size:cover;--awb-width-large:100%;--awb-margin-top-large:0px;--awb-spacing-right-large:1.92%;--awb-margin-bottom-large:0px;--awb-spacing-left-large:1.92%;--awb-width-medium:100%;--awb-order-medium:0;--awb-spacing-right-medium:1.92%;--awb-spacing-left-medium:1.92%;--awb-width-small:100%;--awb-order-small:0;--awb-spacing-right-small:1.92%;--awb-spacing-left-small:1.92%;\" data-animationType=\"fadeInDown\" data-animationDuration=\"1.0\" data-animationOffset=\"top-into-view\" data-scroll-devices=\"small-visibility,medium-visibility,large-visibility\"><div class=\"fusion-column-wrapper fusion-column-has-shadow fusion-flex-justify-content-flex-start fusion-content-layout-column\"><div class=\"fusion-text fusion-text-2\"><h2>P\u00d3NGASE EN CONTACTO CON NOSOTROS SI:<\/h2>\n<ul>\n<li>Ha sufrido <strong>violencia de g\u00e9nero<\/strong> de cualquier tipo y desea protegerse de una nueva situaci\u00f3n de violencia.<\/li>\n<li>Se encuentra en una <strong>situaci\u00f3n de crisis<\/strong> o se enfrenta a una decisi\u00f3n dif\u00edcil.<\/li>\n<li>Necesita apoyo en un proceso de <strong>separaci\u00f3n o divorcio<\/strong>.<\/li>\n<li>Tiene <strong>problemas laborales<\/strong>.<\/li>\n<li>Desea emprender nuevos proyectos y adquirir nuevas perspectivas.<\/li>\n<li>Desea <strong>conocer mujeres en una situaci\u00f3n similar a la suya<\/strong>.<\/li>\n<li>Desea obtener informaci\u00f3n acerca de <strong>temas espec\u00edficos que afectan a la mujer<\/strong>.<\/li>\n<\/ul>\n<\/div><\/div><\/div><div class=\"fusion-layout-column fusion_builder_column fusion-builder-column-3 fusion_builder_column_1_1 1_1 fusion-flex-column fusion-animated\" style=\"--awb-bg-size:cover;--awb-width-large:100%;--awb-margin-top-large:4em;--awb-spacing-right-large:1.92%;--awb-margin-bottom-large:0px;--awb-spacing-left-large:1.92%;--awb-width-medium:100%;--awb-order-medium:0;--awb-spacing-right-medium:1.92%;--awb-spacing-left-medium:1.92%;--awb-width-small:100%;--awb-order-small:0;--awb-spacing-right-small:1.92%;--awb-spacing-left-small:1.92%;\" data-animationType=\"fadeInDown\" data-animationDuration=\"1.0\" data-animationOffset=\"top-into-view\" data-scroll-devices=\"small-visibility,medium-visibility,large-visibility\"><div class=\"fusion-column-wrapper fusion-column-has-shadow fusion-flex-justify-content-flex-start fusion-content-layout-column\"><div class=\"fusion-text fusion-text-3\"><h2>QU\u00c9 OFRECEMOS:<\/h2>\n<ul>\n<li>Asesoramiento sobre violencia de g\u00e9nero<\/li>\n<li>Consultas telef\u00f3nicas y presenciales<\/li>\n<li>Consultas puntuales y series de consultas<\/li>\n<li>Grupos de discusi\u00f3n guiados para mujeres en situaciones de crisis<\/li>\n<li>Veladas informativas acerca de los aspectos legales de la separaci\u00f3n y el divorcio con ponentes especializadas<\/li>\n<li>M\u00e1s informaci\u00f3n acerca de eventos y formaci\u00f3n sobre diferentes temas con ponentes especializadas<\/li>\n<\/ul>\n<\/div><\/div><\/div><div class=\"fusion-layout-column fusion_builder_column fusion-builder-column-4 fusion_builder_column_1_1 1_1 fusion-flex-column fusion-animated\" style=\"--awb-bg-size:cover;--awb-width-large:100%;--awb-margin-top-large:4em;--awb-spacing-right-large:1.92%;--awb-margin-bottom-large:0px;--awb-spacing-left-large:1.92%;--awb-width-medium:100%;--awb-order-medium:0;--awb-spacing-right-medium:1.92%;--awb-spacing-left-medium:1.92%;--awb-width-small:100%;--awb-order-small:0;--awb-spacing-right-small:1.92%;--awb-spacing-left-small:1.92%;\" data-animationType=\"fadeInDown\" data-animationDuration=\"1.0\" data-animationOffset=\"top-into-view\" data-scroll-devices=\"small-visibility,medium-visibility,large-visibility\"><div class=\"fusion-column-wrapper fusion-column-has-shadow fusion-flex-justify-content-flex-start fusion-content-layout-column\"><div class=\"fusion-text fusion-text-4\"><h2>NUESTRO ASESORAMIENTO ES:<\/h2>\n<ul>\n<li>An\u00f3nimo, si as\u00ed se desea<\/li>\n<li>Confidencial<\/li>\n<li>Voluntario<\/li>\n<li>De calidad<\/li>\n<li>Orientado a encontrar soluciones y recursos<\/li>\n<li>Gratuito<\/li>\n<\/ul>\n<\/div><\/div><\/div><div class=\"fusion-layout-column fusion_builder_column fusion-builder-column-5 fusion_builder_column_1_1 1_1 fusion-flex-column fusion-animated\" style=\"--awb-bg-size:cover;--awb-width-large:100%;--awb-margin-top-large:4em;--awb-spacing-right-large:1.92%;--awb-margin-bottom-large:0px;--awb-spacing-left-large:1.92%;--awb-width-medium:100%;--awb-order-medium:0;--awb-spacing-right-medium:1.92%;--awb-spacing-left-medium:1.92%;--awb-width-small:100%;--awb-order-small:0;--awb-spacing-right-small:1.92%;--awb-spacing-left-small:1.92%;\" data-animationType=\"fadeInDown\" data-animationDuration=\"1.0\" data-animationOffset=\"top-into-view\" data-scroll-devices=\"small-visibility,medium-visibility,large-visibility\"><div class=\"fusion-column-wrapper fusion-column-has-shadow fusion-flex-justify-content-flex-start fusion-content-layout-column\"><div class=\"fusion-text fusion-text-5\"><h2>CITAS PARA CONSULTA<\/h2>\n<h3>Consulta puntual <strong>sin<\/strong> cita previa<\/h3>\n<p>Puede ponerse en contacto con nosotros <strong>sin<\/strong> cita previa en persona y por tel\u00e9fono durante el horario de consulta:<\/p>\n<p>Martes:\u00a0\u00a0\u00a0\u00a0\u00a0\u00a0\u00a0\u00a0\u00a0\u00a0\u00a0\u00a0 15:00-17:00<\/p>\n<p>Mi\u00e9rcoles: \u00a0\u00a0 \u00a0\u00a0\u00a0 08:00-10:00<\/p>\n<p>Jueves:\u00a0\u00a0 \u00a0\u00a0\u00a0 \u00a0 \u00a0 \u00a0\u00a0 10:00-12:00<\/p>\n<p>En este horario, tambi\u00e9n estaremos disponibles para una <strong>breve<\/strong> consulta telef\u00f3nica o presencial.<\/p>\n<\/div><div class=\"fusion-text fusion-text-6\"><h3>Consulta puntual <strong>con<\/strong> cita previa<\/h3>\n<p>Podemos atenderle en una <strong>cita individual<\/strong> de lunes a viernes si concierta una cita previamente.<\/p>\n<p>Para las primeras consultas, la cita dura una hora. De existir una mayor necesidad, concertar\u00edamos citas de seguimiento (generalmente m\u00e1x. 10\u00a0citas). Nuestro asesoramiento no es sustitutivo de la terapia, aunque en ocasiones puede constituir una soluci\u00f3n provisional si est\u00e1 a la espera de terapia, por ejemplo.<\/p>\n<\/div><\/div><\/div><div class=\"fusion-layout-column fusion_builder_column fusion-builder-column-6 fusion_builder_column_1_1 1_1 fusion-flex-column fusion-animated\" style=\"--awb-bg-size:cover;--awb-width-large:100%;--awb-margin-top-large:4em;--awb-spacing-right-large:1.92%;--awb-margin-bottom-large:0px;--awb-spacing-left-large:1.92%;--awb-width-medium:100%;--awb-order-medium:0;--awb-spacing-right-medium:1.92%;--awb-spacing-left-medium:1.92%;--awb-width-small:100%;--awb-order-small:0;--awb-spacing-right-small:1.92%;--awb-spacing-left-small:1.92%;\" data-animationType=\"fadeInDown\" data-animationDuration=\"1.0\" data-animationOffset=\"top-into-view\" data-scroll-devices=\"small-visibility,medium-visibility,large-visibility\"><div class=\"fusion-column-wrapper fusion-column-has-shadow fusion-flex-justify-content-flex-start fusion-content-layout-column\"><div class=\"fusion-text fusion-text-7\"><h2>NUESTRO ASESORAMIENTO INCLUYE:<\/h2>\n<ul>\n<li>Asesoramiento psicosocial<\/li>\n<li>Informaci\u00f3n sobre posibilidades legales en caso de violencia de g\u00e9nero o separaci\u00f3n y divorcio<\/li>\n<li>Mediaci\u00f3n y colaboraci\u00f3n con otros centros de asesoramiento, centros de acogida para mujeres, polic\u00eda, terapeutas, m\u00e9dicos, cl\u00ednicas, grupos de autoayuda y abogados<\/li>\n<\/ul>\n<\/div><\/div><\/div><\/div><\/div><\/p>\n","protected":false},"excerpt":{"rendered":"","protected":false},"author":6,"featured_media":0,"parent":0,"menu_order":2,"comment_status":"closed","ping_status":"closed","template":"100-width.php","meta":{"footnotes":""},"class_list":["post-5297","page","type-page","status-publish","hentry"],"yoast_head":"<!-- This site is optimized with the Yoast SEO plugin v27.2 - https:\/\/yoast.com\/product\/yoast-seo-wordpress\/ -->\n<title>Asesoramiento para mujeres en el centro de asesoramiento para mujeres Leverkusen e.V.<\/title>\n<meta name=\"description\" content=\"Asesoramiento para mujeres en el centro de asesoramiento para mujeres Leverkusen e.V.\" \/>\n<meta name=\"robots\" content=\"index, follow, max-snippet:-1, max-image-preview:large, max-video-preview:-1\" \/>\n<link rel=\"canonical\" href=\"https:\/\/frauenberatungsstelle-leverkusen.de\/languages\/es\/consejos-para-mujeres\/\" \/>\n<meta property=\"og:locale\" content=\"es_ES\" \/>\n<meta property=\"og:type\" content=\"article\" \/>\n<meta property=\"og:title\" content=\"Asesoramiento para mujeres en el centro de asesoramiento para mujeres Leverkusen e.V.\" \/>\n<meta property=\"og:description\" content=\"Asesoramiento para mujeres en el centro de asesoramiento para mujeres Leverkusen e.V.\" \/>\n<meta property=\"og:url\" content=\"https:\/\/frauenberatungsstelle-leverkusen.de\/languages\/es\/consejos-para-mujeres\/\" \/>\n<meta property=\"og:site_name\" content=\"Frauenberatungsstelle Leverkusen e.V.\" \/>\n<meta property=\"article:modified_time\" content=\"2024-10-31T16:50:58+00:00\" \/>\n<meta name=\"twitter:card\" content=\"summary_large_image\" \/>\n<meta name=\"twitter:label1\" content=\"Tiempo de lectura\" \/>\n\t<meta name=\"twitter:data1\" content=\"2 minutos\" \/>\n<script type=\"application\/ld+json\" class=\"yoast-schema-graph\">{\"@context\":\"https:\/\/schema.org\",\"@graph\":[{\"@type\":\"WebPage\",\"@id\":\"https:\/\/frauenberatungsstelle-leverkusen.de\/languages\/es\/consejos-para-mujeres\/\",\"url\":\"https:\/\/frauenberatungsstelle-leverkusen.de\/languages\/es\/consejos-para-mujeres\/\",\"name\":\"Asesoramiento para mujeres en el centro de asesoramiento para mujeres Leverkusen e.V.\",\"isPartOf\":{\"@id\":\"https:\/\/frauenberatungsstelle-leverkusen.de\/languages\/es\/#website\"},\"datePublished\":\"2023-11-16T10:01:33+00:00\",\"dateModified\":\"2024-10-31T16:50:58+00:00\",\"description\":\"Asesoramiento para mujeres en el centro de asesoramiento para mujeres Leverkusen e.V.\",\"breadcrumb\":{\"@id\":\"https:\/\/frauenberatungsstelle-leverkusen.de\/languages\/es\/consejos-para-mujeres\/#breadcrumb\"},\"inLanguage\":\"es\",\"potentialAction\":[{\"@type\":\"ReadAction\",\"target\":[\"https:\/\/frauenberatungsstelle-leverkusen.de\/languages\/es\/consejos-para-mujeres\/\"]}]},{\"@type\":\"BreadcrumbList\",\"@id\":\"https:\/\/frauenberatungsstelle-leverkusen.de\/languages\/es\/consejos-para-mujeres\/#breadcrumb\",\"itemListElement\":[{\"@type\":\"ListItem\",\"position\":1,\"name\":\"Home\",\"item\":\"https:\/\/frauenberatungsstelle-leverkusen.de\/languages\/es\/\"},{\"@type\":\"ListItem\",\"position\":2,\"name\":\"Beratung von Frauen in der Frauenberatungsstelle Leverkusen e.V.\"}]},{\"@type\":\"WebSite\",\"@id\":\"https:\/\/frauenberatungsstelle-leverkusen.de\/languages\/es\/#website\",\"url\":\"https:\/\/frauenberatungsstelle-leverkusen.de\/languages\/es\/\",\"name\":\"Frauenberatungsstelle Leverkusen e.V.\",\"description\":\"\",\"potentialAction\":[{\"@type\":\"SearchAction\",\"target\":{\"@type\":\"EntryPoint\",\"urlTemplate\":\"https:\/\/frauenberatungsstelle-leverkusen.de\/languages\/es\/?s={search_term_string}\"},\"query-input\":{\"@type\":\"PropertyValueSpecification\",\"valueRequired\":true,\"valueName\":\"search_term_string\"}}],\"inLanguage\":\"es\"}]}<\/script>\n<!-- \/ Yoast SEO plugin. -->","yoast_head_json":{"title":"Asesoramiento para mujeres en el centro de asesoramiento para mujeres Leverkusen e.V.","description":"Asesoramiento para mujeres en el centro de asesoramiento para mujeres Leverkusen e.V.","robots":{"index":"index","follow":"follow","max-snippet":"max-snippet:-1","max-image-preview":"max-image-preview:large","max-video-preview":"max-video-preview:-1"},"canonical":"https:\/\/frauenberatungsstelle-leverkusen.de\/languages\/es\/consejos-para-mujeres\/","og_locale":"es_ES","og_type":"article","og_title":"Asesoramiento para mujeres en el centro de asesoramiento para mujeres Leverkusen e.V.","og_description":"Asesoramiento para mujeres en el centro de asesoramiento para mujeres Leverkusen e.V.","og_url":"https:\/\/frauenberatungsstelle-leverkusen.de\/languages\/es\/consejos-para-mujeres\/","og_site_name":"Frauenberatungsstelle Leverkusen e.V.","article_modified_time":"2024-10-31T16:50:58+00:00","twitter_card":"summary_large_image","twitter_misc":{"Tiempo de lectura":"2 minutos"},"schema":{"@context":"https:\/\/schema.org","@graph":[{"@type":"WebPage","@id":"https:\/\/frauenberatungsstelle-leverkusen.de\/languages\/es\/consejos-para-mujeres\/","url":"https:\/\/frauenberatungsstelle-leverkusen.de\/languages\/es\/consejos-para-mujeres\/","name":"Asesoramiento para mujeres en el centro de asesoramiento para mujeres Leverkusen e.V.","isPartOf":{"@id":"https:\/\/frauenberatungsstelle-leverkusen.de\/languages\/es\/#website"},"datePublished":"2023-11-16T10:01:33+00:00","dateModified":"2024-10-31T16:50:58+00:00","description":"Asesoramiento para mujeres en el centro de asesoramiento para mujeres Leverkusen e.V.","breadcrumb":{"@id":"https:\/\/frauenberatungsstelle-leverkusen.de\/languages\/es\/consejos-para-mujeres\/#breadcrumb"},"inLanguage":"es","potentialAction":[{"@type":"ReadAction","target":["https:\/\/frauenberatungsstelle-leverkusen.de\/languages\/es\/consejos-para-mujeres\/"]}]},{"@type":"BreadcrumbList","@id":"https:\/\/frauenberatungsstelle-leverkusen.de\/languages\/es\/consejos-para-mujeres\/#breadcrumb","itemListElement":[{"@type":"ListItem","position":1,"name":"Home","item":"https:\/\/frauenberatungsstelle-leverkusen.de\/languages\/es\/"},{"@type":"ListItem","position":2,"name":"Beratung von Frauen in der Frauenberatungsstelle Leverkusen e.V."}]},{"@type":"WebSite","@id":"https:\/\/frauenberatungsstelle-leverkusen.de\/languages\/es\/#website","url":"https:\/\/frauenberatungsstelle-leverkusen.de\/languages\/es\/","name":"Frauenberatungsstelle Leverkusen e.V.","description":"","potentialAction":[{"@type":"SearchAction","target":{"@type":"EntryPoint","urlTemplate":"https:\/\/frauenberatungsstelle-leverkusen.de\/languages\/es\/?s={search_term_string}"},"query-input":{"@type":"PropertyValueSpecification","valueRequired":true,"valueName":"search_term_string"}}],"inLanguage":"es"}]}},"_links":{"self":[{"href":"https:\/\/frauenberatungsstelle-leverkusen.de\/languages\/es\/wp-json\/wp\/v2\/pages\/5297","targetHints":{"allow":["GET"]}}],"collection":[{"href":"https:\/\/frauenberatungsstelle-leverkusen.de\/languages\/es\/wp-json\/wp\/v2\/pages"}],"about":[{"href":"https:\/\/frauenberatungsstelle-leverkusen.de\/languages\/es\/wp-json\/wp\/v2\/types\/page"}],"author":[{"embeddable":true,"href":"https:\/\/frauenberatungsstelle-leverkusen.de\/languages\/es\/wp-json\/wp\/v2\/users\/6"}],"replies":[{"embeddable":true,"href":"https:\/\/frauenberatungsstelle-leverkusen.de\/languages\/es\/wp-json\/wp\/v2\/comments?post=5297"}],"version-history":[{"count":0,"href":"https:\/\/frauenberatungsstelle-leverkusen.de\/languages\/es\/wp-json\/wp\/v2\/pages\/5297\/revisions"}],"wp:attachment":[{"href":"https:\/\/frauenberatungsstelle-leverkusen.de\/languages\/es\/wp-json\/wp\/v2\/media?parent=5297"}],"curies":[{"name":"wp","href":"https:\/\/api.w.org\/{rel}","templated":true}]}}