{"id":5287,"date":"2023-11-16T12:37:58","date_gmt":"2023-11-16T11:37:58","guid":{"rendered":"https:\/\/frauenberatungsstelle-leverkusen.de\/languages\/haeusliche-gewalt\/"},"modified":"2024-10-31T17:34:36","modified_gmt":"2024-10-31T16:34:36","slug":"violencia-domestic","status":"publish","type":"page","link":"https:\/\/frauenberatungsstelle-leverkusen.de\/languages\/es\/violencia-domestic\/","title":{"rendered":"H\u00e4usliche Gewalt &#8211; Was ist Gewalt?"},"content":{"rendered":"<p><div class=\"fusion-fullwidth fullwidth-box fusion-builder-row-1 fusion-flex-container has-pattern-background has-mask-background avs-h1-header nonhundred-percent-fullwidth non-hundred-percent-height-scrolling\" style=\"--awb-border-radius-top-left:0px;--awb-border-radius-top-right:0px;--awb-border-radius-bottom-right:0px;--awb-border-radius-bottom-left:0px;--awb-flex-wrap:wrap;\" ><div class=\"fusion-builder-row fusion-row fusion-flex-align-items-center fusion-flex-content-wrap\" style=\"max-width:1216.8px;margin-left: calc(-4% \/ 2 );margin-right: calc(-4% \/ 2 );\"><div class=\"fusion-layout-column fusion_builder_column fusion-builder-column-0 fusion_builder_column_1_5 1_5 fusion-flex-column fusion-animated\" style=\"--awb-bg-size:cover;--awb-width-large:20%;--awb-margin-top-large:0px;--awb-spacing-right-large:9.6%;--awb-margin-bottom-large:0px;--awb-spacing-left-large:9.6%;--awb-width-medium:100%;--awb-order-medium:0;--awb-spacing-right-medium:1.92%;--awb-spacing-left-medium:1.92%;--awb-width-small:100%;--awb-order-small:0;--awb-spacing-right-small:1.92%;--awb-spacing-left-small:1.92%;\" data-animationType=\"fadeInLeft\" data-animationDuration=\"1.0\" data-animationOffset=\"top-into-view\" data-scroll-devices=\"small-visibility,medium-visibility,large-visibility\"><div class=\"fusion-column-wrapper fusion-column-has-shadow fusion-flex-justify-content-flex-start fusion-content-layout-column\"><div class=\"fusion-image-element md-text-align-center sm-text-align-center\" style=\"text-align:left;--awb-max-width:200px;--awb-caption-title-font-family:var(--h2_typography-font-family);--awb-caption-title-font-weight:var(--h2_typography-font-weight);--awb-caption-title-font-style:var(--h2_typography-font-style);--awb-caption-title-size:var(--h2_typography-font-size);--awb-caption-title-transform:var(--h2_typography-text-transform);--awb-caption-title-line-height:var(--h2_typography-line-height);--awb-caption-title-letter-spacing:var(--h2_typography-letter-spacing);\"><span class=\" fusion-imageframe imageframe-none imageframe-1 hover-type-none\"><img decoding=\"async\" width=\"500\" height=\"500\" title=\"Was ist Gewalt?\" src=\"https:\/\/frauenberatungsstelle-leverkusen.de\/languages\/wp-content\/uploads\/icon-gewalt-was-ist-gewalt.png\" alt class=\"img-responsive wp-image-4987\" srcset=\"https:\/\/frauenberatungsstelle-leverkusen.de\/languages\/wp-content\/uploads\/icon-gewalt-was-ist-gewalt-200x200.png 200w, https:\/\/frauenberatungsstelle-leverkusen.de\/languages\/wp-content\/uploads\/icon-gewalt-was-ist-gewalt-400x400.png 400w, https:\/\/frauenberatungsstelle-leverkusen.de\/languages\/wp-content\/uploads\/icon-gewalt-was-ist-gewalt.png 500w\" sizes=\"(max-width: 1024px) 100vw, (max-width: 640px) 100vw, 200px\" \/><\/span><\/div><\/div><\/div><div class=\"fusion-layout-column fusion_builder_column fusion-builder-column-1 fusion_builder_column_4_5 4_5 fusion-flex-column fusion-animated\" style=\"--awb-bg-size:cover;--awb-width-large:80%;--awb-margin-top-large:0px;--awb-spacing-right-large:2.4%;--awb-margin-bottom-large:0px;--awb-spacing-left-large:2.4%;--awb-width-medium:100%;--awb-order-medium:0;--awb-spacing-right-medium:1.92%;--awb-spacing-left-medium:1.92%;--awb-width-small:100%;--awb-order-small:0;--awb-spacing-right-small:1.92%;--awb-spacing-left-small:1.92%;\" data-animationType=\"fadeInLeft\" data-animationDuration=\"1.0\" data-animationOffset=\"top-into-view\" data-scroll-devices=\"small-visibility,medium-visibility,large-visibility\"><div class=\"fusion-column-wrapper fusion-column-has-shadow fusion-flex-justify-content-flex-start fusion-content-layout-column\"><div class=\"fusion-text fusion-text-1 md-text-align-center sm-text-align-center\"><h1>\u00bfQu\u00e9 es la violencia?<\/h1>\n<\/div><\/div><\/div><\/div><\/div><div class=\"fusion-fullwidth fullwidth-box fusion-builder-row-2 nonhundred-percent-fullwidth non-hundred-percent-height-scrolling fusion-animated\" style=\"--awb-border-radius-top-left:0px;--awb-border-radius-top-right:0px;--awb-border-radius-bottom-right:0px;--awb-border-radius-bottom-left:0px;--awb-margin-top:50px;--awb-flex-wrap:wrap;\" data-animationType=\"fadeIn\" data-animationDuration=\"3.5\" data-animationOffset=\"top-into-view\" ><div class=\"fusion-builder-row fusion-row\"><div class=\"fusion-layout-column fusion_builder_column fusion-builder-column-2 fusion_builder_column_1_1 1_1 fusion-one-full fusion-column-first fusion-column-last\" style=\"--awb-bg-blend:overlay;--awb-bg-size:cover;\"><div class=\"fusion-column-wrapper fusion-flex-column-wrapper-legacy\"><div class=\"fusion-text fusion-text-2\" style=\"--awb-margin-top:2em;\"><p><strong>La violencia<\/strong> tiene muchas caras y est\u00e1 en todas partes. En el hogar, en el trabajo, en los espacios p\u00fablicos y en el mundo digital.<\/p>\n<p><strong>La violencia<\/strong> no son solo los golpes. Las amenazas, los insultos, las vejaciones y el control, as\u00ed como el acoso, tambi\u00e9n son violencia.<\/p>\n<p><strong>La violencia de g\u00e9nero<\/strong> se presenta de muchas maneras. Incluye todos los actos de violencia f\u00edsica, sexual, mental o econ\u00f3mica cometidos por el compa\u00f1ero, la compa\u00f1era o cualquier otro miembro de la familia. Ocurre en todas las clases sociales y puede afectar a personas de todas las edades: en casa, en p\u00fablico, en el trabajo o en Internet. El objetivo de quien la practica siempre es ejercer poder y control sobre la v\u00edctima.<\/p>\n<p><strong>La violencia contra las mujeres<\/strong> siempre afecta a los ni\u00f1os que viven en casa.<\/p>\n<\/div><div class=\"fusion-clearfix\"><\/div><\/div><\/div><\/div><\/div><\/p>\n","protected":false},"excerpt":{"rendered":"","protected":false},"author":6,"featured_media":0,"parent":0,"menu_order":4,"comment_status":"closed","ping_status":"closed","template":"","meta":{"footnotes":""},"class_list":["post-5287","page","type-page","status-publish","hentry"],"yoast_head":"<!-- This site is optimized with the Yoast SEO plugin v27.2 - https:\/\/yoast.com\/product\/yoast-seo-wordpress\/ -->\n<title>Violencia Dom\u00e9stica - \u00bfQu\u00e9 es la violencia?<\/title>\n<meta name=\"description\" content=\"Violencia Dom\u00e9stica - \u00bfQu\u00e9 es la violencia? Hay diferentes formas de violencia que se presentan con m\u00e1s detalle aqu\u00ed.\" \/>\n<meta name=\"robots\" content=\"index, follow, max-snippet:-1, max-image-preview:large, max-video-preview:-1\" \/>\n<link rel=\"canonical\" href=\"https:\/\/frauenberatungsstelle-leverkusen.de\/languages\/es\/violencia-domestic\/\" \/>\n<meta property=\"og:locale\" content=\"es_ES\" \/>\n<meta property=\"og:type\" content=\"article\" \/>\n<meta property=\"og:title\" content=\"Violencia Dom\u00e9stica - \u00bfQu\u00e9 es la violencia?\" \/>\n<meta property=\"og:description\" content=\"Violencia Dom\u00e9stica - \u00bfQu\u00e9 es la violencia? Hay diferentes formas de violencia que se presentan con m\u00e1s detalle aqu\u00ed.\" \/>\n<meta property=\"og:url\" content=\"https:\/\/frauenberatungsstelle-leverkusen.de\/languages\/es\/violencia-domestic\/\" \/>\n<meta property=\"og:site_name\" content=\"Frauenberatungsstelle Leverkusen e.V.\" \/>\n<meta property=\"article:modified_time\" content=\"2024-10-31T16:34:36+00:00\" \/>\n<meta name=\"twitter:card\" content=\"summary_large_image\" \/>\n<meta name=\"twitter:label1\" content=\"Tiempo de lectura\" \/>\n\t<meta name=\"twitter:data1\" content=\"1 minuto\" \/>\n<script type=\"application\/ld+json\" class=\"yoast-schema-graph\">{\"@context\":\"https:\/\/schema.org\",\"@graph\":[{\"@type\":\"WebPage\",\"@id\":\"https:\/\/frauenberatungsstelle-leverkusen.de\/languages\/es\/violencia-domestic\/\",\"url\":\"https:\/\/frauenberatungsstelle-leverkusen.de\/languages\/es\/violencia-domestic\/\",\"name\":\"Violencia Dom\u00e9stica - \u00bfQu\u00e9 es la violencia?\",\"isPartOf\":{\"@id\":\"https:\/\/frauenberatungsstelle-leverkusen.de\/languages\/es\/#website\"},\"datePublished\":\"2023-11-16T11:37:58+00:00\",\"dateModified\":\"2024-10-31T16:34:36+00:00\",\"description\":\"Violencia Dom\u00e9stica - \u00bfQu\u00e9 es la violencia? Hay diferentes formas de violencia que se presentan con m\u00e1s detalle aqu\u00ed.\",\"breadcrumb\":{\"@id\":\"https:\/\/frauenberatungsstelle-leverkusen.de\/languages\/es\/violencia-domestic\/#breadcrumb\"},\"inLanguage\":\"es\",\"potentialAction\":[{\"@type\":\"ReadAction\",\"target\":[\"https:\/\/frauenberatungsstelle-leverkusen.de\/languages\/es\/violencia-domestic\/\"]}]},{\"@type\":\"BreadcrumbList\",\"@id\":\"https:\/\/frauenberatungsstelle-leverkusen.de\/languages\/es\/violencia-domestic\/#breadcrumb\",\"itemListElement\":[{\"@type\":\"ListItem\",\"position\":1,\"name\":\"Home\",\"item\":\"https:\/\/frauenberatungsstelle-leverkusen.de\/languages\/es\/\"},{\"@type\":\"ListItem\",\"position\":2,\"name\":\"H\u00e4usliche Gewalt &#8211; Was ist Gewalt?\"}]},{\"@type\":\"WebSite\",\"@id\":\"https:\/\/frauenberatungsstelle-leverkusen.de\/languages\/es\/#website\",\"url\":\"https:\/\/frauenberatungsstelle-leverkusen.de\/languages\/es\/\",\"name\":\"Frauenberatungsstelle Leverkusen e.V.\",\"description\":\"\",\"potentialAction\":[{\"@type\":\"SearchAction\",\"target\":{\"@type\":\"EntryPoint\",\"urlTemplate\":\"https:\/\/frauenberatungsstelle-leverkusen.de\/languages\/es\/?s={search_term_string}\"},\"query-input\":{\"@type\":\"PropertyValueSpecification\",\"valueRequired\":true,\"valueName\":\"search_term_string\"}}],\"inLanguage\":\"es\"}]}<\/script>\n<!-- \/ Yoast SEO plugin. -->","yoast_head_json":{"title":"Violencia Dom\u00e9stica - \u00bfQu\u00e9 es la violencia?","description":"Violencia Dom\u00e9stica - \u00bfQu\u00e9 es la violencia? Hay diferentes formas de violencia que se presentan con m\u00e1s detalle aqu\u00ed.","robots":{"index":"index","follow":"follow","max-snippet":"max-snippet:-1","max-image-preview":"max-image-preview:large","max-video-preview":"max-video-preview:-1"},"canonical":"https:\/\/frauenberatungsstelle-leverkusen.de\/languages\/es\/violencia-domestic\/","og_locale":"es_ES","og_type":"article","og_title":"Violencia Dom\u00e9stica - \u00bfQu\u00e9 es la violencia?","og_description":"Violencia Dom\u00e9stica - \u00bfQu\u00e9 es la violencia? Hay diferentes formas de violencia que se presentan con m\u00e1s detalle aqu\u00ed.","og_url":"https:\/\/frauenberatungsstelle-leverkusen.de\/languages\/es\/violencia-domestic\/","og_site_name":"Frauenberatungsstelle Leverkusen e.V.","article_modified_time":"2024-10-31T16:34:36+00:00","twitter_card":"summary_large_image","twitter_misc":{"Tiempo de lectura":"1 minuto"},"schema":{"@context":"https:\/\/schema.org","@graph":[{"@type":"WebPage","@id":"https:\/\/frauenberatungsstelle-leverkusen.de\/languages\/es\/violencia-domestic\/","url":"https:\/\/frauenberatungsstelle-leverkusen.de\/languages\/es\/violencia-domestic\/","name":"Violencia Dom\u00e9stica - \u00bfQu\u00e9 es la violencia?","isPartOf":{"@id":"https:\/\/frauenberatungsstelle-leverkusen.de\/languages\/es\/#website"},"datePublished":"2023-11-16T11:37:58+00:00","dateModified":"2024-10-31T16:34:36+00:00","description":"Violencia Dom\u00e9stica - \u00bfQu\u00e9 es la violencia? Hay diferentes formas de violencia que se presentan con m\u00e1s detalle aqu\u00ed.","breadcrumb":{"@id":"https:\/\/frauenberatungsstelle-leverkusen.de\/languages\/es\/violencia-domestic\/#breadcrumb"},"inLanguage":"es","potentialAction":[{"@type":"ReadAction","target":["https:\/\/frauenberatungsstelle-leverkusen.de\/languages\/es\/violencia-domestic\/"]}]},{"@type":"BreadcrumbList","@id":"https:\/\/frauenberatungsstelle-leverkusen.de\/languages\/es\/violencia-domestic\/#breadcrumb","itemListElement":[{"@type":"ListItem","position":1,"name":"Home","item":"https:\/\/frauenberatungsstelle-leverkusen.de\/languages\/es\/"},{"@type":"ListItem","position":2,"name":"H\u00e4usliche Gewalt &#8211; Was ist Gewalt?"}]},{"@type":"WebSite","@id":"https:\/\/frauenberatungsstelle-leverkusen.de\/languages\/es\/#website","url":"https:\/\/frauenberatungsstelle-leverkusen.de\/languages\/es\/","name":"Frauenberatungsstelle Leverkusen e.V.","description":"","potentialAction":[{"@type":"SearchAction","target":{"@type":"EntryPoint","urlTemplate":"https:\/\/frauenberatungsstelle-leverkusen.de\/languages\/es\/?s={search_term_string}"},"query-input":{"@type":"PropertyValueSpecification","valueRequired":true,"valueName":"search_term_string"}}],"inLanguage":"es"}]}},"_links":{"self":[{"href":"https:\/\/frauenberatungsstelle-leverkusen.de\/languages\/es\/wp-json\/wp\/v2\/pages\/5287","targetHints":{"allow":["GET"]}}],"collection":[{"href":"https:\/\/frauenberatungsstelle-leverkusen.de\/languages\/es\/wp-json\/wp\/v2\/pages"}],"about":[{"href":"https:\/\/frauenberatungsstelle-leverkusen.de\/languages\/es\/wp-json\/wp\/v2\/types\/page"}],"author":[{"embeddable":true,"href":"https:\/\/frauenberatungsstelle-leverkusen.de\/languages\/es\/wp-json\/wp\/v2\/users\/6"}],"replies":[{"embeddable":true,"href":"https:\/\/frauenberatungsstelle-leverkusen.de\/languages\/es\/wp-json\/wp\/v2\/comments?post=5287"}],"version-history":[{"count":0,"href":"https:\/\/frauenberatungsstelle-leverkusen.de\/languages\/es\/wp-json\/wp\/v2\/pages\/5287\/revisions"}],"wp:attachment":[{"href":"https:\/\/frauenberatungsstelle-leverkusen.de\/languages\/es\/wp-json\/wp\/v2\/media?parent=5287"}],"curies":[{"name":"wp","href":"https:\/\/api.w.org\/{rel}","templated":true}]}}